{"id":994,"date":"2023-05-23T11:43:51","date_gmt":"2023-05-23T11:43:51","guid":{"rendered":"https:\/\/digitaliskonyvtar.bbmk.hu\/kszrjatek\/?page_id=994"},"modified":"2024-04-16T09:35:39","modified_gmt":"2024-04-16T09:35:39","slug":"vidra-es-kankalin-2-kaland","status":"publish","type":"page","link":"https:\/\/digitaliskonyvtar.bbmk.hu\/kszrjatek\/index.php\/vidra-es-kankalin-2-kaland\/","title":{"rendered":"Vidra \u00e9s Kankalin &#8211; 2. kaland"},"content":{"rendered":"\n<div class=\"wp-block-media-text alignwide is-stacked-on-mobile\" style=\"grid-template-columns:38% auto\"><figure class=\"wp-block-media-text__media\"><img loading=\"lazy\" width=\"1024\" height=\"724\" src=\"https:\/\/digitaliskonyvtar.bbmk.hu\/kszrjatek\/wp-content\/uploads\/2023\/04\/vidra-es-kankalin-1024x724.jpg\" alt=\"\" class=\"wp-image-953 size-full\" srcset=\"https:\/\/digitaliskonyvtar.bbmk.hu\/kszrjatek\/wp-content\/uploads\/2023\/04\/vidra-es-kankalin-1024x724.jpg 1024w, https:\/\/digitaliskonyvtar.bbmk.hu\/kszrjatek\/wp-content\/uploads\/2023\/04\/vidra-es-kankalin-300x212.jpg 300w, https:\/\/digitaliskonyvtar.bbmk.hu\/kszrjatek\/wp-content\/uploads\/2023\/04\/vidra-es-kankalin-768x543.jpg 768w, https:\/\/digitaliskonyvtar.bbmk.hu\/kszrjatek\/wp-content\/uploads\/2023\/04\/vidra-es-kankalin-1536x1086.jpg 1536w, https:\/\/digitaliskonyvtar.bbmk.hu\/kszrjatek\/wp-content\/uploads\/2023\/04\/vidra-es-kankalin.jpg 2000w\" sizes=\"(max-width: 1024px) 100vw, 1024px\" \/><\/figure><div class=\"wp-block-media-text__content\">\n<p class=\"has-text-align-right\"><em>\u201e Nincs m\u00e9g egy szeglete a vil\u00e1gnak, ahol annyira nyilv\u00e1nval\u00f3 lenne, mint itt, a hegyes-v\u00f6lgyes n\u00f3gr\u00e1di t\u00e1jon, hogy f\u00f6ld\u00fcnk\u00f6n sz\u00e9tv\u00e1laszthatatlanul egybe\u00e9p\u00fclt a term\u00e9szet, az emberi munka \u00e9s a t\u00f6rt\u00e9nelem\u201d<\/em><br>R. V\u00e1rkonyi \u00c1gnes<\/p>\n<\/div><\/div>\n\n\n\n<p class=\"has-large-font-size\"><strong>2.\/A feladat<\/strong><\/p>\n\n\n\n<p><em>N\u00e9pi id\u0151j\u00f3sl\u00e1s<\/em><\/p>\n\n\n\n<p>H\u00fazd a n\u00e9pi mond\u00e1s szerint odaill\u0151 neveket a megfelel\u0151 helyekre!<\/p>\n\n\n\n<p class=\"has-small-font-size\"><em>(a csapatn\u00e9v megad\u00e1sa ut\u00e1n indul a j\u00e1t\u00e9k)<\/em><\/p>\n\n\n<div style=\"width: 100%;\">\n<div style=\"position: relative; padding-bottom: 56.25%; padding-top: 0; height: 0;\"><iframe loading=\"lazy\" style=\"position: absolute; top: 0; left: 0; width: 100%; height: 100%;\" title=\"Vidra \u00e9s Kankalin - 2\/A\" src=\"https:\/\/wordwall.net\/embed\/play\/56419\/846\/532\" scrolling=\"yes\" allowfullscreen=\"allowfullscreen\" width=\"1200\" height=\"675\" frameborder=\"0\"><\/iframe><\/div>\n<p><\/p>\n<\/div>\n\n\n<div style=\"height:50px\" aria-hidden=\"true\" class=\"wp-block-spacer\"><\/div>\n\n\n\n<p class=\"has-large-font-size\"><strong>2.\/B feladat<\/strong><\/p>\n\n\n\n<p>T\u00f6lts\u00e9tek ki a m\u00e9r\u00e9si napl\u00f3t!<\/p>\n\n\n\n<div class=\"wp-block-file\"><a id=\"wp-block-file--media-acaf9f23-8768-4140-8125-71238c1595b1\" href=\"https:\/\/digitaliskonyvtar.bbmk.hu\/kszrjatek\/wp-content\/uploads\/2023\/05\/Meresi-naplo-2.docx\">M\u00e9r\u00e9si napl\u00f3<\/a><a href=\"https:\/\/digitaliskonyvtar.bbmk.hu\/kszrjatek\/wp-content\/uploads\/2023\/05\/Meresi-naplo-2.docx\" class=\"wp-block-file__button\" download aria-describedby=\"wp-block-file--media-acaf9f23-8768-4140-8125-71238c1595b1\">Let\u00f6lt\u00e9s<\/a><\/div>\n\n\n\n<p>Egy h\u00e9ten kereszt\u00fcl, napi 3-szor figyelj\u00e9tek meg az aktu\u00e1lis id\u0151j\u00e1r\u00e1si t\u00e9nyez\u0151ket \u00e9s jegyezz\u00e9tek le, majd k\u00fcldj\u00e9tek el nek\u00fcnk.<\/p>\n\n\n<p><iframe loading=\"lazy\" src=\"https:\/\/dkvt.bbmk.hu\/ftolt\/\" allowfullscreen=\"allowfullscreen\" width=\"100%\" height=\"550px\" frameborder=\"0\"><\/iframe><\/p>\n\n\n<p><\/p>\n\n\n\n<p class=\"has-large-font-size\"><strong>2.\/C feladat<\/strong><\/p>\n\n\n\n<p><em>Id\u0151j\u00e1r\u00e1s-jelent\u00e9s \u00fajszer\u0171en<\/em><\/p>\n\n\n\n<p>A megfigyelt \u00e9s m\u00e9rt adatok alapj\u00e1n k\u00e9sz\u00edtsetek egy \u00f6sszefoglal\u00f3 vide\u00f3t a vizsg\u00e1lt h\u00e9t id\u0151j\u00e1r\u00e1s\u00e1r\u00f3l!<\/p>\n\n\n<p><iframe loading=\"lazy\" src=\"https:\/\/dkvt.bbmk.hu\/ftolt\/\" allowfullscreen=\"allowfullscreen\" width=\"100%\" height=\"550px\" frameborder=\"0\"><\/iframe><\/p>","protected":false},"excerpt":{"rendered":"<p>\u201e Nincs m\u00e9g egy szeglete a vil\u00e1gnak, ahol annyira nyilv\u00e1nval\u00f3 lenne, mint itt, a hegyes-v\u00f6lgyes n\u00f3gr\u00e1di t\u00e1jon, hogy f\u00f6ld\u00fcnk\u00f6n sz\u00e9tv\u00e1laszthatatlanul egybe\u00e9p\u00fclt a term\u00e9szet, az emberi munka \u00e9s a t\u00f6rt\u00e9nelem\u201dR. V\u00e1rkonyi \u00c1gnes 2.\/A feladat N\u00e9pi id\u0151j\u00f3sl\u00e1s H\u00fazd a n\u00e9pi mond\u00e1s szerint odaill\u0151 neveket a megfelel\u0151 helyekre! (a csapatn\u00e9v megad\u00e1sa ut\u00e1n indul a j\u00e1t\u00e9k) 2.\/B feladat T\u00f6lts\u00e9tek [&hellip;]<\/p>\n","protected":false},"author":1,"featured_media":0,"parent":0,"menu_order":0,"comment_status":"closed","ping_status":"closed","template":"","meta":[],"_links":{"self":[{"href":"https:\/\/digitaliskonyvtar.bbmk.hu\/kszrjatek\/index.php\/wp-json\/wp\/v2\/pages\/994"}],"collection":[{"href":"https:\/\/digitaliskonyvtar.bbmk.hu\/kszrjatek\/index.php\/wp-json\/wp\/v2\/pages"}],"about":[{"href":"https:\/\/digitaliskonyvtar.bbmk.hu\/kszrjatek\/index.php\/wp-json\/wp\/v2\/types\/page"}],"author":[{"embeddable":true,"href":"https:\/\/digitaliskonyvtar.bbmk.hu\/kszrjatek\/index.php\/wp-json\/wp\/v2\/users\/1"}],"replies":[{"embeddable":true,"href":"https:\/\/digitaliskonyvtar.bbmk.hu\/kszrjatek\/index.php\/wp-json\/wp\/v2\/comments?post=994"}],"version-history":[{"count":11,"href":"https:\/\/digitaliskonyvtar.bbmk.hu\/kszrjatek\/index.php\/wp-json\/wp\/v2\/pages\/994\/revisions"}],"predecessor-version":[{"id":1237,"href":"https:\/\/digitaliskonyvtar.bbmk.hu\/kszrjatek\/index.php\/wp-json\/wp\/v2\/pages\/994\/revisions\/1237"}],"wp:attachment":[{"href":"https:\/\/digitaliskonyvtar.bbmk.hu\/kszrjatek\/index.php\/wp-json\/wp\/v2\/media?parent=994"}],"curies":[{"name":"wp","href":"https:\/\/api.w.org\/{rel}","templated":true}]}}