{"id":94,"date":"2019-05-23T12:21:38","date_gmt":"2019-05-23T12:21:38","guid":{"rendered":"https:\/\/digitaliskonyvtar.bbmk.hu\/kszrjatek\/?page_id=94"},"modified":"2022-06-10T10:53:02","modified_gmt":"2022-06-10T10:53:02","slug":"jatekfelhivas","status":"publish","type":"page","link":"https:\/\/digitaliskonyvtar.bbmk.hu\/kszrjatek\/index.php\/jatekfelhivas\/","title":{"rendered":"J\u00e1t\u00e9kfelh\u00edv\u00e1s &#8211; Egy falu egy k\u00f6nyv (2019)"},"content":{"rendered":"\n<p><em><strong>Egy falu \u2013 egy k\u00f6nyv<\/strong><\/em> c\u00edmmel j\u00e1t\u00e9kra h\u00edvjuk a Balassi B\u00e1lint Megyei K\u00f6nyvt\u00e1r \u00e1ltal ell\u00e1tott kistelep\u00fcl\u00e9sek k\u00f6z\u00f6ss\u00e9geit.<\/p>\n\n\n\n<p>C\u00e9lunk, hogy bemutass\u00e1tok telep\u00fcl\u00e9setek k\u00f6nyvt\u00e1r\u00e1t \u00e9s a telep\u00fcl\u00e9s k\u00f6z\u00f6ss\u00e9gi \u00e9let\u00e9nek egy pici r\u00e9szlet\u00e9t. Egy k\u00f6z\u00f6s c\u00e9l \u00e9rdek\u00e9ben \u00f6sszefogva  j\u00f3 hangulat\u00fa  id\u0151t\u00f6lt\u00e9s keret\u00e9ben jobban megismerhetitek egym\u00e1st, k\u00f6z\u00f6s \u00e9lm\u00e9ny r\u00e9szesei lehettek, mik\u00f6zben elk\u00e9sz\u00edtitek alkot\u00e1saitokat.<\/p>\n\n\n\n<p>Nyerj\u00e9tek meg telep\u00fcl\u00e9seteknek a <strong><em>\u201eK\u00f6nyvbar\u00e1t k\u00f6z\u00f6ss\u00e9g\u201d<\/em><\/strong> c\u00edmet \u00e9s a vele j\u00e1r\u00f3 f\u0151d\u00edjat!<\/p>\n\n\n\n<p>Minden k\u00f6z\u00f6ss\u00e9g egyedi, ez\u00e9rt benevez\u0151 csapatk\u00e9nt szabadon v\u00e1laszthatj\u00e1tok ki a kedvenc k\u00f6nyveteket, amivel a ny\u00e1r folyam\u00e1n j\u00e1tszani szeretn\u00e9tek.<\/p>\n\n\n\n<p class=\"has-text-align-center\">1 csapat     *     1 k\u00f6nyv     *     5 kih\u00edv\u00e1s     *     5 pr\u00f3ba<\/p>\n\n\n\n<p>A j\u00e1t\u00e9k sor\u00e1n \u00f6t kreat\u00edv kih\u00edv\u00e1s \u00e9s \u00f6t gyors pr\u00f3ba v\u00e1r r\u00e1tok.<\/p>\n\n\n\n<p class=\"has-text-align-center\">Szelfizz!      *      K\u00edn\u00e1lj!      *      \u00d6lt\u00f6ztess!      *      Csalogass!      *      Mes\u00e9lj!<\/p>\n\n\n\n<p><strong>Nevez\u00e9si hat\u00e1rid\u0151:    2019. j\u00fanius 20.<\/strong><\/p>\n\n\n\n<p><strong>Nevez\u00e9s m\u00f3dja:<\/strong><br>     &#8211; alak\u00edtsatok egy (vagy t\u00f6bb) maximum 5 f\u0151s csapatot \u00e9letkort\u00f3l f\u00fcggetlen\u00fcl<br>     &#8211; v\u00e1lasszatok a csapatnak egy k\u00f6nyvet, amivel sz\u00edvesen j\u00e1tszan\u00e1tok<br>     &#8211; tal\u00e1ljatok ki egy csapatnevet \u00e9s k\u00fcldjetek egy csapatfot\u00f3t<br>     &#8211; regisztr\u00e1ljatok<\/p>\n\n\n\n<p><strong>Fontos tudnival\u00f3k:<\/strong><\/p>\n\n\n\n<p>Az <strong><em>5 kih\u00edv\u00e1s<\/em><\/strong> m\u00e1ris olvashat\u00f3, \u00e9s a jelentkez\u00e9si hat\u00e1rid\u0151 lej\u00e1rta ut\u00e1n folyamatosan teljes\u00edthet\u0151 a <a href=\"https:\/\/digitaliskonyvtar.bbmk.hu\/kszrjatek\/index.php\/kihivasok\/\">Kih\u00edv\u00e1sok<\/a> men\u00fcpontban.<\/p>\n\n\n\n<p>Az <strong><em>5 pr\u00f3b\u00e1t<\/em><\/strong> a ny\u00e1r folyam\u00e1n \u00edrjuk ki, ezek elv\u00e9gz\u00e9s\u00e9t szelfivel igazolhatj\u00e1k a csapatok, amelyeket szint\u00e9n itt a honlapon kell felt\u00f6lteni a <a href=\"https:\/\/digitaliskonyvtar.bbmk.hu\/kszrjatek\/index.php\/probak\/\">Pr\u00f3b\u00e1k <\/a>men\u00fcpontban.<\/p>\n\n\n\n<p>A dobog\u00f3 az \u00f6sszteljes\u00edtm\u00e9ny alapj\u00e1n alakul, de a legjobb csapatok elismer\u00e9se mellett a legkiemelked\u0151bb alkot\u00e1sokat k\u00fcl\u00f6nd\u00edjjal is jutalmazzuk.<\/p>\n\n\n\n<p><strong>Az 5 kih\u00edv\u00e1s \u00e9s az 5 pr\u00f3ba v\u00e9gs\u0151 bek\u00fcld\u00e9si hat\u00e1rideje:   2019. szeptember 15.<\/strong><\/p>\n\n\n\n<p>A d\u00edj\u00e1tad\u00f3 \u00fcnneps\u00e9gre az Orsz\u00e1gos K\u00f6nyvt\u00e1ri Napok alkalm\u00e1val, v\u00e1rhat\u00f3an 2019. okt\u00f3ber 5-\u00e9n ker\u00fcl sor.<\/p>\n","protected":false},"excerpt":{"rendered":"<p>Egy falu \u2013 egy k\u00f6nyv c\u00edmmel j\u00e1t\u00e9kra h\u00edvjuk a Balassi B\u00e1lint Megyei K\u00f6nyvt\u00e1r \u00e1ltal ell\u00e1tott kistelep\u00fcl\u00e9sek k\u00f6z\u00f6ss\u00e9geit. C\u00e9lunk, hogy bemutass\u00e1tok telep\u00fcl\u00e9setek k\u00f6nyvt\u00e1r\u00e1t \u00e9s a telep\u00fcl\u00e9s k\u00f6z\u00f6ss\u00e9gi \u00e9let\u00e9nek egy pici r\u00e9szlet\u00e9t. Egy k\u00f6z\u00f6s c\u00e9l \u00e9rdek\u00e9ben \u00f6sszefogva j\u00f3 hangulat\u00fa id\u0151t\u00f6lt\u00e9s keret\u00e9ben jobban megismerhetitek egym\u00e1st, k\u00f6z\u00f6s \u00e9lm\u00e9ny r\u00e9szesei lehettek, mik\u00f6zben elk\u00e9sz\u00edtitek alkot\u00e1saitokat. Nyerj\u00e9tek meg telep\u00fcl\u00e9seteknek a \u201eK\u00f6nyvbar\u00e1t k\u00f6z\u00f6ss\u00e9g\u201d [&hellip;]<\/p>\n","protected":false},"author":1,"featured_media":0,"parent":0,"menu_order":0,"comment_status":"closed","ping_status":"closed","template":"","meta":[],"_links":{"self":[{"href":"https:\/\/digitaliskonyvtar.bbmk.hu\/kszrjatek\/index.php\/wp-json\/wp\/v2\/pages\/94"}],"collection":[{"href":"https:\/\/digitaliskonyvtar.bbmk.hu\/kszrjatek\/index.php\/wp-json\/wp\/v2\/pages"}],"about":[{"href":"https:\/\/digitaliskonyvtar.bbmk.hu\/kszrjatek\/index.php\/wp-json\/wp\/v2\/types\/page"}],"author":[{"embeddable":true,"href":"https:\/\/digitaliskonyvtar.bbmk.hu\/kszrjatek\/index.php\/wp-json\/wp\/v2\/users\/1"}],"replies":[{"embeddable":true,"href":"https:\/\/digitaliskonyvtar.bbmk.hu\/kszrjatek\/index.php\/wp-json\/wp\/v2\/comments?post=94"}],"version-history":[{"count":11,"href":"https:\/\/digitaliskonyvtar.bbmk.hu\/kszrjatek\/index.php\/wp-json\/wp\/v2\/pages\/94\/revisions"}],"predecessor-version":[{"id":640,"href":"https:\/\/digitaliskonyvtar.bbmk.hu\/kszrjatek\/index.php\/wp-json\/wp\/v2\/pages\/94\/revisions\/640"}],"wp:attachment":[{"href":"https:\/\/digitaliskonyvtar.bbmk.hu\/kszrjatek\/index.php\/wp-json\/wp\/v2\/media?parent=94"}],"curies":[{"name":"wp","href":"https:\/\/api.w.org\/{rel}","templated":true}]}}