{"id":930,"date":"2023-04-25T11:12:32","date_gmt":"2023-04-25T11:12:32","guid":{"rendered":"https:\/\/digitaliskonyvtar.bbmk.hu\/kszrjatek\/?page_id=930"},"modified":"2023-08-16T08:37:17","modified_gmt":"2023-08-16T08:37:17","slug":"jatekfelhivas-vidra-es-kankalin","status":"publish","type":"page","link":"https:\/\/digitaliskonyvtar.bbmk.hu\/kszrjatek\/index.php\/jatekfelhivas-vidra-es-kankalin\/","title":{"rendered":"J\u00e1t\u00e9kfelh\u00edv\u00e1s &#8211; Vidra \u00e9s Kankalin"},"content":{"rendered":"\n<figure class=\"wp-block-video\"><video autoplay controls loop poster=\"https:\/\/digitaliskonyvtar.bbmk.hu\/kszrjatek\/wp-content\/uploads\/2023\/04\/Nyari_jatek_2023__1_-removebg-preview.png\" src=\"https:\/\/digitaliskonyvtar.bbmk.hu\/kszrjatek\/wp-content\/uploads\/2023\/04\/Vidra-es-Kankalin-felhivas-3.0-2.mp4\" playsinline><\/video><\/figure>\n\n\n\n<p><em>K\u00f6nyvbar\u00e1t k\u00f6z\u00f6ss\u00e9g kerestetik 2023-ban is!<\/em><\/p>\n\n\n\n<p><br><strong><em>Vidra \u00e9s Kankalin<\/em><\/strong> c\u00edmmel term\u00e9szetkutat\u00f3 kalandokra h\u00edvjuk a N\u00f3gr\u00e1d v\u00e1rmegyei KSZR k\u00f6nyvt\u00e1rak csapatait.<\/p>\n\n\n\n<p><br>Tegy\u00fcnk k\u00f6z\u00f6sen a biol\u00f3giai sokf\u00e9les\u00e9g meg\u0151rz\u00e9s\u00e9\u00e9rt!<br>A legegyszer\u0171bb, ha a k\u00f6zvetlen k\u00f6rnyezet\u00fcnkben kezd\u00fcnk cselekedni.<\/p>\n\n\n\n<p><br>A csatlakoz\u00f3 csapatok <strong>6 kaland<\/strong>ban tarthatnak vel\u00fcnk.<\/p>\n\n\n\n<p><br>A feladatok, melyek <strong>A, B \u00e9s C r\u00e9sz<\/strong>b\u0151l tev\u0151dnek \u00f6ssze, <strong>3 hetente<\/strong> jelennek majd meg a j\u00e1t\u00e9k honlapj\u00e1n, illetve facebook oldalunkon.<\/p>\n\n\n\n<p><br>A r\u00e9szv\u00e9tel felt\u00e9telei:<\/p>\n\n\n\n<p>&#8211; a j\u00e1t\u00e9kban a <strong>Balassi B\u00e1lint Megyei K\u00f6nyvt\u00e1r \u00e1ltal ell\u00e1tott kistelep\u00fcl\u00e9sek<\/strong> vehetnek r\u00e9szt<br>&#8211; <strong>2-6 f\u0151s csapatok<\/strong> jelentkez\u00e9s\u00e9t v\u00e1rjuk, 0-99 \u00e9ves korig,<br>&#8211; jelentkezni a j\u00e1t\u00e9k honlapj\u00e1n, <strong>\u00e1prilis 28-t\u0151l<\/strong> lehet<br>&#8211; a kalandok teljes\u00edthet\u0151k visszamen\u0151leg is a kor\u00e1bbi megold\u00e1sok bek\u00fcld\u00e9s\u00e9vel<\/p>\n\n\n\n<p><br><strong>A teljes\u00edt\u00e9s v\u00e9gs\u0151 hat\u00e1rideje: 2023. szeptember 15.<\/strong><\/p>\n\n\n\n<p><br>A legsikeresebb csapatok elnyerhetik a <strong><em>\u201eK\u00f6nyvbar\u00e1t k\u00f6z\u00f6ss\u00e9g 2023\u201d<\/em><\/strong> c\u00edmet \u00e9s az \u00e9rt\u00e9kes jutalmak egyik\u00e9t.<\/p>\n\n\n\n<p><br>Kor\u00e1bbi j\u00e1t\u00e9kainkr\u00f3l, d\u00edjkioszt\u00f3nkr\u00f3l itt, az oldalon t\u00e1j\u00e9koz\u00f3dhattok.<\/p>\n\n\n\n<p>A tov\u00e1bbi inform\u00e1ci\u00f3k a KSZR BBMK honlapon \u00e9s a K\u00f6nyvt\u00e1rell\u00e1t\u00e1s \u2013 N\u00f3gr\u00e1d facebook oldal\u00e1n jelennek meg.<\/p>\n\n\n\n<p>Kalandozzatok vel\u00fcnk!<\/p>\n\n\n\n<p>\u00dcdv\u00f6zlettel:<br>BBMK KSZR csapata<\/p>\n\n\n\n<div class=\"wp-container-1 wp-block-buttons\">\n<div class=\"wp-block-button is-style-fill\"><a class=\"wp-block-button__link has-background-color has-text-color has-background\" href=\"https:\/\/digitaliskonyvtar.bbmk.hu\/kszrjatek\/index.php\/regisztracio\/\" style=\"background:linear-gradient(135deg,rgb(45,119,237) 0%,rgb(13,163,50) 37%,rgb(70,214,89) 71%,rgb(246,206,62) 100%)\" target=\"_blank\" rel=\"noreferrer noopener\">Tov\u00e1bb a Regisztr\u00e1ci\u00f3hoz<\/a><\/div>\n<\/div>\n","protected":false},"excerpt":{"rendered":"<p>K\u00f6nyvbar\u00e1t k\u00f6z\u00f6ss\u00e9g kerestetik 2023-ban is! Vidra \u00e9s Kankalin c\u00edmmel term\u00e9szetkutat\u00f3 kalandokra h\u00edvjuk a N\u00f3gr\u00e1d v\u00e1rmegyei KSZR k\u00f6nyvt\u00e1rak csapatait. Tegy\u00fcnk k\u00f6z\u00f6sen a biol\u00f3giai sokf\u00e9les\u00e9g meg\u0151rz\u00e9s\u00e9\u00e9rt!A legegyszer\u0171bb, ha a k\u00f6zvetlen k\u00f6rnyezet\u00fcnkben kezd\u00fcnk cselekedni. A csatlakoz\u00f3 csapatok 6 kalandban tarthatnak vel\u00fcnk. A feladatok, melyek A, B \u00e9s C r\u00e9szb\u0151l tev\u0151dnek \u00f6ssze, 3 hetente jelennek majd meg a j\u00e1t\u00e9k [&hellip;]<\/p>\n","protected":false},"author":1,"featured_media":0,"parent":0,"menu_order":0,"comment_status":"closed","ping_status":"closed","template":"","meta":[],"_links":{"self":[{"href":"https:\/\/digitaliskonyvtar.bbmk.hu\/kszrjatek\/index.php\/wp-json\/wp\/v2\/pages\/930"}],"collection":[{"href":"https:\/\/digitaliskonyvtar.bbmk.hu\/kszrjatek\/index.php\/wp-json\/wp\/v2\/pages"}],"about":[{"href":"https:\/\/digitaliskonyvtar.bbmk.hu\/kszrjatek\/index.php\/wp-json\/wp\/v2\/types\/page"}],"author":[{"embeddable":true,"href":"https:\/\/digitaliskonyvtar.bbmk.hu\/kszrjatek\/index.php\/wp-json\/wp\/v2\/users\/1"}],"replies":[{"embeddable":true,"href":"https:\/\/digitaliskonyvtar.bbmk.hu\/kszrjatek\/index.php\/wp-json\/wp\/v2\/comments?post=930"}],"version-history":[{"count":11,"href":"https:\/\/digitaliskonyvtar.bbmk.hu\/kszrjatek\/index.php\/wp-json\/wp\/v2\/pages\/930\/revisions"}],"predecessor-version":[{"id":1087,"href":"https:\/\/digitaliskonyvtar.bbmk.hu\/kszrjatek\/index.php\/wp-json\/wp\/v2\/pages\/930\/revisions\/1087"}],"wp:attachment":[{"href":"https:\/\/digitaliskonyvtar.bbmk.hu\/kszrjatek\/index.php\/wp-json\/wp\/v2\/media?parent=930"}],"curies":[{"name":"wp","href":"https:\/\/api.w.org\/{rel}","templated":true}]}}