{"id":897,"date":"2023-02-02T09:41:19","date_gmt":"2023-02-02T09:41:19","guid":{"rendered":"https:\/\/digitaliskonyvtar.bbmk.hu\/kszrjatek\/?page_id=897"},"modified":"2025-03-20T13:18:17","modified_gmt":"2025-03-20T13:18:17","slug":"online-jatekok","status":"publish","type":"page","link":"https:\/\/digitaliskonyvtar.bbmk.hu\/kszrjatek\/index.php\/online-jatekok\/","title":{"rendered":"Online j\u00e1t\u00e9kok"},"content":{"rendered":"\n<p><\/p>\n\n\n\n<div class=\"wp-container-1 wp-block-buttons\">\n<div class=\"wp-block-button\"><a class=\"wp-block-button__link has-vivid-cyan-blue-background-color has-background\" href=\"https:\/\/digitaliskonyvtar.bbmk.hu\/Szamlalo\/click.php?id=kszr_fiesta_2025_mesemozaik_001\" target=\"_blank\" rel=\"noreferrer noopener\">! Mesemozaik !<\/a><\/div>\n\n\n\n<div class=\"wp-block-button\"><a class=\"wp-block-button__link has-tertiary-color has-vivid-cyan-blue-background-color has-text-color has-background\" href=\"https:\/\/digitaliskonyvtar.bbmk.hu\/Szamlalo\/click.php?id=kszr_fiesta_2025_jatek_jokaival_001\" target=\"_blank\" rel=\"noreferrer noopener\">! J\u00e1t\u00e9k J\u00f3kaival !<\/a><\/div>\n\n\n\n<div class=\"wp-block-button\"><a class=\"wp-block-button__link has-vivid-cyan-blue-background-color has-background\" href=\"https:\/\/digitaliskonyvtar.bbmk.hu\/Szamlalo\/click.php?id=kszr_fiesta_2025_term_ertekek_001\" target=\"_blank\" rel=\"noreferrer noopener\">! Term\u00e9szeti \u00e9rt\u00e9kek N\u00f3gr\u00e1d v\u00e1rmegy\u00e9ben !<\/a><\/div>\n\n\n\n<div class=\"wp-block-button\"><a class=\"wp-block-button__link has-vivid-green-cyan-background-color has-background\" href=\"https:\/\/digitaliskonyvtar.bbmk.hu\/kszrjatek\/index.php\/allatok-az-irodalomban-1\/\">\u00c1llatok az irodalomban 1.<\/a><\/div>\n\n\n\n<div class=\"wp-block-button is-style-fill\"><a class=\"wp-block-button__link has-primary-color has-luminous-vivid-amber-background-color has-text-color has-background\" href=\"https:\/\/digitaliskonyvtar.bbmk.hu\/kszrjatek\/index.php\/allatok-az-irodalomban-2\/\">\u00c1llatok az irodalomban 2.<\/a><\/div>\n\n\n\n<div class=\"wp-block-button is-style-fill\"><a class=\"wp-block-button__link has-primary-color has-luminous-vivid-amber-background-color has-text-color has-background\" href=\"https:\/\/digitaliskonyvtar.bbmk.hu\/kszrjatek\/index.php\/anyak-napi-puzzle\/\">Any\u00e1k napi puzzle<\/a><\/div>\n\n\n\n<div class=\"wp-block-button\"><a class=\"wp-block-button__link has-vivid-green-cyan-background-color has-background\" href=\"https:\/\/digitaliskonyvtar.bbmk.hu\/kszrjatek\/index.php\/a-cinege-cipoje\/\">A cinege cip\u0151je<\/a><\/div>\n\n\n\n<div class=\"wp-block-button\"><a class=\"wp-block-button__link has-vivid-green-cyan-background-color has-background\" href=\"https:\/\/digitaliskonyvtar.bbmk.hu\/kszrjatek\/index.php\/irok-koltok-es-szerelmeik\/\">\u00cdr\u00f3k, k\u00f6lt\u0151k \u00e9s szerelmeik<\/a><\/div>\n\n\n\n<div class=\"wp-block-button is-style-fill\"><a class=\"wp-block-button__link has-primary-color has-luminous-vivid-amber-background-color has-text-color has-background\" href=\"https:\/\/digitaliskonyvtar.bbmk.hu\/kszrjatek\/index.php\/karacsonyi-keresgelo\/\">Kar\u00e1csonyi keresg\u00e9l\u0151<\/a><\/div>\n\n\n\n<div class=\"wp-block-button is-style-fill\"><a class=\"wp-block-button__link has-primary-color has-luminous-vivid-amber-background-color has-text-color has-background\" href=\"https:\/\/digitaliskonyvtar.bbmk.hu\/kszrjatek\/index.php\/kastne-r-egenyek\/\">K\u00e4stne-R-eg\u00e9nyek<\/a><\/div>\n\n\n\n<div class=\"wp-block-button is-style-fill\"><a class=\"wp-block-button__link has-tertiary-color has-vivid-green-cyan-background-color has-text-color has-background\" href=\"https:\/\/digitaliskonyvtar.bbmk.hu\/kszrjatek\/index.php\/kutyas-irodalmi-kviz\/\">Kuty\u00e1s irodalmi kv\u00edz<\/a><\/div>\n\n\n\n<div class=\"wp-block-button is-style-fill\"><a class=\"wp-block-button__link has-tertiary-color has-vivid-green-cyan-background-color has-text-color has-background\" href=\"https:\/\/digitaliskonyvtar.bbmk.hu\/kszrjatek\/index.php\/a-latszat-neha-csal\/\">A l\u00e1tszat n\u00e9ha csal<\/a><\/div>\n\n\n\n<div class=\"wp-block-button is-style-fill\"><a class=\"wp-block-button__link has-primary-color has-luminous-vivid-amber-background-color has-text-color has-background\" href=\"https:\/\/digitaliskonyvtar.bbmk.hu\/kszrjatek\/index.php\/madach-puzzle\/\">Mad\u00e1ch Puzzle<\/a><\/div>\n\n\n\n<div class=\"wp-block-button is-style-fill\"><a class=\"wp-block-button__link has-primary-color has-luminous-vivid-amber-background-color has-text-color has-background\" href=\"https:\/\/digitaliskonyvtar.bbmk.hu\/kszrjatek\/index.php\/madach-szabaduloszoba\/\">Mad\u00e1ch Szabadul\u00f3szoba<\/a><\/div>\n\n\n\n<div class=\"wp-block-button is-style-fill\"><a class=\"wp-block-button__link has-tertiary-color has-vivid-green-cyan-background-color has-text-color has-background\" href=\"https:\/\/digitaliskonyvtar.bbmk.hu\/kszrjatek\/index.php\/memoriajatek-meseszereplokkel\/\">Mem\u00f3riaj\u00e1t\u00e9k meseszerepl\u0151kkel<\/a><\/div>\n\n\n\n<div class=\"wp-block-button is-style-fill\"><a class=\"wp-block-button__link has-tertiary-color has-vivid-green-cyan-background-color has-text-color has-background\" href=\"https:\/\/digitaliskonyvtar.bbmk.hu\/kszrjatek\/index.php\/mesterseges-intelligencia-a-filmvasznon\/\">Mesters\u00e9ges Intelligencia a filmv\u00e1sznon<\/a><\/div>\n\n\n\n<div class=\"wp-block-button is-style-fill\"><a class=\"wp-block-button__link has-primary-color has-luminous-vivid-amber-background-color has-text-color has-background\" href=\"https:\/\/digitaliskonyvtar.bbmk.hu\/kszrjatek\/index.php\/mikszath-kalman-szobra\/\">Miksz\u00e1th K\u00e1lm\u00e1n szobra<\/a><\/div>\n\n\n\n<div class=\"wp-block-button is-style-fill\"><a class=\"wp-block-button__link has-primary-color has-luminous-vivid-amber-background-color has-text-color has-background\" href=\"https:\/\/digitaliskonyvtar.bbmk.hu\/kszrjatek\/index.php\/mikszath-szereplok-es-muvek-parositomemoria\/\">Miksz\u00e1th szerepl\u0151k \u00e9s m\u0171vek<\/a><\/div>\n\n\n\n<div class=\"wp-block-button is-style-fill\"><a class=\"wp-block-button__link has-tertiary-color has-vivid-green-cyan-background-color has-text-color has-background\" href=\"https:\/\/digitaliskonyvtar.bbmk.hu\/kszrjatek\/index.php\/multidezo-jatekok\/\">M\u00faltid\u00e9z\u0151 j\u00e1t\u00e9kok<\/a><\/div>\n\n\n\n<div class=\"wp-block-button\"><a class=\"wp-block-button__link has-background-color has-vivid-green-cyan-background-color has-text-color has-background\" href=\"https:\/\/digitaliskonyvtar.bbmk.hu\/kszrjatek\/index.php\/oszi-reggeli-lyukas-vers\/\">\u0150szi reggeli<\/a><\/div>\n\n\n\n<div class=\"wp-block-button is-style-fill\"><a class=\"wp-block-button__link has-background-color has-vivid-green-cyan-background-color has-text-color has-background\" href=\"https:\/\/digitaliskonyvtar.bbmk.hu\/kszrjatek\/index.php\/parositsd-az-elemeket\/\">P\u00e1ros\u00edtsd az elemeket!<\/a><\/div>\n\n\n\n<div class=\"wp-block-button is-style-fill\"><a class=\"wp-block-button__link has-primary-color has-luminous-vivid-amber-background-color has-text-color has-background\" href=\"https:\/\/digitaliskonyvtar.bbmk.hu\/kszrjatek\/index.php\/petofi-puzzle\/\">Pet\u0151fi Puzzle<\/a><\/div>\n\n\n\n<div class=\"wp-block-button is-style-fill\"><a class=\"wp-block-button__link has-primary-color has-luminous-vivid-amber-background-color has-text-color has-background\" href=\"https:\/\/digitaliskonyvtar.bbmk.hu\/kszrjatek\/index.php\/tragedia-puzzle\/\">Trag\u00e9dia Puzzle<\/a><\/div>\n\n\n\n<div class=\"wp-block-button is-style-fill\"><a class=\"wp-block-button__link has-background-color has-vivid-green-cyan-background-color has-text-color has-background\" href=\"https:\/\/digitaliskonyvtar.bbmk.hu\/kszrjatek\/index.php\/vackor-sorbarendezo\/\">Vackor sorbarendez\u0151<\/a><\/div>\n\n\n\n<div class=\"wp-block-button is-style-fill\"><a class=\"wp-block-button__link has-primary-color has-luminous-vivid-amber-background-color has-text-color has-background\" href=\"https:\/\/digitaliskonyvtar.bbmk.hu\/kszrjatek\/index.php\/vackor-tili-toli\/\">Vackor tili-toli<\/a><\/div>\n\n\n\n<div class=\"wp-block-button is-style-fill\"><a class=\"wp-block-button__link has-background-color has-vivid-cyan-blue-background-color has-text-color has-background\" href=\"https:\/\/digitaliskonyvtar.bbmk.hu\/kszrjatek\/index.php\/vernexpedicio-okn-2024\/\">Vernexped\u00edci\u00f3<\/a><\/div>\n\n\n\n<div class=\"wp-block-button is-style-fill\"><a class=\"wp-block-button__link has-primary-color has-luminous-vivid-amber-background-color has-text-color has-background\" href=\"https:\/\/digitaliskonyvtar.bbmk.hu\/kszrjatek\/index.php\/visszatekinto-2020-kszr-programjairol\/\">Visszatekint\u0151 2020 KSZR programjair\u00f3l<\/a><\/div>\n<\/div>\n","protected":false},"excerpt":{"rendered":"","protected":false},"author":1,"featured_media":0,"parent":0,"menu_order":0,"comment_status":"closed","ping_status":"closed","template":"","meta":[],"_links":{"self":[{"href":"https:\/\/digitaliskonyvtar.bbmk.hu\/kszrjatek\/index.php\/wp-json\/wp\/v2\/pages\/897"}],"collection":[{"href":"https:\/\/digitaliskonyvtar.bbmk.hu\/kszrjatek\/index.php\/wp-json\/wp\/v2\/pages"}],"about":[{"href":"https:\/\/digitaliskonyvtar.bbmk.hu\/kszrjatek\/index.php\/wp-json\/wp\/v2\/types\/page"}],"author":[{"embeddable":true,"href":"https:\/\/digitaliskonyvtar.bbmk.hu\/kszrjatek\/index.php\/wp-json\/wp\/v2\/users\/1"}],"replies":[{"embeddable":true,"href":"https:\/\/digitaliskonyvtar.bbmk.hu\/kszrjatek\/index.php\/wp-json\/wp\/v2\/comments?post=897"}],"version-history":[{"count":13,"href":"https:\/\/digitaliskonyvtar.bbmk.hu\/kszrjatek\/index.php\/wp-json\/wp\/v2\/pages\/897\/revisions"}],"predecessor-version":[{"id":1437,"href":"https:\/\/digitaliskonyvtar.bbmk.hu\/kszrjatek\/index.php\/wp-json\/wp\/v2\/pages\/897\/revisions\/1437"}],"wp:attachment":[{"href":"https:\/\/digitaliskonyvtar.bbmk.hu\/kszrjatek\/index.php\/wp-json\/wp\/v2\/media?parent=897"}],"curies":[{"name":"wp","href":"https:\/\/api.w.org\/{rel}","templated":true}]}}