{"id":835,"date":"2023-01-13T12:34:17","date_gmt":"2023-01-13T12:34:17","guid":{"rendered":"https:\/\/digitaliskonyvtar.bbmk.hu\/kszrjatek\/?page_id=835"},"modified":"2023-01-13T12:39:15","modified_gmt":"2023-01-13T12:39:15","slug":"mokuskihivas-dijatado","status":"publish","type":"page","link":"https:\/\/digitaliskonyvtar.bbmk.hu\/kszrjatek\/index.php\/mokuskihivas-dijatado\/","title":{"rendered":"M\u00f3kuskih\u00edv\u00e1s &#8211; D\u00edj\u00e1tad\u00f3"},"content":{"rendered":"\n<p>Okt\u00f3ber 10-\u00e9n, az Orsz\u00e1gos K\u00f6nyvt\u00e1ri Napok rendezv\u00e9nysorozat\u00e1t z\u00e1r\u00f3 Csal\u00e1di Vas\u00e1rnapon a M\u00f3kuskih\u00edv\u00e1s bajnokai is \u00e1tvehett\u00e9k d\u00edjaikat.<\/p>\n\n\n\n<figure class=\"wp-container-2 wp-block-gallery-1 wp-block-gallery has-nested-images columns-default is-cropped\">\n<figure class=\"wp-block-image size-large\"><img loading=\"lazy\" width=\"1024\" height=\"768\" data-id=\"840\"  src=\"https:\/\/digitaliskonyvtar.bbmk.hu\/kszrjatek\/wp-content\/uploads\/2023\/01\/245263861_3005048253040708_5802887559798554847_n-1024x768.jpg\" alt=\"\" class=\"wp-image-840\" srcset=\"https:\/\/digitaliskonyvtar.bbmk.hu\/kszrjatek\/wp-content\/uploads\/2023\/01\/245263861_3005048253040708_5802887559798554847_n-1024x768.jpg 1024w, https:\/\/digitaliskonyvtar.bbmk.hu\/kszrjatek\/wp-content\/uploads\/2023\/01\/245263861_3005048253040708_5802887559798554847_n-300x225.jpg 300w, https:\/\/digitaliskonyvtar.bbmk.hu\/kszrjatek\/wp-content\/uploads\/2023\/01\/245263861_3005048253040708_5802887559798554847_n-768x576.jpg 768w, https:\/\/digitaliskonyvtar.bbmk.hu\/kszrjatek\/wp-content\/uploads\/2023\/01\/245263861_3005048253040708_5802887559798554847_n-1536x1152.jpg 1536w, https:\/\/digitaliskonyvtar.bbmk.hu\/kszrjatek\/wp-content\/uploads\/2023\/01\/245263861_3005048253040708_5802887559798554847_n.jpg 1728w\" sizes=\"(max-width: 1024px) 100vw, 1024px\" \/><\/figure>\n\n\n\n<figure class=\"wp-block-image size-large\"><img loading=\"lazy\" width=\"1024\" height=\"768\" data-id=\"837\"  src=\"https:\/\/digitaliskonyvtar.bbmk.hu\/kszrjatek\/wp-content\/uploads\/2023\/01\/245609177_3005048236374043_6179717404827059485_n-1024x768.jpg\" alt=\"\" class=\"wp-image-837\" srcset=\"https:\/\/digitaliskonyvtar.bbmk.hu\/kszrjatek\/wp-content\/uploads\/2023\/01\/245609177_3005048236374043_6179717404827059485_n-1024x768.jpg 1024w, https:\/\/digitaliskonyvtar.bbmk.hu\/kszrjatek\/wp-content\/uploads\/2023\/01\/245609177_3005048236374043_6179717404827059485_n-300x225.jpg 300w, https:\/\/digitaliskonyvtar.bbmk.hu\/kszrjatek\/wp-content\/uploads\/2023\/01\/245609177_3005048236374043_6179717404827059485_n-768x576.jpg 768w, https:\/\/digitaliskonyvtar.bbmk.hu\/kszrjatek\/wp-content\/uploads\/2023\/01\/245609177_3005048236374043_6179717404827059485_n-1536x1152.jpg 1536w, https:\/\/digitaliskonyvtar.bbmk.hu\/kszrjatek\/wp-content\/uploads\/2023\/01\/245609177_3005048236374043_6179717404827059485_n.jpg 1547w\" sizes=\"(max-width: 1024px) 100vw, 1024px\" \/><\/figure>\n\n\n\n<figure class=\"wp-block-image size-large\"><img loading=\"lazy\" width=\"1024\" height=\"768\" data-id=\"839\"  src=\"https:\/\/digitaliskonyvtar.bbmk.hu\/kszrjatek\/wp-content\/uploads\/2023\/01\/245968730_3005048383040695_8255165303994509599_n-1024x768.jpg\" alt=\"\" class=\"wp-image-839\" srcset=\"https:\/\/digitaliskonyvtar.bbmk.hu\/kszrjatek\/wp-content\/uploads\/2023\/01\/245968730_3005048383040695_8255165303994509599_n-1024x768.jpg 1024w, https:\/\/digitaliskonyvtar.bbmk.hu\/kszrjatek\/wp-content\/uploads\/2023\/01\/245968730_3005048383040695_8255165303994509599_n-300x225.jpg 300w, https:\/\/digitaliskonyvtar.bbmk.hu\/kszrjatek\/wp-content\/uploads\/2023\/01\/245968730_3005048383040695_8255165303994509599_n-768x576.jpg 768w, https:\/\/digitaliskonyvtar.bbmk.hu\/kszrjatek\/wp-content\/uploads\/2023\/01\/245968730_3005048383040695_8255165303994509599_n-1536x1152.jpg 1536w, https:\/\/digitaliskonyvtar.bbmk.hu\/kszrjatek\/wp-content\/uploads\/2023\/01\/245968730_3005048383040695_8255165303994509599_n.jpg 1728w\" sizes=\"(max-width: 1024px) 100vw, 1024px\" \/><\/figure>\n\n\n\n<figure class=\"wp-block-image size-large\"><img loading=\"lazy\" width=\"768\" height=\"1024\" data-id=\"838\"  src=\"https:\/\/digitaliskonyvtar.bbmk.hu\/kszrjatek\/wp-content\/uploads\/2023\/01\/245298177_3005048219707378_1072512884751849864_n-768x1024.jpg\" alt=\"\" class=\"wp-image-838\" srcset=\"https:\/\/digitaliskonyvtar.bbmk.hu\/kszrjatek\/wp-content\/uploads\/2023\/01\/245298177_3005048219707378_1072512884751849864_n-768x1024.jpg 768w, https:\/\/digitaliskonyvtar.bbmk.hu\/kszrjatek\/wp-content\/uploads\/2023\/01\/245298177_3005048219707378_1072512884751849864_n-225x300.jpg 225w, https:\/\/digitaliskonyvtar.bbmk.hu\/kszrjatek\/wp-content\/uploads\/2023\/01\/245298177_3005048219707378_1072512884751849864_n-1152x1536.jpg 1152w, https:\/\/digitaliskonyvtar.bbmk.hu\/kszrjatek\/wp-content\/uploads\/2023\/01\/245298177_3005048219707378_1072512884751849864_n.jpg 1296w\" sizes=\"(max-width: 768px) 100vw, 768px\" \/><\/figure>\n\n\n\n<figure class=\"wp-block-image size-large\"><img loading=\"lazy\" width=\"769\" height=\"1024\" data-id=\"841\"  src=\"https:\/\/digitaliskonyvtar.bbmk.hu\/kszrjatek\/wp-content\/uploads\/2023\/01\/245159526_3005048186374048_2020917981480933323_n-1-769x1024.jpg\" alt=\"\" class=\"wp-image-841\" srcset=\"https:\/\/digitaliskonyvtar.bbmk.hu\/kszrjatek\/wp-content\/uploads\/2023\/01\/245159526_3005048186374048_2020917981480933323_n-1-769x1024.jpg 769w, https:\/\/digitaliskonyvtar.bbmk.hu\/kszrjatek\/wp-content\/uploads\/2023\/01\/245159526_3005048186374048_2020917981480933323_n-1-225x300.jpg 225w, https:\/\/digitaliskonyvtar.bbmk.hu\/kszrjatek\/wp-content\/uploads\/2023\/01\/245159526_3005048186374048_2020917981480933323_n-1-768x1023.jpg 768w, https:\/\/digitaliskonyvtar.bbmk.hu\/kszrjatek\/wp-content\/uploads\/2023\/01\/245159526_3005048186374048_2020917981480933323_n-1-1153x1536.jpg 1153w, https:\/\/digitaliskonyvtar.bbmk.hu\/kszrjatek\/wp-content\/uploads\/2023\/01\/245159526_3005048186374048_2020917981480933323_n-1.jpg 1354w\" sizes=\"(max-width: 769px) 100vw, 769px\" \/><\/figure>\n<\/figure>\n\n\n\n<figure class=\"wp-block-image size-full\"><img loading=\"lazy\" width=\"940\" height=\"788\" src=\"https:\/\/digitaliskonyvtar.bbmk.hu\/kszrjatek\/wp-content\/uploads\/2023\/01\/242191971_2985156578363209_5449569130905725455_n.png\" alt=\"\" class=\"wp-image-846\" srcset=\"https:\/\/digitaliskonyvtar.bbmk.hu\/kszrjatek\/wp-content\/uploads\/2023\/01\/242191971_2985156578363209_5449569130905725455_n.png 940w, https:\/\/digitaliskonyvtar.bbmk.hu\/kszrjatek\/wp-content\/uploads\/2023\/01\/242191971_2985156578363209_5449569130905725455_n-300x251.png 300w, https:\/\/digitaliskonyvtar.bbmk.hu\/kszrjatek\/wp-content\/uploads\/2023\/01\/242191971_2985156578363209_5449569130905725455_n-768x644.png 768w\" sizes=\"(max-width: 940px) 100vw, 940px\" \/><\/figure>\n","protected":false},"excerpt":{"rendered":"<p>Okt\u00f3ber 10-\u00e9n, az Orsz\u00e1gos K\u00f6nyvt\u00e1ri Napok rendezv\u00e9nysorozat\u00e1t z\u00e1r\u00f3 Csal\u00e1di Vas\u00e1rnapon a M\u00f3kuskih\u00edv\u00e1s bajnokai is \u00e1tvehett\u00e9k d\u00edjaikat.<\/p>\n","protected":false},"author":1,"featured_media":0,"parent":0,"menu_order":0,"comment_status":"closed","ping_status":"closed","template":"","meta":[],"_links":{"self":[{"href":"https:\/\/digitaliskonyvtar.bbmk.hu\/kszrjatek\/index.php\/wp-json\/wp\/v2\/pages\/835"}],"collection":[{"href":"https:\/\/digitaliskonyvtar.bbmk.hu\/kszrjatek\/index.php\/wp-json\/wp\/v2\/pages"}],"about":[{"href":"https:\/\/digitaliskonyvtar.bbmk.hu\/kszrjatek\/index.php\/wp-json\/wp\/v2\/types\/page"}],"author":[{"embeddable":true,"href":"https:\/\/digitaliskonyvtar.bbmk.hu\/kszrjatek\/index.php\/wp-json\/wp\/v2\/users\/1"}],"replies":[{"embeddable":true,"href":"https:\/\/digitaliskonyvtar.bbmk.hu\/kszrjatek\/index.php\/wp-json\/wp\/v2\/comments?post=835"}],"version-history":[{"count":2,"href":"https:\/\/digitaliskonyvtar.bbmk.hu\/kszrjatek\/index.php\/wp-json\/wp\/v2\/pages\/835\/revisions"}],"predecessor-version":[{"id":847,"href":"https:\/\/digitaliskonyvtar.bbmk.hu\/kszrjatek\/index.php\/wp-json\/wp\/v2\/pages\/835\/revisions\/847"}],"wp:attachment":[{"href":"https:\/\/digitaliskonyvtar.bbmk.hu\/kszrjatek\/index.php\/wp-json\/wp\/v2\/media?parent=835"}],"curies":[{"name":"wp","href":"https:\/\/api.w.org\/{rel}","templated":true}]}}