{"id":82,"date":"2019-05-23T11:58:46","date_gmt":"2019-05-23T11:58:46","guid":{"rendered":"https:\/\/digitaliskonyvtar.bbmk.hu\/kszrjatek\/?page_id=82"},"modified":"2022-10-11T13:00:57","modified_gmt":"2022-10-11T13:00:57","slug":"82-2","status":"publish","type":"page","link":"https:\/\/digitaliskonyvtar.bbmk.hu\/kszrjatek\/index.php\/82-2\/","title":{"rendered":"D\u00edjkioszt\u00f3 \u00fcnneps\u00e9g"},"content":{"rendered":"\n<p>\u201eN\u00e1lunk otthon vagy&#8221; c\u00edm\u0171 helyismereti j\u00e1t\u00e9kunk d\u00edjazottjai az Orsz\u00e1gos K\u00f6nyvt\u00e1ri Napok keretein bel\u00fcl \u00e1tvehett\u00e9k a Balassi B\u00e1lint Megyei K\u00f6nyvt\u00e1r \u00e9rt\u00e9kes aj\u00e1nd\u00e9kcsomagjait.<br><br>N\u00f3gr\u00e1d megyei t\u00e1mogat\u00f3ink &#8211; B\u00fckki Nemzeti Park Igazgat\u00f3s\u00e1g, G3 Vend\u00e9gl\u0151, Pal\u00f3c Ring, Holl\u00f3k\u0151 K\u00f6zs\u00e9g \u00d6nkorm\u00e1nyzata &#8211; \u00e1ltal felaj\u00e1nlott \u00e9lm\u00e9nyaj\u00e1nd\u00e9kok seg\u00edts\u00e9g\u00e9vel tov\u00e1bbi k\u00f6z\u00f6ss\u00e9gi egy\u00fcttl\u00e9t r\u00e9szesei lehetnek a K\u00f6nyvbar\u00e1t K\u00f6z\u00f6ss\u00e9gek 2022-ben is.<\/p>\n\n\n\n<figure class=\"wp-container-2 wp-block-gallery-1 wp-block-gallery has-nested-images columns-1 is-cropped\">\n<figure class=\"wp-block-image size-large\"><img loading=\"lazy\" width=\"724\" height=\"1024\" data-id=\"786\"  src=\"https:\/\/digitaliskonyvtar.bbmk.hu\/kszrjatek\/wp-content\/uploads\/2022\/10\/0-724x1024.png\" alt=\"\" class=\"wp-image-786\" srcset=\"https:\/\/digitaliskonyvtar.bbmk.hu\/kszrjatek\/wp-content\/uploads\/2022\/10\/0-724x1024.png 724w, https:\/\/digitaliskonyvtar.bbmk.hu\/kszrjatek\/wp-content\/uploads\/2022\/10\/0-212x300.png 212w, https:\/\/digitaliskonyvtar.bbmk.hu\/kszrjatek\/wp-content\/uploads\/2022\/10\/0-768x1086.png 768w, https:\/\/digitaliskonyvtar.bbmk.hu\/kszrjatek\/wp-content\/uploads\/2022\/10\/0-1086x1536.png 1086w, https:\/\/digitaliskonyvtar.bbmk.hu\/kszrjatek\/wp-content\/uploads\/2022\/10\/0.png 1414w\" sizes=\"(max-width: 724px) 100vw, 724px\" \/><\/figure>\n\n\n\n<figure class=\"wp-block-image size-large\"><img loading=\"lazy\" width=\"1024\" height=\"768\" data-id=\"788\"  src=\"https:\/\/digitaliskonyvtar.bbmk.hu\/kszrjatek\/wp-content\/uploads\/2022\/10\/a-1024x768.jpg\" alt=\"\" class=\"wp-image-788\" srcset=\"https:\/\/digitaliskonyvtar.bbmk.hu\/kszrjatek\/wp-content\/uploads\/2022\/10\/a-1024x768.jpg 1024w, https:\/\/digitaliskonyvtar.bbmk.hu\/kszrjatek\/wp-content\/uploads\/2022\/10\/a-300x225.jpg 300w, https:\/\/digitaliskonyvtar.bbmk.hu\/kszrjatek\/wp-content\/uploads\/2022\/10\/a-768x576.jpg 768w, https:\/\/digitaliskonyvtar.bbmk.hu\/kszrjatek\/wp-content\/uploads\/2022\/10\/a-1536x1152.jpg 1536w, https:\/\/digitaliskonyvtar.bbmk.hu\/kszrjatek\/wp-content\/uploads\/2022\/10\/a-2048x1536.jpg 2048w\" sizes=\"(max-width: 1024px) 100vw, 1024px\" \/><\/figure>\n\n\n\n<figure class=\"wp-block-image size-large\"><img loading=\"lazy\" width=\"1024\" height=\"768\" data-id=\"783\"  src=\"https:\/\/digitaliskonyvtar.bbmk.hu\/kszrjatek\/wp-content\/uploads\/2022\/10\/b-1024x768.jpg\" alt=\"\" class=\"wp-image-783\" srcset=\"https:\/\/digitaliskonyvtar.bbmk.hu\/kszrjatek\/wp-content\/uploads\/2022\/10\/b-1024x768.jpg 1024w, https:\/\/digitaliskonyvtar.bbmk.hu\/kszrjatek\/wp-content\/uploads\/2022\/10\/b-300x225.jpg 300w, https:\/\/digitaliskonyvtar.bbmk.hu\/kszrjatek\/wp-content\/uploads\/2022\/10\/b-768x576.jpg 768w, https:\/\/digitaliskonyvtar.bbmk.hu\/kszrjatek\/wp-content\/uploads\/2022\/10\/b-1536x1152.jpg 1536w, https:\/\/digitaliskonyvtar.bbmk.hu\/kszrjatek\/wp-content\/uploads\/2022\/10\/b-2048x1536.jpg 2048w\" sizes=\"(max-width: 1024px) 100vw, 1024px\" \/><\/figure>\n\n\n\n<figure class=\"wp-block-image size-large\"><img loading=\"lazy\" width=\"768\" height=\"1024\" data-id=\"782\"  src=\"https:\/\/digitaliskonyvtar.bbmk.hu\/kszrjatek\/wp-content\/uploads\/2022\/10\/c-768x1024.jpg\" alt=\"\" class=\"wp-image-782\" srcset=\"https:\/\/digitaliskonyvtar.bbmk.hu\/kszrjatek\/wp-content\/uploads\/2022\/10\/c-768x1024.jpg 768w, https:\/\/digitaliskonyvtar.bbmk.hu\/kszrjatek\/wp-content\/uploads\/2022\/10\/c-225x300.jpg 225w, https:\/\/digitaliskonyvtar.bbmk.hu\/kszrjatek\/wp-content\/uploads\/2022\/10\/c-1152x1536.jpg 1152w, https:\/\/digitaliskonyvtar.bbmk.hu\/kszrjatek\/wp-content\/uploads\/2022\/10\/c-1536x2048.jpg 1536w, https:\/\/digitaliskonyvtar.bbmk.hu\/kszrjatek\/wp-content\/uploads\/2022\/10\/c-scaled.jpg 1920w\" sizes=\"(max-width: 768px) 100vw, 768px\" \/><\/figure>\n\n\n\n<figure class=\"wp-block-image size-large\"><img loading=\"lazy\" width=\"1024\" height=\"768\" data-id=\"785\"  src=\"https:\/\/digitaliskonyvtar.bbmk.hu\/kszrjatek\/wp-content\/uploads\/2022\/10\/d-1024x768.jpg\" alt=\"\" class=\"wp-image-785\" srcset=\"https:\/\/digitaliskonyvtar.bbmk.hu\/kszrjatek\/wp-content\/uploads\/2022\/10\/d-1024x768.jpg 1024w, https:\/\/digitaliskonyvtar.bbmk.hu\/kszrjatek\/wp-content\/uploads\/2022\/10\/d-300x225.jpg 300w, https:\/\/digitaliskonyvtar.bbmk.hu\/kszrjatek\/wp-content\/uploads\/2022\/10\/d-768x576.jpg 768w, https:\/\/digitaliskonyvtar.bbmk.hu\/kszrjatek\/wp-content\/uploads\/2022\/10\/d-1536x1152.jpg 1536w, https:\/\/digitaliskonyvtar.bbmk.hu\/kszrjatek\/wp-content\/uploads\/2022\/10\/d-2048x1536.jpg 2048w\" sizes=\"(max-width: 1024px) 100vw, 1024px\" \/><\/figure>\n\n\n\n<figure class=\"wp-block-image size-large\"><img loading=\"lazy\" width=\"1024\" height=\"768\" data-id=\"787\"  src=\"https:\/\/digitaliskonyvtar.bbmk.hu\/kszrjatek\/wp-content\/uploads\/2022\/10\/e-1024x768.jpg\" alt=\"\" class=\"wp-image-787\" srcset=\"https:\/\/digitaliskonyvtar.bbmk.hu\/kszrjatek\/wp-content\/uploads\/2022\/10\/e-1024x768.jpg 1024w, https:\/\/digitaliskonyvtar.bbmk.hu\/kszrjatek\/wp-content\/uploads\/2022\/10\/e-300x225.jpg 300w, https:\/\/digitaliskonyvtar.bbmk.hu\/kszrjatek\/wp-content\/uploads\/2022\/10\/e-768x576.jpg 768w, https:\/\/digitaliskonyvtar.bbmk.hu\/kszrjatek\/wp-content\/uploads\/2022\/10\/e-1536x1152.jpg 1536w, https:\/\/digitaliskonyvtar.bbmk.hu\/kszrjatek\/wp-content\/uploads\/2022\/10\/e-2048x1536.jpg 2048w\" sizes=\"(max-width: 1024px) 100vw, 1024px\" \/><\/figure>\n\n\n\n<figure class=\"wp-block-image size-large\"><img loading=\"lazy\" width=\"1024\" height=\"768\" data-id=\"784\"  src=\"https:\/\/digitaliskonyvtar.bbmk.hu\/kszrjatek\/wp-content\/uploads\/2022\/10\/f-1024x768.jpg\" alt=\"\" class=\"wp-image-784\" srcset=\"https:\/\/digitaliskonyvtar.bbmk.hu\/kszrjatek\/wp-content\/uploads\/2022\/10\/f-1024x768.jpg 1024w, https:\/\/digitaliskonyvtar.bbmk.hu\/kszrjatek\/wp-content\/uploads\/2022\/10\/f-300x225.jpg 300w, https:\/\/digitaliskonyvtar.bbmk.hu\/kszrjatek\/wp-content\/uploads\/2022\/10\/f-768x576.jpg 768w, https:\/\/digitaliskonyvtar.bbmk.hu\/kszrjatek\/wp-content\/uploads\/2022\/10\/f-1536x1152.jpg 1536w, https:\/\/digitaliskonyvtar.bbmk.hu\/kszrjatek\/wp-content\/uploads\/2022\/10\/f-2048x1536.jpg 2048w\" sizes=\"(max-width: 1024px) 100vw, 1024px\" \/><\/figure>\n\n\n\n<figure class=\"wp-block-image size-large\"><img loading=\"lazy\" width=\"1024\" height=\"768\" data-id=\"789\"  src=\"https:\/\/digitaliskonyvtar.bbmk.hu\/kszrjatek\/wp-content\/uploads\/2022\/10\/g-1024x768.jpg\" alt=\"\" class=\"wp-image-789\" srcset=\"https:\/\/digitaliskonyvtar.bbmk.hu\/kszrjatek\/wp-content\/uploads\/2022\/10\/g-1024x768.jpg 1024w, https:\/\/digitaliskonyvtar.bbmk.hu\/kszrjatek\/wp-content\/uploads\/2022\/10\/g-300x225.jpg 300w, https:\/\/digitaliskonyvtar.bbmk.hu\/kszrjatek\/wp-content\/uploads\/2022\/10\/g-768x576.jpg 768w, https:\/\/digitaliskonyvtar.bbmk.hu\/kszrjatek\/wp-content\/uploads\/2022\/10\/g-1536x1152.jpg 1536w, https:\/\/digitaliskonyvtar.bbmk.hu\/kszrjatek\/wp-content\/uploads\/2022\/10\/g-2048x1536.jpg 2048w\" sizes=\"(max-width: 1024px) 100vw, 1024px\" \/><\/figure>\n\n\n\n<figure class=\"wp-block-image size-large\"><img loading=\"lazy\" width=\"1024\" height=\"768\" data-id=\"790\"  src=\"https:\/\/digitaliskonyvtar.bbmk.hu\/kszrjatek\/wp-content\/uploads\/2022\/10\/h-1024x768.jpg\" alt=\"\" class=\"wp-image-790\" srcset=\"https:\/\/digitaliskonyvtar.bbmk.hu\/kszrjatek\/wp-content\/uploads\/2022\/10\/h-1024x768.jpg 1024w, https:\/\/digitaliskonyvtar.bbmk.hu\/kszrjatek\/wp-content\/uploads\/2022\/10\/h-300x225.jpg 300w, https:\/\/digitaliskonyvtar.bbmk.hu\/kszrjatek\/wp-content\/uploads\/2022\/10\/h-768x576.jpg 768w, https:\/\/digitaliskonyvtar.bbmk.hu\/kszrjatek\/wp-content\/uploads\/2022\/10\/h-1536x1152.jpg 1536w, https:\/\/digitaliskonyvtar.bbmk.hu\/kszrjatek\/wp-content\/uploads\/2022\/10\/h-2048x1536.jpg 2048w\" sizes=\"(max-width: 1024px) 100vw, 1024px\" \/><\/figure>\n\n\n\n<figure class=\"wp-block-image size-large\"><img loading=\"lazy\" width=\"768\" height=\"1024\" data-id=\"792\"  src=\"https:\/\/digitaliskonyvtar.bbmk.hu\/kszrjatek\/wp-content\/uploads\/2022\/10\/i-768x1024.jpg\" alt=\"\" class=\"wp-image-792\" srcset=\"https:\/\/digitaliskonyvtar.bbmk.hu\/kszrjatek\/wp-content\/uploads\/2022\/10\/i-768x1024.jpg 768w, https:\/\/digitaliskonyvtar.bbmk.hu\/kszrjatek\/wp-content\/uploads\/2022\/10\/i-225x300.jpg 225w, https:\/\/digitaliskonyvtar.bbmk.hu\/kszrjatek\/wp-content\/uploads\/2022\/10\/i-1152x1536.jpg 1152w, https:\/\/digitaliskonyvtar.bbmk.hu\/kszrjatek\/wp-content\/uploads\/2022\/10\/i-1536x2048.jpg 1536w, https:\/\/digitaliskonyvtar.bbmk.hu\/kszrjatek\/wp-content\/uploads\/2022\/10\/i-scaled.jpg 1920w\" sizes=\"(max-width: 768px) 100vw, 768px\" \/><\/figure>\n\n\n\n<figure class=\"wp-block-image size-large\"><img loading=\"lazy\" width=\"1024\" height=\"768\" data-id=\"791\"  src=\"https:\/\/digitaliskonyvtar.bbmk.hu\/kszrjatek\/wp-content\/uploads\/2022\/10\/j-1024x768.jpg\" alt=\"\" class=\"wp-image-791\" srcset=\"https:\/\/digitaliskonyvtar.bbmk.hu\/kszrjatek\/wp-content\/uploads\/2022\/10\/j-1024x768.jpg 1024w, https:\/\/digitaliskonyvtar.bbmk.hu\/kszrjatek\/wp-content\/uploads\/2022\/10\/j-300x225.jpg 300w, https:\/\/digitaliskonyvtar.bbmk.hu\/kszrjatek\/wp-content\/uploads\/2022\/10\/j-768x576.jpg 768w, https:\/\/digitaliskonyvtar.bbmk.hu\/kszrjatek\/wp-content\/uploads\/2022\/10\/j-1536x1152.jpg 1536w, https:\/\/digitaliskonyvtar.bbmk.hu\/kszrjatek\/wp-content\/uploads\/2022\/10\/j-2048x1537.jpg 2048w\" sizes=\"(max-width: 1024px) 100vw, 1024px\" \/><\/figure>\n<\/figure>\n\n\n\n<figure class=\"wp-container-4 wp-block-gallery-3 wp-block-gallery has-nested-images columns-default is-cropped\">\n<figure class=\"wp-block-image size-large\"><img loading=\"lazy\" width=\"1024\" height=\"768\" data-id=\"794\"  src=\"https:\/\/digitaliskonyvtar.bbmk.hu\/kszrjatek\/wp-content\/uploads\/2022\/10\/dijatadas-fb-1024x768.png\" alt=\"\" class=\"wp-image-794\" srcset=\"https:\/\/digitaliskonyvtar.bbmk.hu\/kszrjatek\/wp-content\/uploads\/2022\/10\/dijatadas-fb-1024x768.png 1024w, https:\/\/digitaliskonyvtar.bbmk.hu\/kszrjatek\/wp-content\/uploads\/2022\/10\/dijatadas-fb-300x225.png 300w, https:\/\/digitaliskonyvtar.bbmk.hu\/kszrjatek\/wp-content\/uploads\/2022\/10\/dijatadas-fb-768x576.png 768w, https:\/\/digitaliskonyvtar.bbmk.hu\/kszrjatek\/wp-content\/uploads\/2022\/10\/dijatadas-fb-1536x1152.png 1536w, https:\/\/digitaliskonyvtar.bbmk.hu\/kszrjatek\/wp-content\/uploads\/2022\/10\/dijatadas-fb-2048x1536.png 2048w\" sizes=\"(max-width: 1024px) 100vw, 1024px\" \/><\/figure>\n<\/figure>\n","protected":false},"excerpt":{"rendered":"<p>\u201eN\u00e1lunk otthon vagy&#8221; c\u00edm\u0171 helyismereti j\u00e1t\u00e9kunk d\u00edjazottjai az Orsz\u00e1gos K\u00f6nyvt\u00e1ri Napok keretein bel\u00fcl \u00e1tvehett\u00e9k a Balassi B\u00e1lint Megyei K\u00f6nyvt\u00e1r \u00e9rt\u00e9kes aj\u00e1nd\u00e9kcsomagjait. N\u00f3gr\u00e1d megyei t\u00e1mogat\u00f3ink &#8211; B\u00fckki Nemzeti Park Igazgat\u00f3s\u00e1g, G3 Vend\u00e9gl\u0151, Pal\u00f3c Ring, Holl\u00f3k\u0151 K\u00f6zs\u00e9g \u00d6nkorm\u00e1nyzata &#8211; \u00e1ltal felaj\u00e1nlott \u00e9lm\u00e9nyaj\u00e1nd\u00e9kok seg\u00edts\u00e9g\u00e9vel tov\u00e1bbi k\u00f6z\u00f6ss\u00e9gi egy\u00fcttl\u00e9t r\u00e9szesei lehetnek a K\u00f6nyvbar\u00e1t K\u00f6z\u00f6ss\u00e9gek 2022-ben is.<\/p>\n","protected":false},"author":1,"featured_media":0,"parent":0,"menu_order":0,"comment_status":"closed","ping_status":"closed","template":"","meta":[],"_links":{"self":[{"href":"https:\/\/digitaliskonyvtar.bbmk.hu\/kszrjatek\/index.php\/wp-json\/wp\/v2\/pages\/82"}],"collection":[{"href":"https:\/\/digitaliskonyvtar.bbmk.hu\/kszrjatek\/index.php\/wp-json\/wp\/v2\/pages"}],"about":[{"href":"https:\/\/digitaliskonyvtar.bbmk.hu\/kszrjatek\/index.php\/wp-json\/wp\/v2\/types\/page"}],"author":[{"embeddable":true,"href":"https:\/\/digitaliskonyvtar.bbmk.hu\/kszrjatek\/index.php\/wp-json\/wp\/v2\/users\/1"}],"replies":[{"embeddable":true,"href":"https:\/\/digitaliskonyvtar.bbmk.hu\/kszrjatek\/index.php\/wp-json\/wp\/v2\/comments?post=82"}],"version-history":[{"count":19,"href":"https:\/\/digitaliskonyvtar.bbmk.hu\/kszrjatek\/index.php\/wp-json\/wp\/v2\/pages\/82\/revisions"}],"predecessor-version":[{"id":795,"href":"https:\/\/digitaliskonyvtar.bbmk.hu\/kszrjatek\/index.php\/wp-json\/wp\/v2\/pages\/82\/revisions\/795"}],"wp:attachment":[{"href":"https:\/\/digitaliskonyvtar.bbmk.hu\/kszrjatek\/index.php\/wp-json\/wp\/v2\/media?parent=82"}],"curies":[{"name":"wp","href":"https:\/\/api.w.org\/{rel}","templated":true}]}}