{"id":798,"date":"2022-10-12T13:00:23","date_gmt":"2022-10-12T13:00:23","guid":{"rendered":"https:\/\/digitaliskonyvtar.bbmk.hu\/kszrjatek\/?page_id=798"},"modified":"2022-10-12T13:13:05","modified_gmt":"2022-10-12T13:13:05","slug":"tamogatoink-2","status":"publish","type":"page","link":"https:\/\/digitaliskonyvtar.bbmk.hu\/kszrjatek\/index.php\/tamogatoink-2\/","title":{"rendered":"T\u00e1mogat\u00f3ink"},"content":{"rendered":"\n<p><\/p>\n\n\n\n<div class=\"wp-container-10 wp-block-group\">\n<div class=\"wp-container-9 wp-block-columns\">\n<div class=\"wp-container-8 wp-block-column\" style=\"flex-basis:100%\">\n<div class=\"wp-container-7 wp-block-columns\">\n<div class=\"wp-container-6 wp-block-column\" style=\"flex-basis:100%\">\n<div class=\"wp-container-5 wp-block-columns\">\n<div class=\"wp-container-1 wp-block-column\">\n<figure class=\"wp-block-image size-full\"><a href=\"https:\/\/www.bnpi.hu\/\" target=\"_blank\" rel=\"noreferrer noopener\"><img loading=\"lazy\" width=\"840\" height=\"838\" src=\"https:\/\/digitaliskonyvtar.bbmk.hu\/kszrjatek\/wp-content\/uploads\/2022\/10\/00bnp-1.png\" alt=\"\" class=\"wp-image-800\" srcset=\"https:\/\/digitaliskonyvtar.bbmk.hu\/kszrjatek\/wp-content\/uploads\/2022\/10\/00bnp-1.png 840w, https:\/\/digitaliskonyvtar.bbmk.hu\/kszrjatek\/wp-content\/uploads\/2022\/10\/00bnp-1-300x300.png 300w, https:\/\/digitaliskonyvtar.bbmk.hu\/kszrjatek\/wp-content\/uploads\/2022\/10\/00bnp-1-150x150.png 150w, https:\/\/digitaliskonyvtar.bbmk.hu\/kszrjatek\/wp-content\/uploads\/2022\/10\/00bnp-1-768x766.png 768w\" sizes=\"(max-width: 840px) 100vw, 840px\" \/><\/a><\/figure>\n<\/div>\n\n\n\n<div class=\"wp-container-2 wp-block-column\">\n<figure class=\"wp-block-image size-full\"><a href=\"https:\/\/g3karancsalja.hu\/\" target=\"_blank\" rel=\"noreferrer noopener\"><img loading=\"lazy\" width=\"884\" height=\"856\" src=\"https:\/\/digitaliskonyvtar.bbmk.hu\/kszrjatek\/wp-content\/uploads\/2022\/10\/00g3.png\" alt=\"\" class=\"wp-image-801\" srcset=\"https:\/\/digitaliskonyvtar.bbmk.hu\/kszrjatek\/wp-content\/uploads\/2022\/10\/00g3.png 884w, https:\/\/digitaliskonyvtar.bbmk.hu\/kszrjatek\/wp-content\/uploads\/2022\/10\/00g3-300x290.png 300w, https:\/\/digitaliskonyvtar.bbmk.hu\/kszrjatek\/wp-content\/uploads\/2022\/10\/00g3-768x744.png 768w\" sizes=\"(max-width: 884px) 100vw, 884px\" \/><\/a><\/figure>\n<\/div>\n\n\n\n<div class=\"wp-container-3 wp-block-column\">\n<figure class=\"wp-block-image size-full is-resized\"><a href=\"https:\/\/www.holloko.hu\/\" target=\"_blank\" rel=\"noreferrer noopener\"><img loading=\"lazy\" src=\"https:\/\/digitaliskonyvtar.bbmk.hu\/kszrjatek\/wp-content\/uploads\/2022\/10\/00hk.png\" alt=\"\" class=\"wp-image-802\" width=\"130\" height=\"145\" srcset=\"https:\/\/digitaliskonyvtar.bbmk.hu\/kszrjatek\/wp-content\/uploads\/2022\/10\/00hk.png 783w, https:\/\/digitaliskonyvtar.bbmk.hu\/kszrjatek\/wp-content\/uploads\/2022\/10\/00hk-268x300.png 268w, https:\/\/digitaliskonyvtar.bbmk.hu\/kszrjatek\/wp-content\/uploads\/2022\/10\/00hk-768x860.png 768w\" sizes=\"(max-width: 130px) 100vw, 130px\" \/><\/a><\/figure>\n<\/div>\n\n\n\n<div class=\"wp-container-4 wp-block-column\">\n<figure class=\"wp-block-image size-full is-resized\"><a href=\"https:\/\/palocring.hu\/\" target=\"_blank\" rel=\"noreferrer noopener\"><img loading=\"lazy\" src=\"https:\/\/digitaliskonyvtar.bbmk.hu\/kszrjatek\/wp-content\/uploads\/2022\/10\/00pr.png\" alt=\"\" class=\"wp-image-803\" width=\"205\" height=\"141\" srcset=\"https:\/\/digitaliskonyvtar.bbmk.hu\/kszrjatek\/wp-content\/uploads\/2022\/10\/00pr.png 1226w, https:\/\/digitaliskonyvtar.bbmk.hu\/kszrjatek\/wp-content\/uploads\/2022\/10\/00pr-300x208.png 300w, https:\/\/digitaliskonyvtar.bbmk.hu\/kszrjatek\/wp-content\/uploads\/2022\/10\/00pr-1024x708.png 1024w, https:\/\/digitaliskonyvtar.bbmk.hu\/kszrjatek\/wp-content\/uploads\/2022\/10\/00pr-768x531.png 768w\" sizes=\"(max-width: 205px) 100vw, 205px\" \/><\/a><\/figure>\n<\/div>\n<\/div>\n<\/div>\n<\/div>\n<\/div>\n<\/div>\n<\/div>\n\n\n\n<div style=\"height:30px\" aria-hidden=\"true\" class=\"wp-block-spacer\"><\/div>\n\n\n\n<div class=\"wp-container-20 wp-block-group\">\n<div class=\"wp-container-19 wp-block-columns\">\n<div class=\"wp-container-18 wp-block-column\" style=\"flex-basis:100%\">\n<div class=\"wp-container-17 wp-block-columns\">\n<div class=\"wp-container-16 wp-block-column\" style=\"flex-basis:100%\">\n<div class=\"wp-container-15 wp-block-columns\">\n<div class=\"wp-container-11 wp-block-column\">\n<figure class=\"wp-block-image aligncenter size-full is-resized\"><a href=\"https:\/\/hu-hu.facebook.com\/bukkinemzetipark\/\" target=\"_blank\" rel=\"noreferrer noopener\"><img loading=\"lazy\" src=\"https:\/\/digitaliskonyvtar.bbmk.hu\/kszrjatek\/wp-content\/uploads\/2022\/10\/facebook-3383596_960_720.png\" alt=\"\" class=\"wp-image-804\" width=\"72\" height=\"72\" srcset=\"https:\/\/digitaliskonyvtar.bbmk.hu\/kszrjatek\/wp-content\/uploads\/2022\/10\/facebook-3383596_960_720.png 180w, https:\/\/digitaliskonyvtar.bbmk.hu\/kszrjatek\/wp-content\/uploads\/2022\/10\/facebook-3383596_960_720-150x150.png 150w\" sizes=\"(max-width: 72px) 100vw, 72px\" \/><\/a><figcaption>B\u00fckki Nemzeti Park Igazgat\u00f3s\u00e1g<\/figcaption><\/figure>\n<\/div>\n\n\n\n<div class=\"wp-container-12 wp-block-column\">\n<figure class=\"wp-block-image aligncenter size-full is-resized\"><a href=\"https:\/\/www.facebook.com\/g3vendeglo\/\" target=\"_blank\" rel=\"noreferrer noopener\"><img loading=\"lazy\" src=\"https:\/\/digitaliskonyvtar.bbmk.hu\/kszrjatek\/wp-content\/uploads\/2022\/10\/facebook-3383596_960_720-1.png\" alt=\"\" class=\"wp-image-805\" width=\"72\" height=\"72\" srcset=\"https:\/\/digitaliskonyvtar.bbmk.hu\/kszrjatek\/wp-content\/uploads\/2022\/10\/facebook-3383596_960_720-1.png 180w, https:\/\/digitaliskonyvtar.bbmk.hu\/kszrjatek\/wp-content\/uploads\/2022\/10\/facebook-3383596_960_720-1-150x150.png 150w\" sizes=\"(max-width: 72px) 100vw, 72px\" \/><\/a><figcaption>G3 Vend\u00e9gl\u0151<\/figcaption><\/figure>\n<\/div>\n\n\n\n<div class=\"wp-container-13 wp-block-column\">\n<figure class=\"wp-block-image aligncenter size-full is-resized\"><a href=\"https:\/\/hu-hu.facebook.com\/IloveHolloko\/\" target=\"_blank\" rel=\"noreferrer noopener\"><img loading=\"lazy\" src=\"https:\/\/digitaliskonyvtar.bbmk.hu\/kszrjatek\/wp-content\/uploads\/2022\/10\/facebook-3383596_960_720-2.png\" alt=\"\" class=\"wp-image-806\" width=\"72\" height=\"72\" srcset=\"https:\/\/digitaliskonyvtar.bbmk.hu\/kszrjatek\/wp-content\/uploads\/2022\/10\/facebook-3383596_960_720-2.png 180w, https:\/\/digitaliskonyvtar.bbmk.hu\/kszrjatek\/wp-content\/uploads\/2022\/10\/facebook-3383596_960_720-2-150x150.png 150w\" sizes=\"(max-width: 72px) 100vw, 72px\" \/><\/a><figcaption>Holl\u00f3k\u0151, az \u00e9l\u0151 falu<\/figcaption><\/figure>\n<\/div>\n\n\n\n<div class=\"wp-container-14 wp-block-column\">\n<figure class=\"wp-block-image aligncenter size-full is-resized\"><a href=\"https:\/\/hu-hu.facebook.com\/people\/Pal%C3%B3c-Ring\/100065852615199\/\" target=\"_blank\" rel=\"noreferrer noopener\"><img loading=\"lazy\" src=\"https:\/\/digitaliskonyvtar.bbmk.hu\/kszrjatek\/wp-content\/uploads\/2022\/10\/facebook-3383596_960_720-3.png\" alt=\"\" class=\"wp-image-807\" width=\"72\" height=\"72\" srcset=\"https:\/\/digitaliskonyvtar.bbmk.hu\/kszrjatek\/wp-content\/uploads\/2022\/10\/facebook-3383596_960_720-3.png 180w, https:\/\/digitaliskonyvtar.bbmk.hu\/kszrjatek\/wp-content\/uploads\/2022\/10\/facebook-3383596_960_720-3-150x150.png 150w\" sizes=\"(max-width: 72px) 100vw, 72px\" \/><\/a><figcaption>Pal\u00f3c Ring<\/figcaption><\/figure>\n<\/div>\n<\/div>\n<\/div>\n<\/div>\n<\/div>\n<\/div>\n<\/div>\n\n\n\n<div style=\"height:100px\" aria-hidden=\"true\" class=\"wp-block-spacer\"><\/div>\n\n\n\n<p>K\u00f6sz\u00f6nj\u00fck az \u00e9rt\u00e9kes aj\u00e1nd\u00e9kokat!<\/p>\n","protected":false},"excerpt":{"rendered":"<p>K\u00f6sz\u00f6nj\u00fck az \u00e9rt\u00e9kes aj\u00e1nd\u00e9kokat!<\/p>\n","protected":false},"author":1,"featured_media":0,"parent":0,"menu_order":0,"comment_status":"closed","ping_status":"closed","template":"","meta":[],"_links":{"self":[{"href":"https:\/\/digitaliskonyvtar.bbmk.hu\/kszrjatek\/index.php\/wp-json\/wp\/v2\/pages\/798"}],"collection":[{"href":"https:\/\/digitaliskonyvtar.bbmk.hu\/kszrjatek\/index.php\/wp-json\/wp\/v2\/pages"}],"about":[{"href":"https:\/\/digitaliskonyvtar.bbmk.hu\/kszrjatek\/index.php\/wp-json\/wp\/v2\/types\/page"}],"author":[{"embeddable":true,"href":"https:\/\/digitaliskonyvtar.bbmk.hu\/kszrjatek\/index.php\/wp-json\/wp\/v2\/users\/1"}],"replies":[{"embeddable":true,"href":"https:\/\/digitaliskonyvtar.bbmk.hu\/kszrjatek\/index.php\/wp-json\/wp\/v2\/comments?post=798"}],"version-history":[{"count":4,"href":"https:\/\/digitaliskonyvtar.bbmk.hu\/kszrjatek\/index.php\/wp-json\/wp\/v2\/pages\/798\/revisions"}],"predecessor-version":[{"id":815,"href":"https:\/\/digitaliskonyvtar.bbmk.hu\/kszrjatek\/index.php\/wp-json\/wp\/v2\/pages\/798\/revisions\/815"}],"wp:attachment":[{"href":"https:\/\/digitaliskonyvtar.bbmk.hu\/kszrjatek\/index.php\/wp-json\/wp\/v2\/media?parent=798"}],"curies":[{"name":"wp","href":"https:\/\/api.w.org\/{rel}","templated":true}]}}