{"id":741,"date":"2022-08-01T09:30:52","date_gmt":"2022-08-01T09:30:52","guid":{"rendered":"https:\/\/digitaliskonyvtar.bbmk.hu\/kszrjatek\/?page_id=741"},"modified":"2022-08-18T05:41:06","modified_gmt":"2022-08-18T05:41:06","slug":"5-feladat","status":"publish","type":"page","link":"https:\/\/digitaliskonyvtar.bbmk.hu\/kszrjatek\/index.php\/5-feladat\/","title":{"rendered":"5. feladat"},"content":{"rendered":"\n<p><strong>5\/A<\/strong><\/p>\n\n\n\n<p>Kutass\u00e1tok fel a falu egy id\u0151s lak\u00f3j\u00e1t! K\u00e9sz\u00edtsetek vele<br>interj\u00fat, mes\u00e9ljen el egy t\u00f6rt\u00e9netet a telep\u00fcl\u00e9ssel<br>kapcsolatosan, amire sz\u00edvesen eml\u00e9kszik vissza! \u00cdrj\u00e1tok le a<br>t\u00f6rt\u00e9netet!<\/p>\n\n\n\n<div style=\"height:45px\" aria-hidden=\"true\" class=\"wp-block-spacer\"><\/div>\n\n\n\n<p><strong>5\/B<\/strong><\/p>\n\n\n\n<p>Kedvenc helyem a telep\u00fcl\u00e9sen!<br>K\u00e9sz\u00edtsetek fot\u00f3t \u00e9s indokolj\u00e1tok mi\u00e9rt?<\/p>\n\n\n\n<p><\/p>\n\n\n\n<div style=\"height:45px\" aria-hidden=\"true\" class=\"wp-block-spacer\"><\/div>\n\n\n<p><iframe loading=\"lazy\" src=\"https:\/\/dkvt.bbmk.hu\/ftolt\/\" allowfullscreen=\"allowfullscreen\" width=\"100%\" height=\"650px\" frameborder=\"0\"><\/iframe><\/p>\n\n\n<p class=\"has-small-font-size\"><em>(A maxim\u00e1lis felt\u00f6lthet\u0151 f\u00e1jlm\u00e9ret: 250 MB.)<\/em><\/p>\n","protected":false},"excerpt":{"rendered":"<p>5\/A Kutass\u00e1tok fel a falu egy id\u0151s lak\u00f3j\u00e1t! K\u00e9sz\u00edtsetek veleinterj\u00fat, mes\u00e9ljen el egy t\u00f6rt\u00e9netet a telep\u00fcl\u00e9sselkapcsolatosan, amire sz\u00edvesen eml\u00e9kszik vissza! \u00cdrj\u00e1tok le at\u00f6rt\u00e9netet! 5\/B Kedvenc helyem a telep\u00fcl\u00e9sen!K\u00e9sz\u00edtsetek fot\u00f3t \u00e9s indokolj\u00e1tok mi\u00e9rt? (A maxim\u00e1lis felt\u00f6lthet\u0151 f\u00e1jlm\u00e9ret: 250 MB.)<\/p>\n","protected":false},"author":1,"featured_media":0,"parent":0,"menu_order":0,"comment_status":"closed","ping_status":"closed","template":"","meta":[],"_links":{"self":[{"href":"https:\/\/digitaliskonyvtar.bbmk.hu\/kszrjatek\/index.php\/wp-json\/wp\/v2\/pages\/741"}],"collection":[{"href":"https:\/\/digitaliskonyvtar.bbmk.hu\/kszrjatek\/index.php\/wp-json\/wp\/v2\/pages"}],"about":[{"href":"https:\/\/digitaliskonyvtar.bbmk.hu\/kszrjatek\/index.php\/wp-json\/wp\/v2\/types\/page"}],"author":[{"embeddable":true,"href":"https:\/\/digitaliskonyvtar.bbmk.hu\/kszrjatek\/index.php\/wp-json\/wp\/v2\/users\/1"}],"replies":[{"embeddable":true,"href":"https:\/\/digitaliskonyvtar.bbmk.hu\/kszrjatek\/index.php\/wp-json\/wp\/v2\/comments?post=741"}],"version-history":[{"count":1,"href":"https:\/\/digitaliskonyvtar.bbmk.hu\/kszrjatek\/index.php\/wp-json\/wp\/v2\/pages\/741\/revisions"}],"predecessor-version":[{"id":744,"href":"https:\/\/digitaliskonyvtar.bbmk.hu\/kszrjatek\/index.php\/wp-json\/wp\/v2\/pages\/741\/revisions\/744"}],"wp:attachment":[{"href":"https:\/\/digitaliskonyvtar.bbmk.hu\/kszrjatek\/index.php\/wp-json\/wp\/v2\/media?parent=741"}],"curies":[{"name":"wp","href":"https:\/\/api.w.org\/{rel}","templated":true}]}}