{"id":737,"date":"2022-08-01T09:23:11","date_gmt":"2022-08-01T09:23:11","guid":{"rendered":"https:\/\/digitaliskonyvtar.bbmk.hu\/kszrjatek\/?page_id=737"},"modified":"2022-08-03T07:22:49","modified_gmt":"2022-08-03T07:22:49","slug":"4-feladat","status":"publish","type":"page","link":"https:\/\/digitaliskonyvtar.bbmk.hu\/kszrjatek\/index.php\/4-feladat\/","title":{"rendered":"4. feladat"},"content":{"rendered":"\n<p><strong>4\/A<\/strong><\/p>\n\n\n\n<p><strong>\u00c9rdekl\u0151djetek az id\u0151sekt\u0151l, van-e olyan helyi mond\u00f3ka,<br>vers, mese, amit sz\u00fcleikt\u0151l, nagysz\u00fcleikt\u0151l tanultak?<\/strong><\/p>\n\n\n\n<p>Mondj\u00e1tok el egyet k\u00f6z\u00f6sen, k\u00e9sz\u00edtsetek vide\u00f3t r\u00f3la!<\/p>\n\n\n\n<div style=\"height:45px\" aria-hidden=\"true\" class=\"wp-block-spacer\"><\/div>\n\n\n\n<p><strong>4\/B<\/strong><\/p>\n\n\n\n<p><strong>N\u00e9zegessetek, gy\u0171jtsetek r\u00e9gi fot\u00f3kat a telep\u00fcl\u00e9sen!<\/strong><\/p>\n\n\n\n<p>Fot\u00f3zz\u00e1tok le, \u00edrj\u00e1tok meg mir\u0151l sz\u00f3l, kb. mikor k\u00e9sz\u00fclt, kit vagy mit \u00e1br\u00e1zol, <br>egy\u00e9b fontos inform\u00e1ci\u00f3kat, amit tudtok a k\u00e9ppel<br>kapcsolatban!<\/p>\n\n\n\n<div style=\"height:45px\" aria-hidden=\"true\" class=\"wp-block-spacer\"><\/div>\n\n\n<p><iframe loading=\"lazy\" src=\"https:\/\/dkvt.bbmk.hu\/ftolt\/\" allowfullscreen=\"allowfullscreen\" width=\"100%\" height=\"650px\" frameborder=\"0\"><\/iframe><\/p>\n\n\n<p class=\"has-small-font-size\"><em>(A maxim\u00e1lis felt\u00f6lthet\u0151 f\u00e1jlm\u00e9ret: 250 MB.)<\/em><\/p>\n","protected":false},"excerpt":{"rendered":"<p>4\/A \u00c9rdekl\u0151djetek az id\u0151sekt\u0151l, van-e olyan helyi mond\u00f3ka,vers, mese, amit sz\u00fcleikt\u0151l, nagysz\u00fcleikt\u0151l tanultak? Mondj\u00e1tok el egyet k\u00f6z\u00f6sen, k\u00e9sz\u00edtsetek vide\u00f3t r\u00f3la! 4\/B N\u00e9zegessetek, gy\u0171jtsetek r\u00e9gi fot\u00f3kat a telep\u00fcl\u00e9sen! Fot\u00f3zz\u00e1tok le, \u00edrj\u00e1tok meg mir\u0151l sz\u00f3l, kb. mikor k\u00e9sz\u00fclt, kit vagy mit \u00e1br\u00e1zol, egy\u00e9b fontos inform\u00e1ci\u00f3kat, amit tudtok a k\u00e9ppelkapcsolatban! (A maxim\u00e1lis felt\u00f6lthet\u0151 f\u00e1jlm\u00e9ret: 250 MB.)<\/p>\n","protected":false},"author":1,"featured_media":0,"parent":0,"menu_order":0,"comment_status":"closed","ping_status":"closed","template":"","meta":[],"_links":{"self":[{"href":"https:\/\/digitaliskonyvtar.bbmk.hu\/kszrjatek\/index.php\/wp-json\/wp\/v2\/pages\/737"}],"collection":[{"href":"https:\/\/digitaliskonyvtar.bbmk.hu\/kszrjatek\/index.php\/wp-json\/wp\/v2\/pages"}],"about":[{"href":"https:\/\/digitaliskonyvtar.bbmk.hu\/kszrjatek\/index.php\/wp-json\/wp\/v2\/types\/page"}],"author":[{"embeddable":true,"href":"https:\/\/digitaliskonyvtar.bbmk.hu\/kszrjatek\/index.php\/wp-json\/wp\/v2\/users\/1"}],"replies":[{"embeddable":true,"href":"https:\/\/digitaliskonyvtar.bbmk.hu\/kszrjatek\/index.php\/wp-json\/wp\/v2\/comments?post=737"}],"version-history":[{"count":3,"href":"https:\/\/digitaliskonyvtar.bbmk.hu\/kszrjatek\/index.php\/wp-json\/wp\/v2\/pages\/737\/revisions"}],"predecessor-version":[{"id":746,"href":"https:\/\/digitaliskonyvtar.bbmk.hu\/kszrjatek\/index.php\/wp-json\/wp\/v2\/pages\/737\/revisions\/746"}],"wp:attachment":[{"href":"https:\/\/digitaliskonyvtar.bbmk.hu\/kszrjatek\/index.php\/wp-json\/wp\/v2\/media?parent=737"}],"curies":[{"name":"wp","href":"https:\/\/api.w.org\/{rel}","templated":true}]}}