{"id":721,"date":"2022-07-20T06:16:26","date_gmt":"2022-07-20T06:16:26","guid":{"rendered":"https:\/\/digitaliskonyvtar.bbmk.hu\/kszrjatek\/?page_id=721"},"modified":"2022-07-20T06:17:52","modified_gmt":"2022-07-20T06:17:52","slug":"3-feladat","status":"publish","type":"page","link":"https:\/\/digitaliskonyvtar.bbmk.hu\/kszrjatek\/index.php\/3-feladat\/","title":{"rendered":"3. feladat"},"content":{"rendered":"\n<p><strong>3\/A<\/strong><\/p>\n\n\n\n<p><strong>K\u00e9sz\u00edtsetek virtu\u00e1lis bemutat\u00f3t a helyi k\u00f6nyvt\u00e1rr\u00f3l!<\/strong><\/p>\n\n\n\n<p>(max. 2 perces vide\u00f3)<\/p>\n\n\n\n<div style=\"height:45px\" aria-hidden=\"true\" class=\"wp-block-spacer\"><\/div>\n\n\n\n<p><strong>3\/B<\/strong><\/p>\n\n\n\n<p><strong>\u00cdrjatok \u00e9lm\u00e9nybesz\u00e1mol\u00f3t egy a k\u00f6nyvt\u00e1rban megrendezett, j\u00f3l siker\u00fclt programr\u00f3l!<\/strong><\/p>\n\n\n\n<p>(max. 1-2 A4-es oldal)<\/p>\n\n\n\n<div style=\"height:45px\" aria-hidden=\"true\" class=\"wp-block-spacer\"><\/div>\n\n\n<p><iframe loading=\"lazy\" src=\"https:\/\/dkvt.bbmk.hu\/ftolt\/\" allowfullscreen=\"allowfullscreen\" width=\"100%\" height=\"650px\" frameborder=\"0\"><\/iframe><\/p>\n\n\n<p class=\"has-small-font-size\"><em>(A maxim\u00e1lis felt\u00f6lthet\u0151 f\u00e1jlm\u00e9ret: 250 MB.)<\/em><\/p>\n","protected":false},"excerpt":{"rendered":"<p>3\/A K\u00e9sz\u00edtsetek virtu\u00e1lis bemutat\u00f3t a helyi k\u00f6nyvt\u00e1rr\u00f3l! (max. 2 perces vide\u00f3) 3\/B \u00cdrjatok \u00e9lm\u00e9nybesz\u00e1mol\u00f3t egy a k\u00f6nyvt\u00e1rban megrendezett, j\u00f3l siker\u00fclt programr\u00f3l! (max. 1-2 A4-es oldal) (A maxim\u00e1lis felt\u00f6lthet\u0151 f\u00e1jlm\u00e9ret: 250 MB.)<\/p>\n","protected":false},"author":1,"featured_media":0,"parent":0,"menu_order":0,"comment_status":"closed","ping_status":"closed","template":"","meta":[],"_links":{"self":[{"href":"https:\/\/digitaliskonyvtar.bbmk.hu\/kszrjatek\/index.php\/wp-json\/wp\/v2\/pages\/721"}],"collection":[{"href":"https:\/\/digitaliskonyvtar.bbmk.hu\/kszrjatek\/index.php\/wp-json\/wp\/v2\/pages"}],"about":[{"href":"https:\/\/digitaliskonyvtar.bbmk.hu\/kszrjatek\/index.php\/wp-json\/wp\/v2\/types\/page"}],"author":[{"embeddable":true,"href":"https:\/\/digitaliskonyvtar.bbmk.hu\/kszrjatek\/index.php\/wp-json\/wp\/v2\/users\/1"}],"replies":[{"embeddable":true,"href":"https:\/\/digitaliskonyvtar.bbmk.hu\/kszrjatek\/index.php\/wp-json\/wp\/v2\/comments?post=721"}],"version-history":[{"count":3,"href":"https:\/\/digitaliskonyvtar.bbmk.hu\/kszrjatek\/index.php\/wp-json\/wp\/v2\/pages\/721\/revisions"}],"predecessor-version":[{"id":725,"href":"https:\/\/digitaliskonyvtar.bbmk.hu\/kszrjatek\/index.php\/wp-json\/wp\/v2\/pages\/721\/revisions\/725"}],"wp:attachment":[{"href":"https:\/\/digitaliskonyvtar.bbmk.hu\/kszrjatek\/index.php\/wp-json\/wp\/v2\/media?parent=721"}],"curies":[{"name":"wp","href":"https:\/\/api.w.org\/{rel}","templated":true}]}}