{"id":697,"date":"2022-07-04T10:26:14","date_gmt":"2022-07-04T10:26:14","guid":{"rendered":"https:\/\/digitaliskonyvtar.bbmk.hu\/kszrjatek\/?page_id=697"},"modified":"2022-07-20T06:05:49","modified_gmt":"2022-07-20T06:05:49","slug":"2-feladat","status":"publish","type":"page","link":"https:\/\/digitaliskonyvtar.bbmk.hu\/kszrjatek\/index.php\/2-feladat\/","title":{"rendered":"2. feladat"},"content":{"rendered":"\n<p><strong>2\/A<\/strong><\/p>\n\n\n\n<p><strong>Gy\u0171jts\u00e9tek \u00f6ssze, fot\u00f3kkal illusztr\u00e1lj\u00e1tok!<\/strong><\/p>\n\n\n\n<p>\u00c9rdekess\u00e9gek, jellegzetess\u00e9gek, legek, k\u00fcl\u00f6nlegess\u00e9gek, b\u00fcszkes\u00e9gek, \u00e9rdekes szavak, helyek, \u00e9telek, hagyom\u00e1nyok&nbsp;a telep\u00fcl\u00e9sen,&nbsp;stb. (minimum 2 t\u00e9ma, t\u00e9m\u00e1nk\u00e9nt 5-5 db) Mutass\u00e1tok be, &nbsp;mi\u00e9rt&nbsp; k\u00fcl\u00f6nleges sz\u00e1motokra!<\/p>\n\n\n\n<div style=\"height:45px\" aria-hidden=\"true\" class=\"wp-block-spacer\"><\/div>\n\n\n\n<p><strong>2\/B<\/strong><\/p>\n\n\n\n<p><strong>K\u00e9sz\u00edts\u00e9tek el k\u00f6z\u00f6sen a telep\u00fcl\u00e9s jellegzetes \u00e9tel\u00e9t!<\/strong><\/p>\n\n\n\n<p>Az egyes munkafolyamatokr\u00f3l k\u00fcldjetek fot\u00f3t! \u00cdrj\u00e1tok le a receptet!<\/p>\n\n\n\n<div style=\"height:45px\" aria-hidden=\"true\" class=\"wp-block-spacer\"><\/div>\n\n\n<p><iframe loading=\"lazy\" src=\"https:\/\/dkvt.bbmk.hu\/ftolt\/\" allowfullscreen=\"allowfullscreen\" width=\"100%\" height=\"650px\" frameborder=\"0\"><\/iframe><\/p>\n\n\n<p class=\"has-small-font-size\"><em>(A maxim\u00e1lis felt\u00f6lthet\u0151 f\u00e1jlm\u00e9ret: 250 MB.)<\/em><\/p>\n","protected":false},"excerpt":{"rendered":"<p>2\/A Gy\u0171jts\u00e9tek \u00f6ssze, fot\u00f3kkal illusztr\u00e1lj\u00e1tok! \u00c9rdekess\u00e9gek, jellegzetess\u00e9gek, legek, k\u00fcl\u00f6nlegess\u00e9gek, b\u00fcszkes\u00e9gek, \u00e9rdekes szavak, helyek, \u00e9telek, hagyom\u00e1nyok&nbsp;a telep\u00fcl\u00e9sen,&nbsp;stb. (minimum 2 t\u00e9ma, t\u00e9m\u00e1nk\u00e9nt 5-5 db) Mutass\u00e1tok be, &nbsp;mi\u00e9rt&nbsp; k\u00fcl\u00f6nleges sz\u00e1motokra! 2\/B K\u00e9sz\u00edts\u00e9tek el k\u00f6z\u00f6sen a telep\u00fcl\u00e9s jellegzetes \u00e9tel\u00e9t! Az egyes munkafolyamatokr\u00f3l k\u00fcldjetek fot\u00f3t! \u00cdrj\u00e1tok le a receptet! (A maxim\u00e1lis felt\u00f6lthet\u0151 f\u00e1jlm\u00e9ret: 250 MB.)<\/p>\n","protected":false},"author":1,"featured_media":0,"parent":0,"menu_order":0,"comment_status":"closed","ping_status":"closed","template":"","meta":[],"_links":{"self":[{"href":"https:\/\/digitaliskonyvtar.bbmk.hu\/kszrjatek\/index.php\/wp-json\/wp\/v2\/pages\/697"}],"collection":[{"href":"https:\/\/digitaliskonyvtar.bbmk.hu\/kszrjatek\/index.php\/wp-json\/wp\/v2\/pages"}],"about":[{"href":"https:\/\/digitaliskonyvtar.bbmk.hu\/kszrjatek\/index.php\/wp-json\/wp\/v2\/types\/page"}],"author":[{"embeddable":true,"href":"https:\/\/digitaliskonyvtar.bbmk.hu\/kszrjatek\/index.php\/wp-json\/wp\/v2\/users\/1"}],"replies":[{"embeddable":true,"href":"https:\/\/digitaliskonyvtar.bbmk.hu\/kszrjatek\/index.php\/wp-json\/wp\/v2\/comments?post=697"}],"version-history":[{"count":8,"href":"https:\/\/digitaliskonyvtar.bbmk.hu\/kszrjatek\/index.php\/wp-json\/wp\/v2\/pages\/697\/revisions"}],"predecessor-version":[{"id":720,"href":"https:\/\/digitaliskonyvtar.bbmk.hu\/kszrjatek\/index.php\/wp-json\/wp\/v2\/pages\/697\/revisions\/720"}],"wp:attachment":[{"href":"https:\/\/digitaliskonyvtar.bbmk.hu\/kszrjatek\/index.php\/wp-json\/wp\/v2\/media?parent=697"}],"curies":[{"name":"wp","href":"https:\/\/api.w.org\/{rel}","templated":true}]}}