{"id":490,"date":"2022-06-07T12:58:11","date_gmt":"2022-06-07T12:58:11","guid":{"rendered":"https:\/\/digitaliskonyvtar.bbmk.hu\/kszrjatek\/?page_id=490"},"modified":"2022-06-22T06:06:37","modified_gmt":"2022-06-22T06:06:37","slug":"1-feladat","status":"publish","type":"page","link":"https:\/\/digitaliskonyvtar.bbmk.hu\/kszrjatek\/index.php\/1-feladat\/","title":{"rendered":"1. feladat"},"content":{"rendered":"\n<p><strong>1\/A<\/strong><\/p>\n\n\n\n<p>K\u00e9sz\u00edtsetek csapatfot\u00f3t a k\u00f6zs\u00e9gn\u00e9v t\u00e1bl\u00e1n\u00e1l \u00e9s k\u00fcldj\u00e9tek el nek\u00fcnk!<\/p>\n\n\n\n<div style=\"height:45px\" aria-hidden=\"true\" class=\"wp-block-spacer\"><\/div>\n\n\n\n<p><strong>1\/B<\/strong><\/p>\n\n\n\n<p class=\"has-medium-font-size\">A k\u00f6zs\u00e9gi k\u00f6nyvt\u00e1rb\u00f3l kiindulva k\u00e9sz\u00edts\u00e9tek el a telep\u00fcl\u00e9s l\u00e1tv\u00e1ny-t\u00e9rk\u00e9p\u00e9t, amelyen szerepeljenek a fontosabb int\u00e9zm\u00e9nyek, l\u00e1tnival\u00f3k!<br><em>B\u00e1rmilyen forma v\u00e1laszthat\u00f3, grafika, fot\u00f3, stb.<\/em><\/p>\n\n\n\n<div style=\"height:45px\" aria-hidden=\"true\" class=\"wp-block-spacer\"><\/div>\n\n\n<p><iframe loading=\"lazy\" src=\"https:\/\/dkvt.bbmk.hu\/ftolt\/\" allowfullscreen=\"allowfullscreen\" width=\"100%\" height=\"650px\" frameborder=\"0\"><\/iframe><\/p>\n\n\n<p class=\"has-small-font-size\"><em>(A maxim\u00e1lis felt\u00f6lthet\u0151 f\u00e1jlm\u00e9ret: 250 MB.)<\/em><\/p>\n","protected":false},"excerpt":{"rendered":"<p>1\/A K\u00e9sz\u00edtsetek csapatfot\u00f3t a k\u00f6zs\u00e9gn\u00e9v t\u00e1bl\u00e1n\u00e1l \u00e9s k\u00fcldj\u00e9tek el nek\u00fcnk! 1\/B A k\u00f6zs\u00e9gi k\u00f6nyvt\u00e1rb\u00f3l kiindulva k\u00e9sz\u00edts\u00e9tek el a telep\u00fcl\u00e9s l\u00e1tv\u00e1ny-t\u00e9rk\u00e9p\u00e9t, amelyen szerepeljenek a fontosabb int\u00e9zm\u00e9nyek, l\u00e1tnival\u00f3k!B\u00e1rmilyen forma v\u00e1laszthat\u00f3, grafika, fot\u00f3, stb. (A maxim\u00e1lis felt\u00f6lthet\u0151 f\u00e1jlm\u00e9ret: 250 MB.)<\/p>\n","protected":false},"author":1,"featured_media":0,"parent":0,"menu_order":0,"comment_status":"closed","ping_status":"closed","template":"","meta":[],"_links":{"self":[{"href":"https:\/\/digitaliskonyvtar.bbmk.hu\/kszrjatek\/index.php\/wp-json\/wp\/v2\/pages\/490"}],"collection":[{"href":"https:\/\/digitaliskonyvtar.bbmk.hu\/kszrjatek\/index.php\/wp-json\/wp\/v2\/pages"}],"about":[{"href":"https:\/\/digitaliskonyvtar.bbmk.hu\/kszrjatek\/index.php\/wp-json\/wp\/v2\/types\/page"}],"author":[{"embeddable":true,"href":"https:\/\/digitaliskonyvtar.bbmk.hu\/kszrjatek\/index.php\/wp-json\/wp\/v2\/users\/1"}],"replies":[{"embeddable":true,"href":"https:\/\/digitaliskonyvtar.bbmk.hu\/kszrjatek\/index.php\/wp-json\/wp\/v2\/comments?post=490"}],"version-history":[{"count":34,"href":"https:\/\/digitaliskonyvtar.bbmk.hu\/kszrjatek\/index.php\/wp-json\/wp\/v2\/pages\/490\/revisions"}],"predecessor-version":[{"id":1396,"href":"https:\/\/digitaliskonyvtar.bbmk.hu\/kszrjatek\/index.php\/wp-json\/wp\/v2\/pages\/490\/revisions\/1396"}],"wp:attachment":[{"href":"https:\/\/digitaliskonyvtar.bbmk.hu\/kszrjatek\/index.php\/wp-json\/wp\/v2\/media?parent=490"}],"curies":[{"name":"wp","href":"https:\/\/api.w.org\/{rel}","templated":true}]}}