{"id":448,"date":"2022-06-07T08:37:13","date_gmt":"2022-06-07T08:37:13","guid":{"rendered":"https:\/\/digitaliskonyvtar.bbmk.hu\/kszrjatek\/?page_id=448"},"modified":"2022-07-29T09:24:27","modified_gmt":"2022-07-29T09:24:27","slug":"dijkioszto-unnepseg","status":"publish","type":"page","link":"https:\/\/digitaliskonyvtar.bbmk.hu\/kszrjatek\/index.php\/dijkioszto-unnepseg\/","title":{"rendered":"D\u00edjkioszt\u00f3 \u00fcnneps\u00e9g"},"content":{"rendered":"\n<p><\/p>\n\n\n\n<figure class=\"wp-block-image is-resized\"><img loading=\"lazy\" src=\"https:\/\/digitaliskonyvtar.bbmk.hu\/kszrjatek\/wp-content\/uploads\/2019\/10\/Megh\u00edv\u00f3-honlapra.jpg\" alt=\"\" class=\"wp-image-376\" width=\"651\" height=\"931\" srcset=\"https:\/\/digitaliskonyvtar.bbmk.hu\/kszrjatek\/wp-content\/uploads\/2019\/10\/Megh\u00edv\u00f3-honlapra.jpg 611w, https:\/\/digitaliskonyvtar.bbmk.hu\/kszrjatek\/wp-content\/uploads\/2019\/10\/Megh\u00edv\u00f3-honlapra-210x300.jpg 210w\" sizes=\"(max-width: 651px) 100vw, 651px\" \/><\/figure>\n\n\n\n<figure class=\"wp-block-image\"><img loading=\"lazy\" width=\"1024\" height=\"768\" src=\"https:\/\/digitaliskonyvtar.bbmk.hu\/kszrjatek\/wp-content\/uploads\/2019\/10\/2019_10_06_Egyfaluegykonyv_01-1024x768.jpg\" alt=\"\" class=\"wp-image-381\" srcset=\"https:\/\/digitaliskonyvtar.bbmk.hu\/kszrjatek\/wp-content\/uploads\/2019\/10\/2019_10_06_Egyfaluegykonyv_01-1024x768.jpg 1024w, https:\/\/digitaliskonyvtar.bbmk.hu\/kszrjatek\/wp-content\/uploads\/2019\/10\/2019_10_06_Egyfaluegykonyv_01-300x225.jpg 300w, https:\/\/digitaliskonyvtar.bbmk.hu\/kszrjatek\/wp-content\/uploads\/2019\/10\/2019_10_06_Egyfaluegykonyv_01-768x576.jpg 768w, https:\/\/digitaliskonyvtar.bbmk.hu\/kszrjatek\/wp-content\/uploads\/2019\/10\/2019_10_06_Egyfaluegykonyv_01.jpg 1600w\" sizes=\"(max-width: 1024px) 100vw, 1024px\" \/><\/figure>\n\n\n\n<figure class=\"wp-block-image\"><img loading=\"lazy\" width=\"1024\" height=\"768\" src=\"https:\/\/digitaliskonyvtar.bbmk.hu\/kszrjatek\/wp-content\/uploads\/2019\/10\/2019_10_06_Egyfaluegykonyv_02-1024x768.jpg\" alt=\"\" class=\"wp-image-382\" srcset=\"https:\/\/digitaliskonyvtar.bbmk.hu\/kszrjatek\/wp-content\/uploads\/2019\/10\/2019_10_06_Egyfaluegykonyv_02-1024x768.jpg 1024w, https:\/\/digitaliskonyvtar.bbmk.hu\/kszrjatek\/wp-content\/uploads\/2019\/10\/2019_10_06_Egyfaluegykonyv_02-300x225.jpg 300w, https:\/\/digitaliskonyvtar.bbmk.hu\/kszrjatek\/wp-content\/uploads\/2019\/10\/2019_10_06_Egyfaluegykonyv_02-768x576.jpg 768w, https:\/\/digitaliskonyvtar.bbmk.hu\/kszrjatek\/wp-content\/uploads\/2019\/10\/2019_10_06_Egyfaluegykonyv_02.jpg 1600w\" sizes=\"(max-width: 1024px) 100vw, 1024px\" \/><\/figure>\n\n\n\n<figure class=\"wp-block-image\"><img loading=\"lazy\" width=\"1024\" height=\"768\" src=\"https:\/\/digitaliskonyvtar.bbmk.hu\/kszrjatek\/wp-content\/uploads\/2019\/10\/2019_10_06_Egyfaluegykonyv_03-1024x768.jpg\" alt=\"\" class=\"wp-image-383\" srcset=\"https:\/\/digitaliskonyvtar.bbmk.hu\/kszrjatek\/wp-content\/uploads\/2019\/10\/2019_10_06_Egyfaluegykonyv_03-1024x768.jpg 1024w, https:\/\/digitaliskonyvtar.bbmk.hu\/kszrjatek\/wp-content\/uploads\/2019\/10\/2019_10_06_Egyfaluegykonyv_03-300x225.jpg 300w, https:\/\/digitaliskonyvtar.bbmk.hu\/kszrjatek\/wp-content\/uploads\/2019\/10\/2019_10_06_Egyfaluegykonyv_03-768x576.jpg 768w, https:\/\/digitaliskonyvtar.bbmk.hu\/kszrjatek\/wp-content\/uploads\/2019\/10\/2019_10_06_Egyfaluegykonyv_03.jpg 1600w\" sizes=\"(max-width: 1024px) 100vw, 1024px\" \/><\/figure>\n\n\n\n<figure class=\"wp-block-image\"><img loading=\"lazy\" width=\"1024\" height=\"768\" src=\"https:\/\/digitaliskonyvtar.bbmk.hu\/kszrjatek\/wp-content\/uploads\/2019\/10\/2019_10_06_Egyfaluegykonyv_04-1024x768.jpg\" alt=\"\" class=\"wp-image-384\" srcset=\"https:\/\/digitaliskonyvtar.bbmk.hu\/kszrjatek\/wp-content\/uploads\/2019\/10\/2019_10_06_Egyfaluegykonyv_04-1024x768.jpg 1024w, https:\/\/digitaliskonyvtar.bbmk.hu\/kszrjatek\/wp-content\/uploads\/2019\/10\/2019_10_06_Egyfaluegykonyv_04-300x225.jpg 300w, https:\/\/digitaliskonyvtar.bbmk.hu\/kszrjatek\/wp-content\/uploads\/2019\/10\/2019_10_06_Egyfaluegykonyv_04-768x576.jpg 768w, https:\/\/digitaliskonyvtar.bbmk.hu\/kszrjatek\/wp-content\/uploads\/2019\/10\/2019_10_06_Egyfaluegykonyv_04.jpg 1600w\" sizes=\"(max-width: 1024px) 100vw, 1024px\" \/><\/figure>\n\n\n\n<figure class=\"wp-block-image\"><img loading=\"lazy\" width=\"1024\" height=\"768\" src=\"https:\/\/digitaliskonyvtar.bbmk.hu\/kszrjatek\/wp-content\/uploads\/2019\/10\/2019_10_06_Egyfaluegykonyv_05-1024x768.jpg\" alt=\"\" class=\"wp-image-385\" srcset=\"https:\/\/digitaliskonyvtar.bbmk.hu\/kszrjatek\/wp-content\/uploads\/2019\/10\/2019_10_06_Egyfaluegykonyv_05-1024x768.jpg 1024w, https:\/\/digitaliskonyvtar.bbmk.hu\/kszrjatek\/wp-content\/uploads\/2019\/10\/2019_10_06_Egyfaluegykonyv_05-300x225.jpg 300w, https:\/\/digitaliskonyvtar.bbmk.hu\/kszrjatek\/wp-content\/uploads\/2019\/10\/2019_10_06_Egyfaluegykonyv_05-768x576.jpg 768w, https:\/\/digitaliskonyvtar.bbmk.hu\/kszrjatek\/wp-content\/uploads\/2019\/10\/2019_10_06_Egyfaluegykonyv_05.jpg 1600w\" sizes=\"(max-width: 1024px) 100vw, 1024px\" \/><\/figure>\n\n\n\n<figure class=\"wp-block-image\"><img loading=\"lazy\" width=\"1024\" height=\"768\" src=\"https:\/\/digitaliskonyvtar.bbmk.hu\/kszrjatek\/wp-content\/uploads\/2019\/10\/2019_10_06_Egyfaluegykonyv_06-1024x768.jpg\" alt=\"\" class=\"wp-image-386\" srcset=\"https:\/\/digitaliskonyvtar.bbmk.hu\/kszrjatek\/wp-content\/uploads\/2019\/10\/2019_10_06_Egyfaluegykonyv_06-1024x768.jpg 1024w, https:\/\/digitaliskonyvtar.bbmk.hu\/kszrjatek\/wp-content\/uploads\/2019\/10\/2019_10_06_Egyfaluegykonyv_06-300x225.jpg 300w, https:\/\/digitaliskonyvtar.bbmk.hu\/kszrjatek\/wp-content\/uploads\/2019\/10\/2019_10_06_Egyfaluegykonyv_06-768x576.jpg 768w, https:\/\/digitaliskonyvtar.bbmk.hu\/kszrjatek\/wp-content\/uploads\/2019\/10\/2019_10_06_Egyfaluegykonyv_06.jpg 1600w\" sizes=\"(max-width: 1024px) 100vw, 1024px\" \/><\/figure>\n\n\n\n<figure class=\"wp-block-image\"><img loading=\"lazy\" width=\"1024\" height=\"768\" src=\"https:\/\/digitaliskonyvtar.bbmk.hu\/kszrjatek\/wp-content\/uploads\/2019\/10\/2019_10_06_Egyfaluegykonyv_07-1024x768.jpg\" alt=\"\" class=\"wp-image-387\" srcset=\"https:\/\/digitaliskonyvtar.bbmk.hu\/kszrjatek\/wp-content\/uploads\/2019\/10\/2019_10_06_Egyfaluegykonyv_07-1024x768.jpg 1024w, https:\/\/digitaliskonyvtar.bbmk.hu\/kszrjatek\/wp-content\/uploads\/2019\/10\/2019_10_06_Egyfaluegykonyv_07-300x225.jpg 300w, https:\/\/digitaliskonyvtar.bbmk.hu\/kszrjatek\/wp-content\/uploads\/2019\/10\/2019_10_06_Egyfaluegykonyv_07-768x576.jpg 768w, https:\/\/digitaliskonyvtar.bbmk.hu\/kszrjatek\/wp-content\/uploads\/2019\/10\/2019_10_06_Egyfaluegykonyv_07.jpg 1600w\" sizes=\"(max-width: 1024px) 100vw, 1024px\" \/><\/figure>\n\n\n\n<figure class=\"wp-block-image\"><img loading=\"lazy\" width=\"1024\" height=\"768\" src=\"https:\/\/digitaliskonyvtar.bbmk.hu\/kszrjatek\/wp-content\/uploads\/2019\/10\/2019_10_06_Egyfaluegykonyv_08-1024x768.jpg\" alt=\"\" class=\"wp-image-388\" srcset=\"https:\/\/digitaliskonyvtar.bbmk.hu\/kszrjatek\/wp-content\/uploads\/2019\/10\/2019_10_06_Egyfaluegykonyv_08-1024x768.jpg 1024w, https:\/\/digitaliskonyvtar.bbmk.hu\/kszrjatek\/wp-content\/uploads\/2019\/10\/2019_10_06_Egyfaluegykonyv_08-300x225.jpg 300w, https:\/\/digitaliskonyvtar.bbmk.hu\/kszrjatek\/wp-content\/uploads\/2019\/10\/2019_10_06_Egyfaluegykonyv_08-768x576.jpg 768w, https:\/\/digitaliskonyvtar.bbmk.hu\/kszrjatek\/wp-content\/uploads\/2019\/10\/2019_10_06_Egyfaluegykonyv_08.jpg 1600w\" sizes=\"(max-width: 1024px) 100vw, 1024px\" \/><\/figure>\n\n\n\n<figure class=\"wp-block-image\"><img loading=\"lazy\" width=\"1024\" height=\"768\" src=\"https:\/\/digitaliskonyvtar.bbmk.hu\/kszrjatek\/wp-content\/uploads\/2019\/10\/2019_10_06_Egyfaluegykonyv_09-1024x768.jpg\" alt=\"\" class=\"wp-image-389\" srcset=\"https:\/\/digitaliskonyvtar.bbmk.hu\/kszrjatek\/wp-content\/uploads\/2019\/10\/2019_10_06_Egyfaluegykonyv_09-1024x768.jpg 1024w, https:\/\/digitaliskonyvtar.bbmk.hu\/kszrjatek\/wp-content\/uploads\/2019\/10\/2019_10_06_Egyfaluegykonyv_09-300x225.jpg 300w, https:\/\/digitaliskonyvtar.bbmk.hu\/kszrjatek\/wp-content\/uploads\/2019\/10\/2019_10_06_Egyfaluegykonyv_09-768x576.jpg 768w, https:\/\/digitaliskonyvtar.bbmk.hu\/kszrjatek\/wp-content\/uploads\/2019\/10\/2019_10_06_Egyfaluegykonyv_09.jpg 1600w\" sizes=\"(max-width: 1024px) 100vw, 1024px\" \/><\/figure>\n\n\n\n<figure class=\"wp-block-image\"><img loading=\"lazy\" width=\"1024\" height=\"768\" src=\"https:\/\/digitaliskonyvtar.bbmk.hu\/kszrjatek\/wp-content\/uploads\/2019\/10\/2019_10_06_Egyfaluegykonyv_10-1024x768.jpg\" alt=\"\" class=\"wp-image-390\" srcset=\"https:\/\/digitaliskonyvtar.bbmk.hu\/kszrjatek\/wp-content\/uploads\/2019\/10\/2019_10_06_Egyfaluegykonyv_10-1024x768.jpg 1024w, https:\/\/digitaliskonyvtar.bbmk.hu\/kszrjatek\/wp-content\/uploads\/2019\/10\/2019_10_06_Egyfaluegykonyv_10-300x225.jpg 300w, https:\/\/digitaliskonyvtar.bbmk.hu\/kszrjatek\/wp-content\/uploads\/2019\/10\/2019_10_06_Egyfaluegykonyv_10-768x576.jpg 768w, https:\/\/digitaliskonyvtar.bbmk.hu\/kszrjatek\/wp-content\/uploads\/2019\/10\/2019_10_06_Egyfaluegykonyv_10.jpg 1600w\" sizes=\"(max-width: 1024px) 100vw, 1024px\" \/><\/figure>\n\n\n\n<figure class=\"wp-block-image\"><img loading=\"lazy\" width=\"1024\" height=\"768\" src=\"https:\/\/digitaliskonyvtar.bbmk.hu\/kszrjatek\/wp-content\/uploads\/2019\/10\/2019_10_06_Egyfaluegykonyv_11-1024x768.jpg\" alt=\"\" class=\"wp-image-391\" srcset=\"https:\/\/digitaliskonyvtar.bbmk.hu\/kszrjatek\/wp-content\/uploads\/2019\/10\/2019_10_06_Egyfaluegykonyv_11-1024x768.jpg 1024w, https:\/\/digitaliskonyvtar.bbmk.hu\/kszrjatek\/wp-content\/uploads\/2019\/10\/2019_10_06_Egyfaluegykonyv_11-300x225.jpg 300w, https:\/\/digitaliskonyvtar.bbmk.hu\/kszrjatek\/wp-content\/uploads\/2019\/10\/2019_10_06_Egyfaluegykonyv_11-768x576.jpg 768w, https:\/\/digitaliskonyvtar.bbmk.hu\/kszrjatek\/wp-content\/uploads\/2019\/10\/2019_10_06_Egyfaluegykonyv_11.jpg 1600w\" sizes=\"(max-width: 1024px) 100vw, 1024px\" \/><\/figure>\n\n\n\n<figure class=\"wp-block-image\"><img loading=\"lazy\" width=\"1024\" height=\"768\" src=\"https:\/\/digitaliskonyvtar.bbmk.hu\/kszrjatek\/wp-content\/uploads\/2019\/10\/2019_10_06_Egyfaluegykonyv_12-1024x768.jpg\" alt=\"\" class=\"wp-image-392\" srcset=\"https:\/\/digitaliskonyvtar.bbmk.hu\/kszrjatek\/wp-content\/uploads\/2019\/10\/2019_10_06_Egyfaluegykonyv_12-1024x768.jpg 1024w, https:\/\/digitaliskonyvtar.bbmk.hu\/kszrjatek\/wp-content\/uploads\/2019\/10\/2019_10_06_Egyfaluegykonyv_12-300x225.jpg 300w, https:\/\/digitaliskonyvtar.bbmk.hu\/kszrjatek\/wp-content\/uploads\/2019\/10\/2019_10_06_Egyfaluegykonyv_12-768x576.jpg 768w, https:\/\/digitaliskonyvtar.bbmk.hu\/kszrjatek\/wp-content\/uploads\/2019\/10\/2019_10_06_Egyfaluegykonyv_12.jpg 1600w\" sizes=\"(max-width: 1024px) 100vw, 1024px\" \/><\/figure>\n\n\n\n<figure class=\"wp-block-image\"><img loading=\"lazy\" width=\"1024\" height=\"768\" src=\"https:\/\/digitaliskonyvtar.bbmk.hu\/kszrjatek\/wp-content\/uploads\/2019\/10\/2019_10_06_Egyfaluegykonyv_13-1024x768.jpg\" alt=\"\" class=\"wp-image-393\" srcset=\"https:\/\/digitaliskonyvtar.bbmk.hu\/kszrjatek\/wp-content\/uploads\/2019\/10\/2019_10_06_Egyfaluegykonyv_13-1024x768.jpg 1024w, https:\/\/digitaliskonyvtar.bbmk.hu\/kszrjatek\/wp-content\/uploads\/2019\/10\/2019_10_06_Egyfaluegykonyv_13-300x225.jpg 300w, https:\/\/digitaliskonyvtar.bbmk.hu\/kszrjatek\/wp-content\/uploads\/2019\/10\/2019_10_06_Egyfaluegykonyv_13-768x576.jpg 768w, https:\/\/digitaliskonyvtar.bbmk.hu\/kszrjatek\/wp-content\/uploads\/2019\/10\/2019_10_06_Egyfaluegykonyv_13.jpg 1600w\" sizes=\"(max-width: 1024px) 100vw, 1024px\" \/><\/figure>\n\n\n\n<figure class=\"wp-block-image\"><img loading=\"lazy\" width=\"1024\" height=\"768\" src=\"https:\/\/digitaliskonyvtar.bbmk.hu\/kszrjatek\/wp-content\/uploads\/2019\/10\/2019_10_06_Egyfaluegykonyv_14-1024x768.jpg\" alt=\"\" class=\"wp-image-394\" srcset=\"https:\/\/digitaliskonyvtar.bbmk.hu\/kszrjatek\/wp-content\/uploads\/2019\/10\/2019_10_06_Egyfaluegykonyv_14-1024x768.jpg 1024w, https:\/\/digitaliskonyvtar.bbmk.hu\/kszrjatek\/wp-content\/uploads\/2019\/10\/2019_10_06_Egyfaluegykonyv_14-300x225.jpg 300w, https:\/\/digitaliskonyvtar.bbmk.hu\/kszrjatek\/wp-content\/uploads\/2019\/10\/2019_10_06_Egyfaluegykonyv_14-768x576.jpg 768w, https:\/\/digitaliskonyvtar.bbmk.hu\/kszrjatek\/wp-content\/uploads\/2019\/10\/2019_10_06_Egyfaluegykonyv_14.jpg 1600w\" sizes=\"(max-width: 1024px) 100vw, 1024px\" \/><\/figure>\n\n\n\n<figure class=\"wp-block-image\"><img loading=\"lazy\" width=\"1024\" height=\"768\" src=\"https:\/\/digitaliskonyvtar.bbmk.hu\/kszrjatek\/wp-content\/uploads\/2019\/10\/2019_10_06_Egyfaluegykonyv_15-1024x768.jpg\" alt=\"\" class=\"wp-image-395\" srcset=\"https:\/\/digitaliskonyvtar.bbmk.hu\/kszrjatek\/wp-content\/uploads\/2019\/10\/2019_10_06_Egyfaluegykonyv_15-1024x768.jpg 1024w, https:\/\/digitaliskonyvtar.bbmk.hu\/kszrjatek\/wp-content\/uploads\/2019\/10\/2019_10_06_Egyfaluegykonyv_15-300x225.jpg 300w, https:\/\/digitaliskonyvtar.bbmk.hu\/kszrjatek\/wp-content\/uploads\/2019\/10\/2019_10_06_Egyfaluegykonyv_15-768x576.jpg 768w, https:\/\/digitaliskonyvtar.bbmk.hu\/kszrjatek\/wp-content\/uploads\/2019\/10\/2019_10_06_Egyfaluegykonyv_15.jpg 1600w\" sizes=\"(max-width: 1024px) 100vw, 1024px\" \/><\/figure>\n\n\n\n<figure class=\"wp-block-image\"><img loading=\"lazy\" width=\"1024\" height=\"768\" src=\"https:\/\/digitaliskonyvtar.bbmk.hu\/kszrjatek\/wp-content\/uploads\/2019\/10\/2019_10_06_Egyfaluegykonyv_16-1024x768.jpg\" alt=\"\" class=\"wp-image-396\" srcset=\"https:\/\/digitaliskonyvtar.bbmk.hu\/kszrjatek\/wp-content\/uploads\/2019\/10\/2019_10_06_Egyfaluegykonyv_16-1024x768.jpg 1024w, https:\/\/digitaliskonyvtar.bbmk.hu\/kszrjatek\/wp-content\/uploads\/2019\/10\/2019_10_06_Egyfaluegykonyv_16-300x225.jpg 300w, https:\/\/digitaliskonyvtar.bbmk.hu\/kszrjatek\/wp-content\/uploads\/2019\/10\/2019_10_06_Egyfaluegykonyv_16-768x576.jpg 768w, https:\/\/digitaliskonyvtar.bbmk.hu\/kszrjatek\/wp-content\/uploads\/2019\/10\/2019_10_06_Egyfaluegykonyv_16.jpg 1600w\" sizes=\"(max-width: 1024px) 100vw, 1024px\" \/><\/figure>\n\n\n\n<figure class=\"wp-block-image\"><img loading=\"lazy\" width=\"1024\" height=\"768\" src=\"https:\/\/digitaliskonyvtar.bbmk.hu\/kszrjatek\/wp-content\/uploads\/2019\/10\/2019_10_06_Egyfaluegykonyv_17-1024x768.jpg\" alt=\"\" class=\"wp-image-397\" srcset=\"https:\/\/digitaliskonyvtar.bbmk.hu\/kszrjatek\/wp-content\/uploads\/2019\/10\/2019_10_06_Egyfaluegykonyv_17-1024x768.jpg 1024w, https:\/\/digitaliskonyvtar.bbmk.hu\/kszrjatek\/wp-content\/uploads\/2019\/10\/2019_10_06_Egyfaluegykonyv_17-300x225.jpg 300w, https:\/\/digitaliskonyvtar.bbmk.hu\/kszrjatek\/wp-content\/uploads\/2019\/10\/2019_10_06_Egyfaluegykonyv_17-768x576.jpg 768w, https:\/\/digitaliskonyvtar.bbmk.hu\/kszrjatek\/wp-content\/uploads\/2019\/10\/2019_10_06_Egyfaluegykonyv_17.jpg 1600w\" sizes=\"(max-width: 1024px) 100vw, 1024px\" \/><\/figure>\n\n\n\n<figure class=\"wp-block-image\"><img loading=\"lazy\" width=\"1024\" height=\"768\" src=\"https:\/\/digitaliskonyvtar.bbmk.hu\/kszrjatek\/wp-content\/uploads\/2019\/10\/2019_10_06_Egyfaluegykonyv_18-1024x768.jpg\" alt=\"\" class=\"wp-image-398\" srcset=\"https:\/\/digitaliskonyvtar.bbmk.hu\/kszrjatek\/wp-content\/uploads\/2019\/10\/2019_10_06_Egyfaluegykonyv_18-1024x768.jpg 1024w, https:\/\/digitaliskonyvtar.bbmk.hu\/kszrjatek\/wp-content\/uploads\/2019\/10\/2019_10_06_Egyfaluegykonyv_18-300x225.jpg 300w, https:\/\/digitaliskonyvtar.bbmk.hu\/kszrjatek\/wp-content\/uploads\/2019\/10\/2019_10_06_Egyfaluegykonyv_18-768x576.jpg 768w, https:\/\/digitaliskonyvtar.bbmk.hu\/kszrjatek\/wp-content\/uploads\/2019\/10\/2019_10_06_Egyfaluegykonyv_18.jpg 1600w\" sizes=\"(max-width: 1024px) 100vw, 1024px\" \/><\/figure>\n\n\n\n<figure class=\"wp-block-image\"><img loading=\"lazy\" width=\"1024\" height=\"768\" src=\"https:\/\/digitaliskonyvtar.bbmk.hu\/kszrjatek\/wp-content\/uploads\/2019\/10\/2019_10_06_Egyfaluegykonyv_19-1024x768.jpg\" alt=\"\" class=\"wp-image-399\" srcset=\"https:\/\/digitaliskonyvtar.bbmk.hu\/kszrjatek\/wp-content\/uploads\/2019\/10\/2019_10_06_Egyfaluegykonyv_19-1024x768.jpg 1024w, https:\/\/digitaliskonyvtar.bbmk.hu\/kszrjatek\/wp-content\/uploads\/2019\/10\/2019_10_06_Egyfaluegykonyv_19-300x225.jpg 300w, https:\/\/digitaliskonyvtar.bbmk.hu\/kszrjatek\/wp-content\/uploads\/2019\/10\/2019_10_06_Egyfaluegykonyv_19-768x576.jpg 768w, https:\/\/digitaliskonyvtar.bbmk.hu\/kszrjatek\/wp-content\/uploads\/2019\/10\/2019_10_06_Egyfaluegykonyv_19.jpg 1600w\" sizes=\"(max-width: 1024px) 100vw, 1024px\" \/><\/figure>\n\n\n\n<figure class=\"wp-block-image\"><img loading=\"lazy\" width=\"1024\" height=\"768\" src=\"https:\/\/digitaliskonyvtar.bbmk.hu\/kszrjatek\/wp-content\/uploads\/2019\/10\/2019_10_06_Egyfaluegykonyv_20-1024x768.jpg\" alt=\"\" class=\"wp-image-400\" srcset=\"https:\/\/digitaliskonyvtar.bbmk.hu\/kszrjatek\/wp-content\/uploads\/2019\/10\/2019_10_06_Egyfaluegykonyv_20-1024x768.jpg 1024w, https:\/\/digitaliskonyvtar.bbmk.hu\/kszrjatek\/wp-content\/uploads\/2019\/10\/2019_10_06_Egyfaluegykonyv_20-300x225.jpg 300w, https:\/\/digitaliskonyvtar.bbmk.hu\/kszrjatek\/wp-content\/uploads\/2019\/10\/2019_10_06_Egyfaluegykonyv_20-768x576.jpg 768w, https:\/\/digitaliskonyvtar.bbmk.hu\/kszrjatek\/wp-content\/uploads\/2019\/10\/2019_10_06_Egyfaluegykonyv_20.jpg 1600w\" sizes=\"(max-width: 1024px) 100vw, 1024px\" \/><\/figure>\n\n\n\n<figure class=\"wp-block-image\"><img loading=\"lazy\" width=\"1024\" height=\"576\" src=\"https:\/\/digitaliskonyvtar.bbmk.hu\/kszrjatek\/wp-content\/uploads\/2019\/10\/A-T\u00c1MOGAT\u00d3K-1024x576.png\" alt=\"\" class=\"wp-image-404\" srcset=\"https:\/\/digitaliskonyvtar.bbmk.hu\/kszrjatek\/wp-content\/uploads\/2019\/10\/A-T\u00c1MOGAT\u00d3K-1024x576.png 1024w, https:\/\/digitaliskonyvtar.bbmk.hu\/kszrjatek\/wp-content\/uploads\/2019\/10\/A-T\u00c1MOGAT\u00d3K-300x169.png 300w, https:\/\/digitaliskonyvtar.bbmk.hu\/kszrjatek\/wp-content\/uploads\/2019\/10\/A-T\u00c1MOGAT\u00d3K-768x432.png 768w, https:\/\/digitaliskonyvtar.bbmk.hu\/kszrjatek\/wp-content\/uploads\/2019\/10\/A-T\u00c1MOGAT\u00d3K.png 1920w\" sizes=\"(max-width: 1024px) 100vw, 1024px\" \/><\/figure>\n","protected":false},"excerpt":{"rendered":"","protected":false},"author":1,"featured_media":0,"parent":0,"menu_order":0,"comment_status":"closed","ping_status":"closed","template":"","meta":[],"_links":{"self":[{"href":"https:\/\/digitaliskonyvtar.bbmk.hu\/kszrjatek\/index.php\/wp-json\/wp\/v2\/pages\/448"}],"collection":[{"href":"https:\/\/digitaliskonyvtar.bbmk.hu\/kszrjatek\/index.php\/wp-json\/wp\/v2\/pages"}],"about":[{"href":"https:\/\/digitaliskonyvtar.bbmk.hu\/kszrjatek\/index.php\/wp-json\/wp\/v2\/types\/page"}],"author":[{"embeddable":true,"href":"https:\/\/digitaliskonyvtar.bbmk.hu\/kszrjatek\/index.php\/wp-json\/wp\/v2\/users\/1"}],"replies":[{"embeddable":true,"href":"https:\/\/digitaliskonyvtar.bbmk.hu\/kszrjatek\/index.php\/wp-json\/wp\/v2\/comments?post=448"}],"version-history":[{"count":3,"href":"https:\/\/digitaliskonyvtar.bbmk.hu\/kszrjatek\/index.php\/wp-json\/wp\/v2\/pages\/448\/revisions"}],"predecessor-version":[{"id":736,"href":"https:\/\/digitaliskonyvtar.bbmk.hu\/kszrjatek\/index.php\/wp-json\/wp\/v2\/pages\/448\/revisions\/736"}],"wp:attachment":[{"href":"https:\/\/digitaliskonyvtar.bbmk.hu\/kszrjatek\/index.php\/wp-json\/wp\/v2\/media?parent=448"}],"curies":[{"name":"wp","href":"https:\/\/api.w.org\/{rel}","templated":true}]}}