{"id":433,"date":"2022-06-07T07:35:23","date_gmt":"2022-06-07T07:35:23","guid":{"rendered":"https:\/\/digitaliskonyvtar.bbmk.hu\/kszrjatek\/?page_id=433"},"modified":"2022-06-10T09:55:27","modified_gmt":"2022-06-10T09:55:27","slug":"jatekfelhivas-uj","status":"publish","type":"page","link":"https:\/\/digitaliskonyvtar.bbmk.hu\/kszrjatek\/index.php\/jatekfelhivas-uj\/","title":{"rendered":"J\u00e1t\u00e9kfelh\u00edv\u00e1s &#8211; \u201eN\u00e1lunk otthon vagy\u201d"},"content":{"rendered":"\n<p>K\u00f6nyvbar\u00e1t k\u00f6z\u00f6ss\u00e9g kerestetik!<\/p>\n\n\n\n<p>2019-ben ind\u00edtottuk \u00fatj\u00e1ra az \u201eEgy falu \u2013 egy k\u00f6nyv\u201d c\u00edm\u0171<br>k\u00f6z\u00f6ss\u00e9g\u00e9p\u00edt\u0151, olvas\u00e1sn\u00e9pszer\u0171s\u00edt\u0151 j\u00e1t\u00e9kunkat. A nagy sikerre val\u00f3 tekintettel 2022-ben \u00fajra j\u00e1tszani h\u00edvjuk a N\u00f3gr\u00e1d megyei KSZR k\u00f6nyvt\u00e1rak csapatait.<\/p>\n\n\n\n<p><strong><em>\u201e<em><strong>N\u00e1lunk otthon vagy<\/strong><\/em>\u201d<\/em><\/strong> c\u00edm\u0171 j\u00e1t\u00e9kunkban fedezz\u00fck fel egy\u00fctt lak\u00f3hely\u00fcnk nevezetess\u00e9geit, \u00e9rdekess\u00e9geit, k\u00fcl\u00f6nlegess\u00e9geit vid\u00e1m, sz\u00f3rakoztat\u00f3 feladatok megold\u00e1s\u00e1val.<\/p>\n\n\n\n<p>A r\u00e9sztvev\u0151 csapatok <strong>10 h\u00e9ten kereszt\u00fcl<\/strong> j\u00e1tszhatnak vel\u00fcnk, melynek sor\u00e1n <strong>5 kreat\u00edv kih\u00edv\u00e1st<\/strong> kell teljes\u00edteni\u00fck.<\/p>\n\n\n\n<p>A feladatok <strong>k\u00e9thetente<\/strong> jelennek meg a j\u00e1t\u00e9k honlapj\u00e1n, illetve facebook oldalunkon.<\/p>\n\n\n\n<p>A r\u00e9szv\u00e9tel felt\u00e9telei:<br>&#8211; a j\u00e1t\u00e9kban a <strong>Balassi B\u00e1lint Megyei K\u00f6nyvt\u00e1r \u00e1ltal ell\u00e1tott kistelep\u00fcl\u00e9sek<\/strong> vehetnek r\u00e9szt <strong>3-6 f\u0151s csapatok <\/strong>alak\u00edt\u00e1s\u00e1val, \u00e9letkort\u00f3l f\u00fcggetlen\u00fcl<strong><br><\/strong>&#8211; a csapatok jelentkez\u00e9se a j\u00e1t\u00e9k honlapj\u00e1n<br>&#8211; a <strong>regisztr\u00e1ci\u00f3kat j\u00fanius 10-t\u0151l<\/strong>  v\u00e1rjuk, de a j\u00e1t\u00e9k id\u0151tartama alatt b\u00e1rmikor lehet csatlakozni<br>&#8211; a kih\u00edv\u00e1sok teljes\u00edthet\u0151k visszamen\u0151leg is a kor\u00e1bbi megold\u00e1sok bek\u00fcld\u00e9s\u00e9vel.<\/p>\n\n\n\n<p><strong>A teljes\u00edt\u00e9s v\u00e9gs\u0151 hat\u00e1rideje: 2022. szeptember 15.<\/strong><\/p>\n\n\n\n<p>A legsikeresebb csapatok elnyerhetik a <strong><em>\u201eK\u00f6nyvbar\u00e1t k\u00f6z\u00f6ss\u00e9g 2022\u201d<\/em><\/strong> c\u00edmet \u00e9s az \u00e9rt\u00e9kes jutalmak egyik\u00e9t.<\/p>\n\n\n\n<p>A tov\u00e1bbi inform\u00e1ci\u00f3k a j\u00e1t\u00e9k honlapj\u00e1n \u00e9s a <strong><a href=\"https:\/\/www.facebook.com\/KonyvtarellatasNograd\">K\u00f6nyvt\u00e1rell\u00e1t\u00e1s &#8211; N\u00f3g<\/a><a rel=\"noreferrer noopener\" href=\"https:\/\/www.facebook.com\/KonyvtarellatasNograd\" target=\"_blank\">r<\/a><a href=\"https:\/\/www.facebook.com\/KonyvtarellatasNograd\">\u00e1d<\/a><\/strong> facebook oldal\u00e1n jelennek meg.<\/p>\n\n\n\n<p>\u00c9lm\u00e9nyd\u00fas, vid\u00e1m, j\u00e1t\u00e9kos nyarat k\u00edv\u00e1n<br>a Balassi B\u00e1lint Megyei K\u00f6nyvt\u00e1r KSZR csapata<\/p>\n\n\n\n<p><\/p>\n\n\n\n<div class=\"wp-container-1 wp-block-buttons\">\n<div class=\"wp-block-button\"><a class=\"wp-block-button__link has-vivid-green-cyan-background-color has-background\" href=\"https:\/\/digitaliskonyvtar.bbmk.hu\/kszrjatek\/index.php\/regisztracio\/\">Tov\u00e1bb a Regisztr\u00e1ci\u00f3hoz<\/a><\/div>\n<\/div>\n\n\n\n<figure class=\"wp-block-image aligncenter size-large\"><a href=\"https:\/\/digitaliskonyvtar.bbmk.hu\/kszrjatek\/wp-content\/uploads\/2022\/06\/KKK2022-plakat-1.png\" target=\"_blank\" rel=\"noreferrer noopener\"><img loading=\"lazy\" width=\"1024\" height=\"724\" src=\"https:\/\/digitaliskonyvtar.bbmk.hu\/kszrjatek\/wp-content\/uploads\/2022\/06\/KKK2022-plakat-1-1024x724.png\" alt=\"\" class=\"wp-image-543\" srcset=\"https:\/\/digitaliskonyvtar.bbmk.hu\/kszrjatek\/wp-content\/uploads\/2022\/06\/KKK2022-plakat-1-1024x724.png 1024w, https:\/\/digitaliskonyvtar.bbmk.hu\/kszrjatek\/wp-content\/uploads\/2022\/06\/KKK2022-plakat-1-300x212.png 300w, https:\/\/digitaliskonyvtar.bbmk.hu\/kszrjatek\/wp-content\/uploads\/2022\/06\/KKK2022-plakat-1-768x543.png 768w, https:\/\/digitaliskonyvtar.bbmk.hu\/kszrjatek\/wp-content\/uploads\/2022\/06\/KKK2022-plakat-1-1536x1086.png 1536w, https:\/\/digitaliskonyvtar.bbmk.hu\/kszrjatek\/wp-content\/uploads\/2022\/06\/KKK2022-plakat-1.png 2000w\" sizes=\"(max-width: 1024px) 100vw, 1024px\" \/><\/a><\/figure>\n","protected":false},"excerpt":{"rendered":"<p>K\u00f6nyvbar\u00e1t k\u00f6z\u00f6ss\u00e9g kerestetik! 2019-ben ind\u00edtottuk \u00fatj\u00e1ra az \u201eEgy falu \u2013 egy k\u00f6nyv\u201d c\u00edm\u0171k\u00f6z\u00f6ss\u00e9g\u00e9p\u00edt\u0151, olvas\u00e1sn\u00e9pszer\u0171s\u00edt\u0151 j\u00e1t\u00e9kunkat. A nagy sikerre val\u00f3 tekintettel 2022-ben \u00fajra j\u00e1tszani h\u00edvjuk a N\u00f3gr\u00e1d megyei KSZR k\u00f6nyvt\u00e1rak csapatait. \u201eN\u00e1lunk otthon vagy\u201d c\u00edm\u0171 j\u00e1t\u00e9kunkban fedezz\u00fck fel egy\u00fctt lak\u00f3hely\u00fcnk nevezetess\u00e9geit, \u00e9rdekess\u00e9geit, k\u00fcl\u00f6nlegess\u00e9geit vid\u00e1m, sz\u00f3rakoztat\u00f3 feladatok megold\u00e1s\u00e1val. A r\u00e9sztvev\u0151 csapatok 10 h\u00e9ten kereszt\u00fcl j\u00e1tszhatnak vel\u00fcnk, melynek [&hellip;]<\/p>\n","protected":false},"author":1,"featured_media":0,"parent":0,"menu_order":0,"comment_status":"closed","ping_status":"closed","template":"","meta":[],"_links":{"self":[{"href":"https:\/\/digitaliskonyvtar.bbmk.hu\/kszrjatek\/index.php\/wp-json\/wp\/v2\/pages\/433"}],"collection":[{"href":"https:\/\/digitaliskonyvtar.bbmk.hu\/kszrjatek\/index.php\/wp-json\/wp\/v2\/pages"}],"about":[{"href":"https:\/\/digitaliskonyvtar.bbmk.hu\/kszrjatek\/index.php\/wp-json\/wp\/v2\/types\/page"}],"author":[{"embeddable":true,"href":"https:\/\/digitaliskonyvtar.bbmk.hu\/kszrjatek\/index.php\/wp-json\/wp\/v2\/users\/1"}],"replies":[{"embeddable":true,"href":"https:\/\/digitaliskonyvtar.bbmk.hu\/kszrjatek\/index.php\/wp-json\/wp\/v2\/comments?post=433"}],"version-history":[{"count":18,"href":"https:\/\/digitaliskonyvtar.bbmk.hu\/kszrjatek\/index.php\/wp-json\/wp\/v2\/pages\/433\/revisions"}],"predecessor-version":[{"id":591,"href":"https:\/\/digitaliskonyvtar.bbmk.hu\/kszrjatek\/index.php\/wp-json\/wp\/v2\/pages\/433\/revisions\/591"}],"wp:attachment":[{"href":"https:\/\/digitaliskonyvtar.bbmk.hu\/kszrjatek\/index.php\/wp-json\/wp\/v2\/media?parent=433"}],"curies":[{"name":"wp","href":"https:\/\/api.w.org\/{rel}","templated":true}]}}