{"id":246,"date":"2019-07-15T11:37:34","date_gmt":"2019-07-15T11:37:34","guid":{"rendered":"https:\/\/digitaliskonyvtar.bbmk.hu\/kszrjatek\/?page_id=246"},"modified":"2019-07-15T11:57:20","modified_gmt":"2019-07-15T11:57:20","slug":"2-kihivas","status":"publish","type":"page","link":"https:\/\/digitaliskonyvtar.bbmk.hu\/kszrjatek\/index.php\/kihivasok\/2-kihivas\/","title":{"rendered":"2. kih\u00edv\u00e1s"},"content":{"rendered":"\n<p style=\"background-color:#ffcf4b\" class=\"has-background\"><strong><em>K\u00edn\u00e1lj!<\/em><br>\u00cdrjatok r\u00f6vid k\u00f6nyvaj\u00e1nl\u00f3t: mi\u00e9rt v\u00e1lasztott\u00e1tok ti \u00e9ppen ezt a telep\u00fcl\u00e9setek k\u00f6nyv\u00e9nek?<\/strong><br><em>A m\u0171faj szabadon v\u00e1lasztott: elf\u00e9rhet egy sms-ben, lehet vers, vagy legfeljebb f\u00e9l oldalas sz\u00f6veg.<\/em><\/p>\n\n\n<noscript class=\"ninja-forms-noscript-message\">\n\tNotice: JavaScript is required for this content.<\/noscript>\n<div id=\"nf-form-3-cont\" class=\"nf-form-cont\" aria-live=\"polite\" aria-labelledby=\"nf-form-title-3\" aria-describedby=\"nf-form-errors-3\" role=\"form\">\n\n    <div class=\"nf-loading-spinner\"><\/div>\n\n<\/div>\n        <!-- TODO: Move to Template File. -->\n        <script>var formDisplay=1;var nfForms=nfForms||[];var form=[];form.id='3';form.settings={\"objectType\":\"Form Setting\",\"editActive\":true,\"title\":\"2. kih\\u00edv\\u00e1s felt\\u00f6lt\\u00e9se\",\"show_title\":1,\"allow_public_link\":0,\"embed_form\":\"\",\"clear_complete\":1,\"hide_complete\":1,\"default_label_pos\":\"above\",\"wrapper_class\":\"\",\"element_class\":\"\",\"key\":\"\",\"add_submit\":1,\"changeEmailErrorMsg\":\"Please enter a valid email address!\",\"changeDateErrorMsg\":\"Please enter a valid date!\",\"confirmFieldErrorMsg\":\"These fields must match!\",\"fieldNumberNumMinError\":\"Number Min Error\",\"fieldNumberNumMaxError\":\"Number Max Error\",\"fieldNumberIncrementBy\":\"Please increment by \",\"formErrorsCorrectErrors\":\"Please correct errors before submitting this form.\",\"validateRequiredField\":\"This is a required field.\",\"honeypotHoneypotError\":\"Honeypot Error\",\"fieldsMarkedRequired\":\"A *-al jel\\u00f6lt mez\\u0151k kit\\u00f6lt\\u00e9se k\\u00f6telez\\u0151\",\"currency\":\"\",\"unique_field_error\":\"A form with this value has already been submitted.\",\"logged_in\":false,\"not_logged_in_msg\":\"\",\"sub_limit_msg\":\"The form has reached its submission limit.\",\"calculations\":[],\"formContentData\":[\"csapatnev_1562137194382\",\"konyvajanlo_1562137144228\",\"kuld_1562141512297\"],\"drawerDisabled\":false,\"ninjaForms\":\"Ninja Forms\",\"fieldTextareaRTEInsertLink\":\"Insert Link\",\"fieldTextareaRTEInsertMedia\":\"Insert Media\",\"fieldTextareaRTESelectAFile\":\"Select a file\",\"formHoneypot\":\"If you are a human seeing this field, please leave it empty.\",\"fileUploadOldCodeFileUploadInProgress\":\"File Upload in Progress.\",\"fileUploadOldCodeFileUpload\":\"FILE UPLOAD\",\"currencySymbol\":false,\"thousands_sep\":\"&nbsp;\",\"decimal_point\":\",\",\"siteLocale\":\"hu_HU\",\"dateFormat\":\"m\\\/d\\\/Y\",\"startOfWeek\":\"1\",\"of\":\"of\",\"previousMonth\":\"Previous Month\",\"nextMonth\":\"Next Month\",\"months\":[\"January\",\"February\",\"March\",\"April\",\"May\",\"June\",\"July\",\"August\",\"September\",\"October\",\"November\",\"December\"],\"monthsShort\":[\"Jan\",\"Feb\",\"Mar\",\"Apr\",\"May\",\"Jun\",\"Jul\",\"Aug\",\"Sep\",\"Oct\",\"Nov\",\"Dec\"],\"weekdays\":[\"Sunday\",\"Monday\",\"Tuesday\",\"Wednesday\",\"Thursday\",\"Friday\",\"Saturday\"],\"weekdaysShort\":[\"Sun\",\"Mon\",\"Tue\",\"Wed\",\"Thu\",\"Fri\",\"Sat\"],\"weekdaysMin\":[\"Su\",\"Mo\",\"Tu\",\"We\",\"Th\",\"Fr\",\"Sa\"],\"recaptchaConsentMissing\":\"reCapctha validation couldn&#039;t load.\",\"recaptchaMissingCookie\":\"reCaptcha v3 validation couldn&#039;t load the cookie needed to submit the form.\",\"recaptchaConsentEvent\":\"Accept reCaptcha cookies before sending the form.\",\"currency_symbol\":\"\",\"beforeForm\":\"\",\"beforeFields\":\"\",\"afterFields\":\"\",\"afterForm\":\"\"};form.fields=[{\"objectType\":\"Field\",\"objectDomain\":\"fields\",\"editActive\":false,\"order\":1,\"label\":\"Csapatn\\u00e9v\",\"type\":\"textbox\",\"key\":\"csapatnev_1562137194382\",\"label_pos\":\"above\",\"required\":1,\"default\":\"\",\"placeholder\":\"\",\"container_class\":\"\",\"element_class\":\"\",\"input_limit\":\"\",\"input_limit_type\":\"characters\",\"input_limit_msg\":\"Character(s) left\",\"manual_key\":false,\"admin_label\":\"\",\"help_text\":\"\",\"mask\":\"\",\"custom_mask\":\"\",\"custom_name_attribute\":\"\",\"personally_identifiable\":\"\",\"value\":\"\",\"drawerDisabled\":false,\"id\":11,\"beforeField\":\"\",\"afterField\":\"\",\"parentType\":\"textbox\",\"element_templates\":[\"textbox\",\"input\"],\"old_classname\":\"\",\"wrap_template\":\"wrap\"},{\"objectType\":\"Field\",\"objectDomain\":\"fields\",\"editActive\":false,\"order\":2,\"label\":\"K\\u00f6nyvaj\\u00e1nl\\u00f3\",\"type\":\"textarea\",\"key\":\"konyvajanlo_1562137144228\",\"label_pos\":\"above\",\"required\":1,\"default\":\"\",\"placeholder\":\"\",\"container_class\":\"\",\"element_class\":\"\",\"input_limit\":\"\",\"input_limit_type\":\"characters\",\"input_limit_msg\":\"Character(s) left\",\"manual_key\":false,\"admin_label\":\"\",\"help_text\":\"\",\"textarea_rte\":1,\"disable_rte_mobile\":\"\",\"textarea_media\":\"\",\"value\":\"\",\"drawerDisabled\":false,\"id\":12,\"beforeField\":\"\",\"afterField\":\"\",\"parentType\":\"textarea\",\"element_templates\":[\"textarea\",\"input\"],\"old_classname\":\"\",\"wrap_template\":\"wrap\"},{\"objectType\":\"Field\",\"objectDomain\":\"fields\",\"editActive\":false,\"order\":9999,\"type\":\"submit\",\"label\":\"K\\u00fcld\",\"processing_label\":\"Processing\",\"container_class\":\"\",\"element_class\":\"\",\"key\":\"kuld_1562141512297\",\"drawerDisabled\":false,\"id\":13,\"beforeField\":\"\",\"afterField\":\"\",\"value\":\"\",\"label_pos\":\"above\",\"parentType\":\"textbox\",\"element_templates\":[\"submit\",\"button\",\"input\"],\"old_classname\":\"\",\"wrap_template\":\"wrap-no-label\"}];nfForms.push(form);<\/script>\n        ","protected":false},"excerpt":{"rendered":"<p>K\u00edn\u00e1lj!\u00cdrjatok r\u00f6vid k\u00f6nyvaj\u00e1nl\u00f3t: mi\u00e9rt v\u00e1lasztott\u00e1tok ti \u00e9ppen ezt a telep\u00fcl\u00e9setek k\u00f6nyv\u00e9nek?A m\u0171faj szabadon v\u00e1lasztott: elf\u00e9rhet egy sms-ben, lehet vers, vagy legfeljebb f\u00e9l oldalas sz\u00f6veg.<\/p>\n","protected":false},"author":1,"featured_media":0,"parent":111,"menu_order":2,"comment_status":"closed","ping_status":"closed","template":"","meta":[],"_links":{"self":[{"href":"https:\/\/digitaliskonyvtar.bbmk.hu\/kszrjatek\/index.php\/wp-json\/wp\/v2\/pages\/246"}],"collection":[{"href":"https:\/\/digitaliskonyvtar.bbmk.hu\/kszrjatek\/index.php\/wp-json\/wp\/v2\/pages"}],"about":[{"href":"https:\/\/digitaliskonyvtar.bbmk.hu\/kszrjatek\/index.php\/wp-json\/wp\/v2\/types\/page"}],"author":[{"embeddable":true,"href":"https:\/\/digitaliskonyvtar.bbmk.hu\/kszrjatek\/index.php\/wp-json\/wp\/v2\/users\/1"}],"replies":[{"embeddable":true,"href":"https:\/\/digitaliskonyvtar.bbmk.hu\/kszrjatek\/index.php\/wp-json\/wp\/v2\/comments?post=246"}],"version-history":[{"count":2,"href":"https:\/\/digitaliskonyvtar.bbmk.hu\/kszrjatek\/index.php\/wp-json\/wp\/v2\/pages\/246\/revisions"}],"predecessor-version":[{"id":255,"href":"https:\/\/digitaliskonyvtar.bbmk.hu\/kszrjatek\/index.php\/wp-json\/wp\/v2\/pages\/246\/revisions\/255"}],"up":[{"embeddable":true,"href":"https:\/\/digitaliskonyvtar.bbmk.hu\/kszrjatek\/index.php\/wp-json\/wp\/v2\/pages\/111"}],"wp:attachment":[{"href":"https:\/\/digitaliskonyvtar.bbmk.hu\/kszrjatek\/index.php\/wp-json\/wp\/v2\/media?parent=246"}],"curies":[{"name":"wp","href":"https:\/\/api.w.org\/{rel}","templated":true}]}}