{"id":1446,"date":"2025-07-17T12:52:40","date_gmt":"2025-07-17T12:52:40","guid":{"rendered":"https:\/\/digitaliskonyvtar.bbmk.hu\/kszrjatek\/?page_id=1446"},"modified":"2025-07-18T05:46:59","modified_gmt":"2025-07-18T05:46:59","slug":"eletmodkaland-feladatok","status":"publish","type":"page","link":"https:\/\/digitaliskonyvtar.bbmk.hu\/kszrjatek\/index.php\/eletmodkaland-feladatok\/","title":{"rendered":"\u00c9LETM\u00d3DKALAND &#8211; FELADATOK"},"content":{"rendered":"\n<p class=\"has-large-font-size\"><strong>1.\/A Neked aj\u00e1nljuk, olvasd el!<\/strong><\/p>\n\n\n\n<p>Keressetek a saj\u00e1t telep\u00fcl\u00e9setek k\u00f6nyvt\u00e1r\u00e1ban Eg\u00e9szs\u00e9ggel, \u00c9letm\u00f3ddal kapcsolatos k\u00f6nyveket!<br>Egyar\u00e1nt lehetnek gyermek- \u00e9s feln\u0151tteknek sz\u00f3l\u00f3 k\u00f6nyvek, szakirodalom, reg\u00e9ny, vagy ak\u00e1r mese is, b\u00e1rmi, ami a t\u00e9m\u00e1hoz kapcsol\u00f3dik. (Pl.: gondolkod\u00e1sm\u00f3d, t\u00e1pl\u00e1lkoz\u00e1s, mozg\u00e1s, alv\u00e1s, stb.)<br>A kiv\u00e1lasztott k\u00f6nyvekb\u0151l k\u00e9sz\u00edtsetek egy figyelemfelh\u00edv\u00f3, mutat\u00f3s aj\u00e1nl\u00f3 polcot a t\u00f6bbi olvas\u00f3 sz\u00e1m\u00e1ra! (Ha nem \u00e1ll rendelkez\u00e9sre szabad polc, pl. asztalon is berendezhetitek.)<br>Az elk\u00e9sz\u00fclt gy\u0171jtem\u00e9nyt fot\u00f3zz\u00e1tok le \u00e9s k\u00fcldj\u00e9tek el a felhaszn\u00e1lt k\u00f6nyvek adataival (szerz\u0151, c\u00edm) egy\u00fctt!<br><\/p>\n\n\n\n<p><iframe loading=\"lazy\" src=\"https:\/\/dkvt.bbmk.hu\/ftolt\/\" allowfullscreen=\"allowfullscreen\" width=\"100%\" height=\"650px\" frameborder=\"0\"><\/iframe><\/p>\n\n\n\n<p class=\"has-large-font-size\" style=\"font-style:normal;font-weight:600\">1.\/B Neked aj\u00e1nljuk, olvasd el!<\/p>\n\n\n\n<p>K\u00e9sz\u00edtsetek r\u00f6vid k\u00f6nyvaj\u00e1nl\u00f3t (5-10 mondatban) az egyik v\u00e1lasztott k\u00f6nyvr\u0151l! A technika szabadon v\u00e1lasztott: sz\u00f6veg, hangfelv\u00e9tel, vide\u00f3.<br><\/p>\n\n\n\n<p><iframe loading=\"lazy\" src=\"https:\/\/dkvt.bbmk.hu\/ftolt\/\" allowfullscreen=\"allowfullscreen\" width=\"100%\" height=\"650px\" frameborder=\"0\"><\/iframe><\/p>\n\n\n\n<p class=\"has-large-font-size\"><strong>2. Eg\u00e9szs\u00e9ges \u00e9letm\u00f3d szabadul\u00f3szoba<\/strong><\/p>\n\n\n\n<p>V\u00e1laszolj helyesen a k\u00e9rd\u00e9sekre, hogy megkapd a bek\u00fcldend\u0151 k\u00f3dot!<\/p>\n\n\n\n<figure class=\"wp-block-image size-large\"><a href=\"https:\/\/view.genially.com\/6871062110ae7b3dc4daff2d\/interactive-content-elet-modkaland\" target=\"_blank\" rel=\"noreferrer noopener\"><img loading=\"lazy\" width=\"1024\" height=\"576\" src=\"https:\/\/digitaliskonyvtar.bbmk.hu\/kszrjatek\/wp-content\/uploads\/2025\/07\/eletmodkaland-1024x576.png\" alt=\"\" class=\"wp-image-1455\" srcset=\"https:\/\/digitaliskonyvtar.bbmk.hu\/kszrjatek\/wp-content\/uploads\/2025\/07\/eletmodkaland-1024x576.png 1024w, https:\/\/digitaliskonyvtar.bbmk.hu\/kszrjatek\/wp-content\/uploads\/2025\/07\/eletmodkaland-300x169.png 300w, https:\/\/digitaliskonyvtar.bbmk.hu\/kszrjatek\/wp-content\/uploads\/2025\/07\/eletmodkaland-768x432.png 768w, https:\/\/digitaliskonyvtar.bbmk.hu\/kszrjatek\/wp-content\/uploads\/2025\/07\/eletmodkaland.png 1326w\" sizes=\"(max-width: 1024px) 100vw, 1024px\" \/><\/a><\/figure>\n\n\n<noscript class=\"ninja-forms-noscript-message\">\n\tNotice: JavaScript is required for this content.<\/noscript>\n<div id=\"nf-form-12-cont\" class=\"nf-form-cont\" aria-live=\"polite\" aria-labelledby=\"nf-form-title-12\" aria-describedby=\"nf-form-errors-12\" role=\"form\">\n\n    <div class=\"nf-loading-spinner\"><\/div>\n\n<\/div>\n        <!-- TODO: Move to Template File. -->\n        <script>var formDisplay=1;var nfForms=nfForms||[];var form=[];form.id='12';form.settings={\"objectType\":\"Form Setting\",\"editActive\":true,\"title\":\"  \",\"show_title\":1,\"allow_public_link\":0,\"embed_form\":\"\",\"clear_complete\":1,\"hide_complete\":1,\"default_label_pos\":\"above\",\"wrapper_class\":\"\",\"element_class\":\"\",\"form_title_heading_level\":\"3\",\"key\":\"\",\"add_submit\":1,\"changeEmailErrorMsg\":\"Please enter a valid email address!\",\"changeDateErrorMsg\":\"Please enter a valid date!\",\"confirmFieldErrorMsg\":\"These fields must match!\",\"fieldNumberNumMinError\":\"Number Min Error\",\"fieldNumberNumMaxError\":\"Number Max Error\",\"fieldNumberIncrementBy\":\"Please increment by \",\"formErrorsCorrectErrors\":\"Please correct errors before submitting this form.\",\"validateRequiredField\":\"This is a required field.\",\"honeypotHoneypotError\":\"Honeypot Error\",\"fieldsMarkedRequired\":\" \",\"currency\":\"\",\"unique_field_error\":\"A form with this value has already been submitted.\",\"logged_in\":false,\"not_logged_in_msg\":\"\",\"sub_limit_msg\":\"The form has reached its submission limit.\",\"calculations\":[],\"formContentData\":[\"csapatnev_1752816765425\",\"add_meg_a_jatekban_kapott_titkos_kodot_1752816802316\",\"submit_1752816985238\"],\"drawerDisabled\":false,\"ninjaForms\":\"Ninja Forms\",\"fieldTextareaRTEInsertLink\":\"Insert Link\",\"fieldTextareaRTEInsertMedia\":\"Insert Media\",\"fieldTextareaRTESelectAFile\":\"Select a file\",\"formHoneypot\":\"If you are a human seeing this field, please leave it empty.\",\"fileUploadOldCodeFileUploadInProgress\":\"File Upload in Progress.\",\"fileUploadOldCodeFileUpload\":\"FILE UPLOAD\",\"currencySymbol\":false,\"thousands_sep\":\"&nbsp;\",\"decimal_point\":\",\",\"siteLocale\":\"hu_HU\",\"dateFormat\":\"m\\\/d\\\/Y\",\"startOfWeek\":\"1\",\"of\":\"of\",\"previousMonth\":\"Previous Month\",\"nextMonth\":\"Next Month\",\"months\":[\"January\",\"February\",\"March\",\"April\",\"May\",\"June\",\"July\",\"August\",\"September\",\"October\",\"November\",\"December\"],\"monthsShort\":[\"Jan\",\"Feb\",\"Mar\",\"Apr\",\"May\",\"Jun\",\"Jul\",\"Aug\",\"Sep\",\"Oct\",\"Nov\",\"Dec\"],\"weekdays\":[\"Sunday\",\"Monday\",\"Tuesday\",\"Wednesday\",\"Thursday\",\"Friday\",\"Saturday\"],\"weekdaysShort\":[\"Sun\",\"Mon\",\"Tue\",\"Wed\",\"Thu\",\"Fri\",\"Sat\"],\"weekdaysMin\":[\"Su\",\"Mo\",\"Tu\",\"We\",\"Th\",\"Fr\",\"Sa\"],\"recaptchaConsentMissing\":\"reCapctha validation couldn&#039;t load.\",\"recaptchaMissingCookie\":\"reCaptcha v3 validation couldn&#039;t load the cookie needed to submit the form.\",\"recaptchaConsentEvent\":\"Accept reCaptcha cookies before sending the form.\",\"currency_symbol\":\"\",\"beforeForm\":\"\",\"beforeFields\":\"\",\"afterFields\":\"\",\"afterForm\":\"\"};form.fields=[{\"objectType\":\"Field\",\"objectDomain\":\"fields\",\"editActive\":false,\"order\":999,\"idAttribute\":\"id\",\"type\":\"textbox\",\"label\":\"Csapatn\\u00e9v\",\"key\":\"csapatnev_1752816765425\",\"label_pos\":\"above\",\"required\":1,\"default\":\"\",\"placeholder\":\"\",\"container_class\":\"\",\"element_class\":\"\",\"input_limit\":\"\",\"input_limit_type\":\"characters\",\"input_limit_msg\":\"Character(s) left\",\"manual_key\":false,\"admin_label\":\"\",\"help_text\":\"\",\"mask\":\"\",\"custom_mask\":\"\",\"custom_name_attribute\":\"\",\"personally_identifiable\":\"\",\"value\":\"\",\"drawerDisabled\":false,\"id\":63,\"beforeField\":\"\",\"afterField\":\"\",\"parentType\":\"textbox\",\"element_templates\":[\"textbox\",\"input\"],\"old_classname\":\"\",\"wrap_template\":\"wrap\"},{\"objectType\":\"Field\",\"objectDomain\":\"fields\",\"editActive\":false,\"order\":999,\"idAttribute\":\"id\",\"type\":\"textbox\",\"label\":\"Add meg a j\\u00e1t\\u00e9kban kapott titkos k\\u00f3dot!\",\"key\":\"add_meg_a_jatekban_kapott_titkos_kodot_1752816802316\",\"label_pos\":\"above\",\"required\":1,\"default\":\"\",\"placeholder\":\"\",\"container_class\":\"\",\"element_class\":\"\",\"input_limit\":\"\",\"input_limit_type\":\"characters\",\"input_limit_msg\":\"Character(s) left\",\"manual_key\":false,\"admin_label\":\"\",\"help_text\":\"\",\"mask\":\"\",\"custom_mask\":\"\",\"custom_name_attribute\":\"\",\"personally_identifiable\":\"\",\"value\":\"\",\"drawerDisabled\":false,\"id\":64,\"beforeField\":\"\",\"afterField\":\"\",\"parentType\":\"textbox\",\"element_templates\":[\"textbox\",\"input\"],\"old_classname\":\"\",\"wrap_template\":\"wrap\"},{\"objectType\":\"Field\",\"objectDomain\":\"fields\",\"editActive\":false,\"order\":9999,\"idAttribute\":\"id\",\"type\":\"submit\",\"label\":\"Submit\",\"processing_label\":\"Processing\",\"container_class\":\"\",\"element_class\":\"\",\"key\":\"submit_1752816985238\",\"id\":65,\"beforeField\":\"\",\"afterField\":\"\",\"value\":\"\",\"label_pos\":\"above\",\"parentType\":\"textbox\",\"element_templates\":[\"submit\",\"button\",\"input\"],\"old_classname\":\"\",\"wrap_template\":\"wrap-no-label\"}];nfForms.push(form);<\/script>\n        \n\n\n<p class=\"has-large-font-size\"><strong>3. Sz\u00f3rakoztat\u00f3 , kalandos, eg\u00e9szs\u00e9gtudatos nap k\u00f6z\u00f6sen!<\/strong><\/p>\n\n\n\n<p>Tervezzetek meg egy Eg\u00e9szs\u00e9gnapot, \u00e9s &#8211; a lehet\u0151s\u00e9gekhez m\u00e9rten &#8211; val\u00f3s\u00edts\u00e1tok is meg! K\u00fcldj\u00e9tek el a nap tervezett programj\u00e1t (sz\u00f6veg, k\u00e9p), illetve k\u00e9sz\u00edtsetek k\u00e9pmont\u00e1zst vagy vide\u00f3t a megval\u00f3s\u00edt\u00e1sr\u00f3l!<\/p>\n\n\n\n<p><iframe loading=\"lazy\" src=\"https:\/\/dkvt.bbmk.hu\/ftolt\/\" allowfullscreen=\"allowfullscreen\" width=\"100%\" height=\"650px\" frameborder=\"0\"><\/iframe><\/p>\n","protected":false},"excerpt":{"rendered":"<p>1.\/A Neked aj\u00e1nljuk, olvasd el! Keressetek a saj\u00e1t telep\u00fcl\u00e9setek k\u00f6nyvt\u00e1r\u00e1ban Eg\u00e9szs\u00e9ggel, \u00c9letm\u00f3ddal kapcsolatos k\u00f6nyveket!Egyar\u00e1nt lehetnek gyermek- \u00e9s feln\u0151tteknek sz\u00f3l\u00f3 k\u00f6nyvek, szakirodalom, reg\u00e9ny, vagy ak\u00e1r mese is, b\u00e1rmi, ami a t\u00e9m\u00e1hoz kapcsol\u00f3dik. (Pl.: gondolkod\u00e1sm\u00f3d, t\u00e1pl\u00e1lkoz\u00e1s, mozg\u00e1s, alv\u00e1s, stb.)A kiv\u00e1lasztott k\u00f6nyvekb\u0151l k\u00e9sz\u00edtsetek egy figyelemfelh\u00edv\u00f3, mutat\u00f3s aj\u00e1nl\u00f3 polcot a t\u00f6bbi olvas\u00f3 sz\u00e1m\u00e1ra! (Ha nem \u00e1ll rendelkez\u00e9sre szabad polc, [&hellip;]<\/p>\n","protected":false},"author":1,"featured_media":0,"parent":0,"menu_order":0,"comment_status":"closed","ping_status":"closed","template":"","meta":[],"_links":{"self":[{"href":"https:\/\/digitaliskonyvtar.bbmk.hu\/kszrjatek\/index.php\/wp-json\/wp\/v2\/pages\/1446"}],"collection":[{"href":"https:\/\/digitaliskonyvtar.bbmk.hu\/kszrjatek\/index.php\/wp-json\/wp\/v2\/pages"}],"about":[{"href":"https:\/\/digitaliskonyvtar.bbmk.hu\/kszrjatek\/index.php\/wp-json\/wp\/v2\/types\/page"}],"author":[{"embeddable":true,"href":"https:\/\/digitaliskonyvtar.bbmk.hu\/kszrjatek\/index.php\/wp-json\/wp\/v2\/users\/1"}],"replies":[{"embeddable":true,"href":"https:\/\/digitaliskonyvtar.bbmk.hu\/kszrjatek\/index.php\/wp-json\/wp\/v2\/comments?post=1446"}],"version-history":[{"count":5,"href":"https:\/\/digitaliskonyvtar.bbmk.hu\/kszrjatek\/index.php\/wp-json\/wp\/v2\/pages\/1446\/revisions"}],"predecessor-version":[{"id":1456,"href":"https:\/\/digitaliskonyvtar.bbmk.hu\/kszrjatek\/index.php\/wp-json\/wp\/v2\/pages\/1446\/revisions\/1456"}],"wp:attachment":[{"href":"https:\/\/digitaliskonyvtar.bbmk.hu\/kszrjatek\/index.php\/wp-json\/wp\/v2\/media?parent=1446"}],"curies":[{"name":"wp","href":"https:\/\/api.w.org\/{rel}","templated":true}]}}