{"id":1401,"date":"2024-08-06T10:39:42","date_gmt":"2024-08-06T10:39:42","guid":{"rendered":"https:\/\/digitaliskonyvtar.bbmk.hu\/kszrjatek\/?page_id=1401"},"modified":"2024-08-06T10:39:43","modified_gmt":"2024-08-06T10:39:43","slug":"posa-lajos-kaczor-kiraly","status":"publish","type":"page","link":"https:\/\/digitaliskonyvtar.bbmk.hu\/kszrjatek\/index.php\/posa-lajos-kaczor-kiraly\/","title":{"rendered":"P\u00f3sa Lajos: Kaczor kir\u00e1ly"},"content":{"rendered":"\n<p>Mi\u00e1kolt a macska \u00e9hen,<br>Kert alatt, a faluv\u00e9gen.<br>H\u00edd mell\u00e9 \u00fclt szomoruan,<br>H\u00e1t egy r\u00f3ka vala tulnan,<br>Sz\u0151r\u00f6s arcz\u00e1t czir\u00f3gatta,<br>Lompos fark\u00e1t lel\u00f3gatta.<br><br>Macska neki ugrott mingy\u00e1rt,<br>Jobbra himb\u00e1lt, balra czimb\u00e1lt,<br>J\u00e1tszadozott a fark\u00e1val,<br>Mindenf\u00e9le m\u00f3rik\u00e1val.<br><br>R\u00f3ka retten&#8230; macska szeppen&#8230;<br>Megfordulnak mind a ketten.<br>R\u00f3ka soh&#8217;se l\u00e1tott macsk\u00e1t,<br>Macska soh&#8217;se l\u00e1tott r\u00f3k\u00e1t.<br>Egy se tudja: ki kicsoda,<br>Reszketnek, mint a kocsonya.<br>N\u00e9zt\u00e9k egym\u00e1st egy darabig,<br>Azt mondj\u00e1k, hogy h\u00e1rom napig.<br><br>V\u00e9gre is a r\u00f3ka sz\u00f3lal,<br>Al\u00e1zatos, ny\u00e1jas sz\u00f3val:<br><br>&#8211; Ugyan k\u00e9rem, m\u00e1r megk\u00e9rdem,<br>Ki az \u00far, ha meg nem s\u00e9rtem?<br>Mif\u00e9le a nemzets\u00e9ge?<br>Pog\u00e1ny-e vagy kereszty\u00e9n-e?<br><br>&#8211; \u00c9n vagyok a Kaczor kir\u00e1ly!<br>Jaj annak, ki velem ki\u00e1ll!<br><br>Kaczor kir\u00e1ly? Nem gondoltam,<br>Soha hir\u00e9t sem hallottam!<br><br>&#8211; Hej, hallhattad volna pedig!<br>Nevem egy\u00fctt emlegetik<br>H\u0151s csal\u00e1dom csal\u00e1dj\u00e1val,<br>Tigrissel \u00e9s oroszl\u00e1nnal.<br>Roppant nagy az \u00e9n hatalmam,<br>Bagosig tart birodalmam,<br>Nem szoktam \u00e9n figur\u00e1zni,<br>Csak mindenkit r\u00e9gul\u00e1zni!<br>Aki k\u00f6rm\u00f6m k\u00f6z\u00e9 ker\u00fcl,<br>Onnan ugyan nem menek\u00fcl!<br><br>Megijedt a r\u00f3ka t\u0151le,<br>T\u00e9rdre borult ott el\u0151tte,<br>Farkcs\u00f3v\u00e1lva igen b\u00f3kolt,<br>Ig\u00e9rt csibeh\u00fast \u00e9s j\u00f3 bort.<br>Meg is h\u00edtta sz\u00e9pen k\u00e9rve,<br>Barlangj\u00e1ba, d\u00e9leb\u00e9dre.<br>A macska meg elfogadta,<br>\u00dariz\u00e1lt az istenadta!<br><br>Eb\u00e9d felett p\u00f6ffeszkedett,<br>Keveset sz\u00f3lt, sokat evett,<br>Feket\u00e9zett, csibukozott,<br>Tenyer\u00e9be \u00e1sitozott,<br>S div\u00e1nyra \u00fclt szundik\u00e1lni,<br>Nagy hortyogva muzsik\u00e1lni,<br>A r\u00f3ka meg k\u00fcnn str\u00e1zs\u00e1lta,<br>Szuronyosan le s fel j\u00e1rva.<br><br>Egy ny\u00fal \u00e9pen arra t\u00e9vedt<br>Friss k\u00e1posztalev\u00e9l v\u00e9gett,<br>Ker\u00fclgette a barlangot,<br>De a r\u00f3ka r\u00e1rivalgott:<br><br>&#8211; Hallod-e te tapsif\u00fcles!<br>Egy, kett\u0151, mars! futva siess!<br>R\u00f3ka lyuka k\u00f6r\u00fcl ne j\u00e1rj,<br>Mert alszik a Kaczor kir\u00e1ly.<br>Roppant nagy az \u0151 hatalma,<br>Bagosig tart birodalma.<br>Lesz ne mulass, ha kifordul,<br>Hideg kilel, ugy r\u00e1d mordul,<br>Nem szokott az figur\u00e1zni,<br>Csak mindenkit r\u00e9gul\u00e1zni,<br>Aki k\u00f6rme k\u00f6z\u00e9 ker\u00fcl,<br>Onnan ugyan nem menek\u00fcl!<br><br>Ucczu, szalad a szeg\u00e9ny ny\u00fal,<br>Hogy a f\u00fcle is lekony\u00fal.<br>Egy tiszt\u00e1son lekuporog,<br>H\u00e1t egy medve ott b\u00f3dorog.<br><br>&#8211; Hova, hova medve b\u00e1csi?<br><br>&#8211; Tacsk\u00f3, ne l\u00e9gy oly kiv\u00e1ncsi!<br><br>&#8211; J\u00f3, j\u00f3, hisz \u00e9n nem is b\u00e1nom,<br>Hanem az\u00e9rt azt aj\u00e1nlom,<br>R\u00f3ka lyuka k\u00f6r\u00fcl ne j\u00e1rj,<br>Mert alszik a Kaczor kir\u00e1ly.<br>Roppant nagy az \u0151 hatalma,<br>Bagosig tart birodalma,<br>Lesz ne mulass, ha kifordul,<br>Hideg kilel, \u00fagy r\u00e1d mordul,<br>Nem szokott az figur\u00e1zni,<br>Csak mindenkit r\u00e9gul\u00e1zni,<br>Aki k\u00f6rme k\u00f6z\u00e9 ker\u00fcl,<br>Onnan ugyan nem menek\u00fcl!<br><br>&#8211; Kaczor kir\u00e1ly? Nem gondoltam,<br>Soha hir\u00e9t sem hallottam!<br>Arra megyek csak az\u00e9rt is,<br>Ha mindj\u00e1rt egy pofon\u00e9rt is!<br>Nekem azt megtudni duk\u00e1l,<br>Milyen az a Kaczor kir\u00e1ly!<br><br>Barlang el\u00e9 \u00e9rt a medve,<br>R\u00f3ka r\u00e1sz\u00f3l fenyegetve:<br><br>&#8211; Hallod-e te, medve, lompos,<br>Ne czammogj itt, v\u00e9n bolondos!<br>R\u00f3ka lyuka k\u00f6r\u00fcl ne j\u00e1rj,<br>Mert alszik a Kaczor kir\u00e1ly,<br>Roppant nagy az \u0151 hatalma,<br>Bagosig tart birodalma,<br>Lesz ne mulass, ha kifordul,<br>Hideg kilel, ugy r\u00e1d mordul,<br>Nem szokott az figur\u00e1zni,<br>Csak mindenkit r\u00e9gul\u00e1zni,<br>A ki k\u00f6rme k\u00f6z\u00e9 ker\u00fcl,<br>Onnan ugyan nem menek\u00fcl.<br><br>Medve nem mert ott maradni,<br>Jobbnak l\u00e1tta elinalni,<br>A kis ny\u00falhoz visszaczammog,<br>Nagy kir\u00e1lyr\u00f3l mirmeg-mormog.<br>Varj\u00fat, m\u00f3kust ott tal\u00e1lja<br>Farkassal egy t\u00e1rsas\u00e1gba.<br>Gy\u00fcl\u00e9seznek, sz\u00f3nokolnak,<br>Tusakodnak, tanakodnak:<br>Ki is az a Kaczor kir\u00e1ly,<br>Kir\u0151l a hir ugy trombit\u00e1l?<br>Hat\u00e1rozz\u00e1k egyet\u00e9rtve,<br>Hogy meghijj\u00e1k d\u00e9leb\u00e9dre,<br>Legal\u00e1bb igy majd megl\u00e1tj\u00e1k,<br>&#8220;\u00c9ljen! \u00c9ljen!&#8221; &#8211; r\u00e1ki\u00e1ltj\u00e1k.<br><br>K\u00f6vets\u00e9gbe a varju sz\u00e1ll<br>S f\u00e1ra \u00fcl a r\u00f3kalyukn\u00e1l:<br><br>&#8211; Hallod-e te varju, jujjuj!<br>Nem mondtam m\u00e1r, hogy elpusztulj!<br>R\u00f3ka lyuka k\u00f6r\u00fcl ne j\u00e1rj,<br>Mert alszik a Kaczor kir\u00e1ly.<br>Roppant nagy az \u0151 hatalma,<br>Bagosig tart birodalma,<br>Lesz ne mulass, ha kifordul,<br>Hideg kilel, ugy r\u00e1d mordul,<br>Nem szokott az figur\u00e1zni,<br>Csak mindenkit r\u00e9gul\u00e1zni,<br>A ki k\u00f6rme k\u00f6z\u00e9 ker\u00fcl,<br>Onnan ugyan nem menek\u00fcl!<br><br>&#8211; Tudom \u00e9n azt, j\u00f3 vit\u00e9zem,<br>Nem is az\u00e9rt j\u00f6v\u00f6k, k\u00e9rem!<br>Medve, farkas tisztelteti,<br>M\u00f3kus \u00e9s nyul k\u00f6sz\u00f6nteti<br>Hogy szivesen l\u00e1tj\u00e1k d\u00e9lre,<br>Holnap egy kis j\u00f3 eb\u00e9dre,<br>Mind h\u00f3dolni akarn\u00e1nak<br>Kaczornak, a nagy kir\u00e1lynak.<br>Majd \u00f6r\u00fclnek, ha megl\u00e1tj\u00e1k,<br>&#8220;\u00c9ljen! \u00e9ljen!&#8221; &#8211; r\u00e1ki\u00e1ltj\u00e1k.<br><br>&#8211; Paraszt, az m\u00e1s &#8211; sz\u00f3l a r\u00f3ka,<br>S megy jelent\u00e9st tenni r\u00f3la.<br><br>&#8211; H\u0171 csatl\u00f3som, mi az ujs\u00e1g?<br>Vigs\u00e1g-e, vagy szomorus\u00e1g?<br><br>&#8211; Fels\u00e9ges ur, nagyhatalm\u00fa!<br>K\u00f6vets\u00e9gbe j\u00f6tt a varj\u00fa,<br>Medve, farkas tisztelteti,<br>M\u00f3kus \u00e9s nyul k\u00f6sz\u00f6nteti,<br>Hogy szivesen l\u00e1tj\u00e1k d\u00e9lre,<br>Holnap egy kis j\u00f3 eb\u00e9dre.<br>Mind h\u00f3dolni akarn\u00e1nak<br>Kaczornak, a nagy kir\u00e1lynak,<br>Majd \u00f6r\u00fclnek, ha megl\u00e1tj\u00e1k,<br>&#8220;\u00c9ljen! \u00e9ljen!&#8221; &#8211; r\u00e1ki\u00e1ltj\u00e1k.<br><br>&#8211; J\u00f3l van, sz\u00f3g\u00e1m, elfogadom,<br>K\u00f6vetre v\u00e1r nagy jutalom.<br><br>Sz\u00e1ll a varj\u00fa haza fel\u00e9,<br>Viszi a hirt gy\u00fcl\u00e9s el\u00e9.<br><br>Nosza rajta!&#8230; Hozz\u00e1 l\u00e1tnak,<br>K\u00e9sz\u00fclni a lakom\u00e1nak.<br>Kifeszitnek egy nagy ponyv\u00e1t,<br>Fel\u00fctik a Laczikonyh\u00e1t.<br>S f\u00f6ldiszitik z\u00f6ld galyakkal,<br>F\u00fcvekkel \u00e9s vir\u00e1gokkal.<br>Kukt\u00e1nak a nyulat tett\u00e9k,<br>Sz\u00e9p feh\u00e9rbe \u00f6lt\u00f6ztett\u00e9k,<br>Neki van kis kurta farka,<br>Perzsel\u0151 l\u00e1ng meg nem kapja.<br>Vadat \u00e9s f\u00e1t hord a medve,<br>Neki-neki melegedve,<br>Ordas farkas a par\u00e1zson<br>Friss pecseny\u00e9t forgat ny\u00e1rson,<br>F\u00fcrge m\u00f3kus asztalt terit,<br>Di\u00f3t, alm\u00e1t el\u0151kerit,<br>Mogyor\u00f3t is a vend\u00e9gnek,<br>Eb\u00e9d ut\u00e1n csemeg\u00e9nek.<br><br>A varju legjobban r\u00e1\u00e9rt<br>S k\u00fcldik ujra a kir\u00e1ly\u00e9rt.<br>F\u00e1rul f\u00e1ra repdes nyomban,<br>Lesz\u00e1llani nem mer onnan.<br><br>&#8211; J\u0151jjetek m\u00e1r, r\u00f3ka koma,<br>K\u00e9szen van a nagy lakoma!<br>J\u00f3 \u00fcrgeh\u00fas paprik\u00e1son,<br>H\u00f6rcs\u00f6g is megs\u00fclt a ny\u00e1rson!<br><br>&#8211; V\u00e1rj egy kicsit, varju pajt\u00e1s,<br>Amig tart egy szempillant\u00e1s,<br>Hadd h\u00fazza fel k\u00e9k nadr\u00e1gj\u00e1t,<br>Aranysarkanty\u00fas csizm\u00e1j\u00e1t!<br><br>Sz\u00e1ll a varj\u00fa \u00e1grul \u00e1gra,<br>Kaczor kir\u00e1lyt egyre v\u00e1rja:<br><br>&#8211; J\u0151jjetek m\u00e1r, r\u00f3ka koma,<br>K\u00e9szen van a nagy lakoma!<br>Olyan sok\u00e1 mi marasztal?<br>Teritve van m\u00e1r az asztal!<br><br>&#8211; V\u00e1rj egy kicsit, varju pajt\u00e1s,<br>A mig tart egy szempillant\u00e1s,<br>Hadd k\u00f6sse fel k\u00f6ves kardj\u00e1t,<br>P\u00f6d\u00f6rintse ki a bajsz\u00e1t!<br><br>Sz\u00e1ll a varju \u00e1grul \u00e1gra,<br>Kaczor kir\u00e1lyt nagyon v\u00e1rja:<br><br>&#8211; J\u0151jjetek m\u00e1r, r\u00f3ka koma,<br>Kozm\u00e1s lesz a nagy lakoma!<br>Megk\u00f6vetem tisztess\u00e9ggel,<br>El is h\u00fcl a dr\u00e1ga \u00e9tel!<br><br>&#8211; V\u00e1rj egy kicsit, varju pajt\u00e1s,<br>A mig tart egy szempillant\u00e1s,<br>Hadd tegye fel koron\u00e1j\u00e1t,<br>\u00dcsse \u00f6ssze a bok\u00e1j\u00e1t!<br><br>Kaczor kir\u00e1ly indul v\u00e9gre<br>Az \u00fcnnepi d\u00e9leb\u00e9dre,<br>Eg\u00e9sz uton b\u00f6lcsen hallgat,<br>M\u00e9lt\u00f3s\u00e1ggal billeg-ballag.<br>Varjut a f\u00e1n szemmel tartja,<br>Tart t\u0151le, hogy megvagdalja,<br>A varju is csak f\u00e9lszemmel<br>Tekintget r\u00e1, f\u00e9lelemmel.<br>Fegyveresen megy a r\u00f3ka,<br>Kaczor kir\u00e1ly h\u0171 csatl\u00f3sa.<br><br>Laczikonyh\u00e1n v\u00e1rva-v\u00e1rnak<br>\u00c9rkezt\u00e9re a kir\u00e1lynak,<br>Ki-kin\u00e9znek a nagy utra,<br>Oldalukat roppant furja:<br>Milyen az a Kaczor kir\u00e1ly,<br>Kir\u0151l a hir ugy trombit\u00e1l?<br><br>&#8211; Ott j\u00f6n, ott j\u00f6n! &#8211; a nyul ki\u00e1lt &#8211;<br>L\u00e1tom m\u00e1r a Kaczor kir\u00e1lyt!<br>Hosszu bajsza hegyes d\u00e1rda,<br>F\u00f6ldet veri fringi\u00e1ja,<br>Sz\u00e1z bojt is l\u00f3g a csizm\u00e1j\u00e1n,<br>Sas \u00fcl fenn a koron\u00e1j\u00e1n.<br>Aranyos a menteujja,<br>Cs\u00f6r\u00f6g-p\u00f6r\u00f6g sarkantyuja,<br>Jobbra duhog, balra morog,<br>A k\u00e9t szeme v\u00e9rbe forog,<br>K\u00f6pk\u00f6d, pr\u00fcszk\u00f6l, habzik sz\u00e1ja,<br>\u00c9gnek \u00e1ll a sz\u0151re sz\u00e1la,<br>H\u00e1t mi h\u00e1tul izeg-mozog,<br>Az \u00e1m m\u00e9g a sz\u00f6rny\u00fc dolog!<br><br>Itt el\u00e1llott a nyul szava,<br>L\u00e9be pottyant a kanala,<br>Medve r\u00e9m\u00fclt arczot v\u00e1gott<br>S felboritja a bogr\u00e1csot,<br>Ordas mag\u00e1t elfelejti,<br>A pecseny\u00e9t porba ejti,<br>M\u00f3kus ugrik, t\u00e1ny\u00e9r t\u00f6rik,<br>Valamennyi mind megsz\u00f6kik.<br>Esze n\u00e9lk\u00fcl fut mindny\u00e1ja,<br>Tapsif\u00fclest hideg r\u00e1zza.<br><br>Kaczor kir\u00e1ly, hogy oda \u00e9r,<br>D\u00fch\u00f6s lesz a lakom\u00e1\u00e9r&#8217;.<br>Sajn\u00e1lja a j\u00f3 pecseny\u00e9t<br>Meg a finom sok csemeg\u00e9t.<br>Haragosabb egyre jobban,<br>Kardot r\u00e1nt \u00e9s nagyot toppan:<br><br>&#8211; Hej rip\u0151k\u00f6k, himpell\u00e9rek!<br>G\u00e9zeng\u00fazok, jaj tin\u00e9ktek!<br>A kir\u00e1lyt igy fogadj\u00e1tok?<br>\u00c1tok r\u00e1tok, vakap\u00e1tok!<br>Ker\u00fcljetek szemem el\u00e9,<br>Lesz ne mulass mindenfel\u00e9!<br>G\u00fazsba k\u00f6tlek, ny\u00e1rsba huzlak,<br>Elevenen mind megnyuzlak!<br><br>Medve, farkas, m\u00f3kus \u00e9s nyul<br>Fut lihegve, hogy majd megful.<br>S mikor \u00e9pen harangoznak,<br>Egy kuty\u00e1val tal\u00e1lkoznak:<br><br>&#8211; Hej, mi \u00fct\u00f6tt a bund\u00e1ba,<br>Hogy igy futtok l\u00f3hal\u00e1lba?<br>A g\u0151z\u00f6s m\u00e9g nem f\u00fcttyentett,<br>\u00c1lljanak meg kiss\u00e9 kentek!<br><br>&#8211; Gyere te is! &#8211; a nyul ki\u00e1lt &#8211;<br>Nem l\u00e1ttad a Kaczor kir\u00e1lyt?<br>Hosszu bajsza hegyes d\u00e1rda,<br>F\u00f6ldet veri fringi\u00e1ja,<br>Sz\u00e1z bojt is l\u00f3g a csizm\u00e1j\u00e1n,<br>Sas \u00fcl fenn a koron\u00e1j\u00e1n.<br>Aranyos a menteujja,<br>Cs\u00f6r\u00f6g-p\u00f6r\u00f6g sarkantyuja,<br>Jobbra duhog, balra morog,<br>A k\u00e9t szeme v\u00e9rbe forog,<br>K\u00f6pk\u00f6d, pr\u00fcszk\u00f6l, habzik sz\u00e1ja,<br>\u00c9gnek \u00e1ll a sz\u0151re sz\u00e1la,<br>H\u00e1t mi h\u00e1tul izeg-mozog,<br>Az \u00e1m m\u00e9g a sz\u00f6rny\u0171 dolog!<br><br>&#8211; Kaczor kir\u00e1ly? Nem gondoltam,<br>Soha hir\u00e9t sem hallottam!<br>De ha j\u00f3l kivettem a sz\u00f3t,<br>Ismerem \u00e9n ezt a ficzk\u00f3t!<br>Csufot \u00fcz\u00f6tt bel\u0151letek!<br>Csak ut\u00e1nam, ne f\u00e9ljetek!<br><br>F\u00e9lremegve, f\u00e9lig b\u00e1tran,<br>Bizakodva a kuty\u00e1ban,<br>Mennek vissza, sompolyognak,<br>S\u00fcnd\u00f6r\u00f6gnek, oldalognak.<br>S Kaczor kir\u00e1lyt ott tal\u00e1lj\u00e1k,<br>Forgatja m\u00e9g fringi\u00e1j\u00e1t.<br><br>De a kuty\u00e1t hogy megl\u00e1tja,<br>Felszalad egy magas f\u00e1ra,<br>\u00c1gabog\u00e1n meghuz\u00f3dik,<br>Bodri kutya szitkoz\u00f3dik:<br><br>&#8211; Ej, te b\u00f6grenyalogat\u00f3!<br>Hurka-kolb\u00e1sz lopogat\u00f3!<br>Te p\u00e1kosztos kapczabety\u00e1r!<br>Te vagy az a Kaczor kir\u00e1ly?<br>Kir\u00e1ly \u00e1m az egerekn\u00e9l,<br>A kit\u0151l az \u00f6rd\u00f6g sem f\u00e9l!<br>Hiszen most is k\u00e9k a h\u00e1tad,<br>Hogy a tejf\u00f6lt megzab\u00e1ltad!<br>Gazdasszonyunk tegnap \u00e9jjel<br>Kergetett el sepr\u00fcny\u00e9llel!<br><br>Medve, farkas elfordulnak &#8211;<br>B\u00e1tors\u00e1ga j\u00f6tt a nyulnak:<br><br>&#8211; No, tisztelem Fels\u00e9gedet,<br>Eg\u00e9rfog\u00f3 szem\u00e9lyedet!<br>Fittyet h\u00e1nyok ily kir\u00e1lynak,<br>Csak parancsolj a r\u00f3k\u00e1nak!<br><br>R\u00f3ka uram v\u00e9rveresen<br>K\u00f6zbe ki\u00e1lt nagy m\u00e9rgesen.<br><br>T\u00e1ny\u00e9rtalpu visszafordul,<br>Mosolyogva egyet mordul:<br><br>&#8211; R\u00f3ka koma, ne kiab\u00e1lj,<br>Csitt! alszik a Kaczor kir\u00e1ly!<\/p>\n","protected":false},"excerpt":{"rendered":"<p>Mi\u00e1kolt a macska \u00e9hen,Kert alatt, a faluv\u00e9gen.H\u00edd mell\u00e9 \u00fclt szomoruan,H\u00e1t egy r\u00f3ka vala tulnan,Sz\u0151r\u00f6s arcz\u00e1t czir\u00f3gatta,Lompos fark\u00e1t lel\u00f3gatta. Macska neki ugrott mingy\u00e1rt,Jobbra himb\u00e1lt, balra czimb\u00e1lt,J\u00e1tszadozott a fark\u00e1val,Mindenf\u00e9le m\u00f3rik\u00e1val. R\u00f3ka retten&#8230; macska szeppen&#8230;Megfordulnak mind a ketten.R\u00f3ka soh&#8217;se l\u00e1tott macsk\u00e1t,Macska soh&#8217;se l\u00e1tott r\u00f3k\u00e1t.Egy se tudja: ki kicsoda,Reszketnek, mint a kocsonya.N\u00e9zt\u00e9k egym\u00e1st egy darabig,Azt mondj\u00e1k, hogy h\u00e1rom napig. [&hellip;]<\/p>\n","protected":false},"author":1,"featured_media":0,"parent":0,"menu_order":0,"comment_status":"closed","ping_status":"closed","template":"","meta":[],"_links":{"self":[{"href":"https:\/\/digitaliskonyvtar.bbmk.hu\/kszrjatek\/index.php\/wp-json\/wp\/v2\/pages\/1401"}],"collection":[{"href":"https:\/\/digitaliskonyvtar.bbmk.hu\/kszrjatek\/index.php\/wp-json\/wp\/v2\/pages"}],"about":[{"href":"https:\/\/digitaliskonyvtar.bbmk.hu\/kszrjatek\/index.php\/wp-json\/wp\/v2\/types\/page"}],"author":[{"embeddable":true,"href":"https:\/\/digitaliskonyvtar.bbmk.hu\/kszrjatek\/index.php\/wp-json\/wp\/v2\/users\/1"}],"replies":[{"embeddable":true,"href":"https:\/\/digitaliskonyvtar.bbmk.hu\/kszrjatek\/index.php\/wp-json\/wp\/v2\/comments?post=1401"}],"version-history":[{"count":1,"href":"https:\/\/digitaliskonyvtar.bbmk.hu\/kszrjatek\/index.php\/wp-json\/wp\/v2\/pages\/1401\/revisions"}],"predecessor-version":[{"id":1402,"href":"https:\/\/digitaliskonyvtar.bbmk.hu\/kszrjatek\/index.php\/wp-json\/wp\/v2\/pages\/1401\/revisions\/1402"}],"wp:attachment":[{"href":"https:\/\/digitaliskonyvtar.bbmk.hu\/kszrjatek\/index.php\/wp-json\/wp\/v2\/media?parent=1401"}],"curies":[{"name":"wp","href":"https:\/\/api.w.org\/{rel}","templated":true}]}}