{"id":1361,"date":"2024-07-04T11:48:58","date_gmt":"2024-07-04T11:48:58","guid":{"rendered":"https:\/\/digitaliskonyvtar.bbmk.hu\/kszrjatek\/?page_id=1361"},"modified":"2024-07-04T11:48:59","modified_gmt":"2024-07-04T11:48:59","slug":"posa-lajos-a-kerek-sajt","status":"publish","type":"page","link":"https:\/\/digitaliskonyvtar.bbmk.hu\/kszrjatek\/index.php\/posa-lajos-a-kerek-sajt\/","title":{"rendered":"P\u00f3sa Lajos: A kerek sajt"},"content":{"rendered":"<p>Hallgass ide, Laczk\u00f3!<br \/>\nElind\u00falt k\u00e9t maczk\u00f3.<br \/>\nElmentek vil\u00e1gg\u00e1<br \/>\nSzerencs\u00e9t pr\u00f3b\u00e1lni:<br \/>\nH\u00e1tha egy kis m\u00e9zet<br \/>\nTudn\u00e1nak tal\u00e1lni.<br \/>\nLeltek is egy od\u00fat<br \/>\nSz\u00ednig \u00e9des m\u00e9zzel,<br \/>\nDe meggy\u0171lt a bajuk<br \/>\nBezzeg a sok m\u00e9hvel.<br \/>\nA k\u00e9t maczk\u00f3 orra<br \/>\nTele lett full\u00e1nkkal,<br \/>\nSzaladtak is onn\u00e9t<br \/>\nHegyen-v\u00f6lgy\u00f6n \u00e1ltal.<br \/>\nBiz \u00fagy, biz \u00fagy, Laczk\u00f3!<br \/>\nFutott a k\u00e9t maczk\u00f3.<\/p>\n<p>A mint a k\u00e9t maczk\u00f3<br \/>\nNagysebesen hajtott,<br \/>\nTal\u00e1ltak az \u00faton<br \/>\nEgy nagy kerek sajtot.<br \/>\nAkkora volt, mint egy<br \/>\nNagy taligaker\u00e9k&#8230;<br \/>\nSz\u00f3lt az egyik: &#8211; Nekem<br \/>\nVacsor\u00e1ra el\u00e9g!<br \/>\n&#8211; Hoh\u00f3! &#8211; sz\u00f3lt a m\u00e1sik &#8211;<br \/>\nHogy besz\u00e9lhetsz ilyet!<br \/>\n\u00c9n l\u00e1ttam meg el\u0151bb!<br \/>\nA sajt engem illet!<br \/>\nS cziv\u00f3dtak a sajton,<br \/>\nMirmegtek-mormogtak,<br \/>\nDirmegve-d\u00f6rm\u00f6gve<br \/>\nNagyon marakodtak.<br \/>\nBiz \u00fagy, biz \u00fagy, Laczk\u00f3!<br \/>\nD\u00fch\u00f6s a k\u00e9t maczk\u00f3.<\/p>\n<p>A k\u00e9t d\u00fch\u00f6s maczk\u00f3<br \/>\nUgyan n\u00e9z a sajtra &#8211;<br \/>\nV\u00e9gre megegyeztek:<br \/>\nOsztozkodnak rajta.<br \/>\nHanem az\u00e9rt egyre<br \/>\nCsak d\u00f6rm\u00f6gtek folyv\u00e1st,<br \/>\nEgyik se v\u00e1llalta<br \/>\nMag\u00e1ra az oszt\u00e1st.<br \/>\nF\u00e9lt, hogy a m\u00e1siknak<br \/>\nNagyobb jut a sajtb\u00f3l&#8230;<br \/>\nOtt terem egy r\u00f3ka<br \/>\nS nagy ravaszan \u00edgy sz\u00f3l:<br \/>\n&#8211; Bizz\u00e1k r\u00e1m az urak!<br \/>\n\u00c9n k\u00e9tfel\u00e9 osztom.<br \/>\nTudom, sohse voltak<br \/>\nIly egyforma koszton!<br \/>\n&#8230;Biz \u00fagy, biz \u00fagy, Laczk\u00f3!<br \/>\nCsacsi a k\u00e9t maczk\u00f3.<\/p>\n<p>A k\u00e9t csacsi maczk\u00f3<br \/>\nEgy nagyot s\u00f3hajtott,<br \/>\nMikor kett\u00e9t\u00f6rte<br \/>\nA r\u00f3ka a sajtot.<br \/>\n&#8211; Nem j\u00f3l van! &#8211; d\u00f6rm\u00f6gik. &#8211;<br \/>\nEz az egyik nagyobb!<br \/>\n&#8211; Majd eligaz\u00edtom,<br \/>\nHisz itt az\u00e9rt vagyok!<br \/>\nB\u00edzz\u00e1k r\u00e1m az urak!<br \/>\nMindj\u00e1rt teszek r\u00f3la.<br \/>\n\u00c9s egy nagy darabot<br \/>\nLeharap a r\u00f3ka.<br \/>\n&#8211; Nem j\u00f3l van! &#8211; d\u00f6rm\u00f6gik. &#8211;<br \/>\nM\u00e9g mostan is nagyobb!<br \/>\n&#8211; Csak egy kis t\u00fcrelmet!<br \/>\nHisz itt az\u00e9rt vagyok!<br \/>\nCsak b\u00edzzanak bennem!<br \/>\nMajd teszek \u00e9n r\u00f3la.<br \/>\nS m\u00e9g nagyobbat harap<br \/>\nBel\u0151le a r\u00f3ka.<\/p>\n<p>&#8211; Most sincs j\u00f3l! &#8211; mormogj\u00e1k &#8211;<br \/>\nMost meg ez a nagyobb!<br \/>\n&#8211; Engedelmet k\u00e9rek,<br \/>\nHisz itt az\u00e9rt vagyok!<br \/>\nB\u00edzzanak m\u00e1r bennem!<br \/>\nMajd csak teszek r\u00f3la.<br \/>\nS a m\u00e1sikb\u00f3l harap<br \/>\nEgy nagyot a r\u00f3ka.<br \/>\n&#8211; Megint rossz! &#8211; mormogj\u00e1k. &#8211;<br \/>\nMost a kisebb nagyobb!<br \/>\n&#8211; Inst\u00e1lom al\u00e1ssan,<br \/>\nHisz itt az\u00e9rt vagyok!<br \/>\nM\u00e9rt nem b\u00edznak bennem!<br \/>\nTudok tenni r\u00f3la.<br \/>\nS a m\u00e1sikb\u00f3l megint<br \/>\nJ\u00f3t harap a r\u00f3ka.<\/p>\n<p>&#8211; M\u00e9g sincs j\u00f3l! &#8211; mormogj\u00e1k.<br \/>\nMost a nagyobb kisebb!<br \/>\n&#8211; Ugyan k\u00e9rem \u00e1ssan!<br \/>\n\u00d6rd\u00f6g l\u00e1tott ilyet!<br \/>\nMost a nagyobb kisebb&#8230;<br \/>\nMost a kisebb nagyobb&#8230;<br \/>\nKisebb&#8230; nagyobb&#8230; kisebb&#8230;<br \/>\nAkkor itt m\u00e9rt vagyok?<br \/>\nHogy ennyit bajl\u00f3dtam,<br \/>\nMost azt is sajn\u00e1lom&#8230;<br \/>\nOszsz\u00e1k el maguk k\u00f6zt!<br \/>\nMagamat aj\u00e1nlom!<br \/>\nS ravasz vigyorg\u00e1ssal<br \/>\nSebesen elhajtott:<br \/>\n&#8211; Hagytam nekik is egy<br \/>\nKis darabka sajtot!<br \/>\n&#8230;Biz \u00fagy, biz \u00fagy, Laczk\u00f3!<br \/>\nIgy j\u00e1rt a k\u00e9t maczk\u00f3!<\/p>\n","protected":false},"excerpt":{"rendered":"<p>Hallgass ide, Laczk\u00f3! Elind\u00falt k\u00e9t maczk\u00f3. Elmentek vil\u00e1gg\u00e1 Szerencs\u00e9t pr\u00f3b\u00e1lni: H\u00e1tha egy kis m\u00e9zet Tudn\u00e1nak tal\u00e1lni. Leltek is egy od\u00fat Sz\u00ednig \u00e9des m\u00e9zzel, De meggy\u0171lt a bajuk Bezzeg a sok m\u00e9hvel. A k\u00e9t maczk\u00f3 orra Tele lett full\u00e1nkkal, Szaladtak is onn\u00e9t Hegyen-v\u00f6lgy\u00f6n \u00e1ltal. Biz \u00fagy, biz \u00fagy, Laczk\u00f3! Futott a k\u00e9t maczk\u00f3. A mint a [&hellip;]<\/p>\n","protected":false},"author":1,"featured_media":0,"parent":0,"menu_order":0,"comment_status":"closed","ping_status":"closed","template":"","meta":[],"_links":{"self":[{"href":"https:\/\/digitaliskonyvtar.bbmk.hu\/kszrjatek\/index.php\/wp-json\/wp\/v2\/pages\/1361"}],"collection":[{"href":"https:\/\/digitaliskonyvtar.bbmk.hu\/kszrjatek\/index.php\/wp-json\/wp\/v2\/pages"}],"about":[{"href":"https:\/\/digitaliskonyvtar.bbmk.hu\/kszrjatek\/index.php\/wp-json\/wp\/v2\/types\/page"}],"author":[{"embeddable":true,"href":"https:\/\/digitaliskonyvtar.bbmk.hu\/kszrjatek\/index.php\/wp-json\/wp\/v2\/users\/1"}],"replies":[{"embeddable":true,"href":"https:\/\/digitaliskonyvtar.bbmk.hu\/kszrjatek\/index.php\/wp-json\/wp\/v2\/comments?post=1361"}],"version-history":[{"count":1,"href":"https:\/\/digitaliskonyvtar.bbmk.hu\/kszrjatek\/index.php\/wp-json\/wp\/v2\/pages\/1361\/revisions"}],"predecessor-version":[{"id":1363,"href":"https:\/\/digitaliskonyvtar.bbmk.hu\/kszrjatek\/index.php\/wp-json\/wp\/v2\/pages\/1361\/revisions\/1363"}],"wp:attachment":[{"href":"https:\/\/digitaliskonyvtar.bbmk.hu\/kszrjatek\/index.php\/wp-json\/wp\/v2\/media?parent=1361"}],"curies":[{"name":"wp","href":"https:\/\/api.w.org\/{rel}","templated":true}]}}