{"id":1357,"date":"2024-07-04T11:44:27","date_gmt":"2024-07-04T11:44:27","guid":{"rendered":"https:\/\/digitaliskonyvtar.bbmk.hu\/kszrjatek\/?page_id=1357"},"modified":"2024-07-18T09:56:46","modified_gmt":"2024-07-18T09:56:46","slug":"vagany-varmegyei-verselo-4-fordulo","status":"publish","type":"page","link":"https:\/\/digitaliskonyvtar.bbmk.hu\/kszrjatek\/index.php\/vagany-varmegyei-verselo-4-fordulo\/","title":{"rendered":"Vag\u00e1ny V\u00e1rmegyei Versel\u0151 &#8211; 4. fordul\u00f3"},"content":{"rendered":"\n<p class=\"has-background-color has-primary-background-color has-text-color has-background has-large-font-size\"><strong>A<\/strong> feladat<\/p>\n\n\n\n<p>Az el\u0151z\u0151 fordul\u00f3khoz hasonl\u00f3an, k\u00e9rj\u00fck az al\u00e1bbi vers el\u0151ad\u00e1s\u00e1t, elmond\u00e1s\u00e1t, esetleg felolvas\u00e1s\u00e1t, melyet vide\u00f3 form\u00e1tumban k\u00fcldjetek el hozz\u00e1nk!<\/p>\n\n\n\n<p class=\"has-large-font-size\"><strong>A<\/strong> &#8211; P\u00f3sa Lajos: A kerek sajt <\/p>\n\n\n\n<div class=\"wp-container-2 wp-block-group alignwide\">\n<figure class=\"wp-block-image size-full is-resized\"><img loading=\"lazy\" src=\"https:\/\/digitaliskonyvtar.bbmk.hu\/kszrjatek\/wp-content\/uploads\/2024\/07\/8-0-removebg-preview.png\" alt=\"\" class=\"wp-image-1359\" width=\"129\" height=\"121\" srcset=\"https:\/\/digitaliskonyvtar.bbmk.hu\/kszrjatek\/wp-content\/uploads\/2024\/07\/8-0-removebg-preview.png 517w, https:\/\/digitaliskonyvtar.bbmk.hu\/kszrjatek\/wp-content\/uploads\/2024\/07\/8-0-removebg-preview-300x280.png 300w\" sizes=\"(max-width: 129px) 100vw, 129px\" \/><\/figure>\n\n\n\n<div class=\"wp-container-1 wp-block-buttons\">\n<div class=\"wp-block-button\"><a class=\"wp-block-button__link has-background\" href=\"https:\/\/digitaliskonyvtar.bbmk.hu\/kszrjatek\/index.php\/posa-lajos-a-kerek-sajt\/\" style=\"background:linear-gradient(8deg,rgb(2,3,129) 0%,rgb(40,116,252) 100%)\" target=\"_blank\" rel=\"noreferrer noopener\">Vers megtekint\u00e9se<\/a><\/div>\n<\/div>\n\n\n\n<div class=\"wp-block-file\"><a id=\"wp-block-file--media-55fd90c2-dda8-488d-a38b-557e3a804cdc\" href=\"https:\/\/digitaliskonyvtar.bbmk.hu\/kszrjatek\/wp-content\/uploads\/2024\/07\/Posa-Lajos-A-kerek-sajt.docx\"><em>Let\u00f6lt\u00e9s: P\u00f3sa Lajos &#8211; A kerek sajt<\/em><\/a><\/div>\n<\/div>\n\n\n\n<p><em>(A k\u00fcl\u00f6nb\u00f6z\u0151 fordul\u00f3k vide\u00f3i egyszerre \u00e9s k\u00fcl\u00f6n-k\u00fcl\u00f6n is felt\u00f6lthet\u0151ek.)<\/em><\/p>\n\n\n\n<p><iframe loading=\"lazy\" src=\"https:\/\/dkvt.bbmk.hu\/ftolt\/\" allowfullscreen=\"allowfullscreen\" width=\"100%\" height=\"550px\" frameborder=\"0\"><\/iframe><\/p>\n\n\n\n<p class=\"has-background-color has-primary-background-color has-text-color has-background has-large-font-size\"><strong>B<\/strong> feladat<\/p>\n\n\n\n<p class=\"has-large-font-size\"><strong>B\/1<\/strong> &#8211; <strong>Mit nevez\u00fcnk igazs\u00e1gos eloszt\u00e1snak?<\/strong><\/p>\n\n\n\n<p>Legyen sz\u00f3 tort\u00e1r\u00f3l, sajtr\u00f3l vagy ak\u00e1r a h\u00e1z k\u00f6r\u00fcli teend\u0151kr\u0151l?<\/p>\n\n\n\n<p>\u00cdrjatok egy csattan\u00f3s t\u00f6rt\u00e9netet az igazs\u00e1gos osztozkod\u00e1sr\u00f3l!<\/p>\n\n\n\n<p>&nbsp;<em>(Terjedelme max.&nbsp;&nbsp;egy&nbsp;&nbsp;A4-es oldal legyen.)<\/em><\/p>\n\n\n\n<p><iframe loading=\"lazy\" src=\"https:\/\/dkvt.bbmk.hu\/ftolt\/\" allowfullscreen=\"allowfullscreen\" width=\"100%\" height=\"550px\" frameborder=\"0\"><\/p><\/iframe><\/p>\n\n\n\n<p class=\"has-large-font-size\"><strong>B\/2 &#8211; Sajt-kv\u00edz<\/strong><\/p>\n\n\n\n<figure class=\"wp-block-image size-large is-resized\"><a href=\"https:\/\/view.genially.com\/6683aad97fd21d0014bb9fca\/interactive-content-sajt-kviz\" target=\"_blank\" rel=\"noreferrer noopener\"><img loading=\"lazy\" src=\"https:\/\/digitaliskonyvtar.bbmk.hu\/kszrjatek\/wp-content\/uploads\/2024\/07\/sajtkviz-1024x575.jpg\" alt=\"\" class=\"wp-image-1366\" width=\"256\" height=\"144\" srcset=\"https:\/\/digitaliskonyvtar.bbmk.hu\/kszrjatek\/wp-content\/uploads\/2024\/07\/sajtkviz-1024x575.jpg 1024w, https:\/\/digitaliskonyvtar.bbmk.hu\/kszrjatek\/wp-content\/uploads\/2024\/07\/sajtkviz-300x169.jpg 300w, https:\/\/digitaliskonyvtar.bbmk.hu\/kszrjatek\/wp-content\/uploads\/2024\/07\/sajtkviz-768x432.jpg 768w, https:\/\/digitaliskonyvtar.bbmk.hu\/kszrjatek\/wp-content\/uploads\/2024\/07\/sajtkviz-1536x863.jpg 1536w, https:\/\/digitaliskonyvtar.bbmk.hu\/kszrjatek\/wp-content\/uploads\/2024\/07\/sajtkviz.jpg 1600w\" sizes=\"(max-width: 256px) 100vw, 256px\" \/><\/a><\/figure>\n\n\n\n<p>Teljes\u00edtsd a j\u00e1t\u00e9kot, majd <strong>a b\u00f3nusz k\u00e9rd\u00e9s v\u00e1lasz\u00e1t k\u00fcldd be<\/strong> az al\u00e1bbi \u0171rlapon, vagy k\u00fcldd el az el\u0151z\u0151 feladattal egy\u00fctt a &#8220;Megjegyz\u00e9s&#8221; rovatba \u00edrva!<\/p>\n\n\n<noscript class=\"ninja-forms-noscript-message\">\n\tNotice: JavaScript is required for this content.<\/noscript>\n<div id=\"nf-form-10-cont\" class=\"nf-form-cont\" aria-live=\"polite\" aria-labelledby=\"nf-form-title-10\" aria-describedby=\"nf-form-errors-10\" role=\"form\">\n\n    <div class=\"nf-loading-spinner\"><\/div>\n\n<\/div>\n        <!-- TODO: Move to Template File. -->\n        <script>var formDisplay=1;var nfForms=nfForms||[];var form=[];form.id='10';form.settings={\"objectType\":\"Form Setting\",\"editActive\":true,\"title\":\"Vag\\u00e1ny V\\u00e1rmegyei Versel\\u0151 - 4. fordul\\u00f3 - B2\",\"created_at\":\"2024-07-04 13:45:04\",\"default_label_pos\":\"above\",\"show_title\":\"0\",\"clear_complete\":\"1\",\"hide_complete\":\"1\",\"logged_in\":\"\",\"wrapper_class\":\"\",\"element_class\":\"\",\"form_title_heading_level\":\"3\",\"key\":\"\",\"add_submit\":\"1\",\"currency\":\"\",\"unique_field_error\":\"A form with this value has already been submitted.\",\"not_logged_in_msg\":\"\",\"sub_limit_msg\":\"The form has reached its submission limit.\",\"calculations\":[],\"formContentData\":[\"jatekos_csapat_neve_1717488679819\",\"e-mail_cime_1717488707045\",\"1_bonusz_kerdes_valasza_1720093563530\",\"kuldes_1717490328550\"],\"changeEmailErrorMsg\":\"Please enter a valid email address!\",\"changeDateErrorMsg\":\"Please enter a valid date!\",\"confirmFieldErrorMsg\":\"These fields must match!\",\"fieldNumberNumMinError\":\"Number Min Error\",\"fieldNumberNumMaxError\":\"Number Max Error\",\"fieldNumberIncrementBy\":\"Please increment by \",\"formErrorsCorrectErrors\":\"Please correct errors before submitting this form.\",\"validateRequiredField\":\"This is a required field.\",\"honeypotHoneypotError\":\"Honeypot Error\",\"fieldsMarkedRequired\":\" \",\"drawerDisabled\":false,\"allow_public_link\":0,\"embed_form\":\"\",\"ninjaForms\":\"Ninja Forms\",\"fieldTextareaRTEInsertLink\":\"Insert Link\",\"fieldTextareaRTEInsertMedia\":\"Insert Media\",\"fieldTextareaRTESelectAFile\":\"Select a file\",\"formHoneypot\":\"If you are a human seeing this field, please leave it empty.\",\"fileUploadOldCodeFileUploadInProgress\":\"File Upload in Progress.\",\"fileUploadOldCodeFileUpload\":\"FILE UPLOAD\",\"currencySymbol\":false,\"thousands_sep\":\"&nbsp;\",\"decimal_point\":\",\",\"siteLocale\":\"hu_HU\",\"dateFormat\":\"m\\\/d\\\/Y\",\"startOfWeek\":\"1\",\"of\":\"of\",\"previousMonth\":\"Previous Month\",\"nextMonth\":\"Next Month\",\"months\":[\"January\",\"February\",\"March\",\"April\",\"May\",\"June\",\"July\",\"August\",\"September\",\"October\",\"November\",\"December\"],\"monthsShort\":[\"Jan\",\"Feb\",\"Mar\",\"Apr\",\"May\",\"Jun\",\"Jul\",\"Aug\",\"Sep\",\"Oct\",\"Nov\",\"Dec\"],\"weekdays\":[\"Sunday\",\"Monday\",\"Tuesday\",\"Wednesday\",\"Thursday\",\"Friday\",\"Saturday\"],\"weekdaysShort\":[\"Sun\",\"Mon\",\"Tue\",\"Wed\",\"Thu\",\"Fri\",\"Sat\"],\"weekdaysMin\":[\"Su\",\"Mo\",\"Tu\",\"We\",\"Th\",\"Fr\",\"Sa\"],\"recaptchaConsentMissing\":\"reCapctha validation couldn&#039;t load.\",\"recaptchaMissingCookie\":\"reCaptcha v3 validation couldn&#039;t load the cookie needed to submit the form.\",\"recaptchaConsentEvent\":\"Accept reCaptcha cookies before sending the form.\",\"currency_symbol\":\"\",\"beforeForm\":\"\",\"beforeFields\":\"\",\"afterFields\":\"\",\"afterForm\":\"\"};form.fields=[{\"objectType\":\"Field\",\"objectDomain\":\"fields\",\"editActive\":false,\"order\":1,\"idAttribute\":\"id\",\"type\":\"firstname\",\"label\":\"J\\u00e1t\\u00e9kos\\\/csapat neve\",\"key\":\"jatekos_csapat_neve_1717488679819\",\"label_pos\":\"above\",\"required\":1,\"default\":\"\",\"placeholder\":\"\",\"container_class\":\"\",\"element_class\":\"\",\"admin_label\":\"\",\"help_text\":\"\",\"custom_name_attribute\":\"fname\",\"personally_identifiable\":1,\"value\":\"\",\"field_label\":\"J\\u00e1t\\u00e9kos\\\/csapat neve\",\"field_key\":\"jatekos_csapat_neve_1717488679819\",\"id\":52,\"beforeField\":\"\",\"afterField\":\"\",\"parentType\":\"firstname\",\"element_templates\":[\"firstname\",\"input\"],\"old_classname\":\"\",\"wrap_template\":\"wrap\"},{\"objectType\":\"Field\",\"objectDomain\":\"fields\",\"editActive\":false,\"order\":2,\"idAttribute\":\"id\",\"type\":\"email\",\"label\":\"E-mail c\\u00edme\",\"key\":\"e-mail_cime_1717488707045\",\"label_pos\":\"above\",\"required\":1,\"default\":\"\",\"placeholder\":\"\",\"container_class\":\"\",\"element_class\":\"\",\"admin_label\":\"\",\"help_text\":\"\",\"custom_name_attribute\":\"email\",\"personally_identifiable\":1,\"value\":\"\",\"drawerDisabled\":\"\",\"field_label\":\"E-mail c\\u00edme\",\"field_key\":\"e-mail_cime_1717488707045\",\"id\":53,\"beforeField\":\"\",\"afterField\":\"\",\"parentType\":\"email\",\"element_templates\":[\"email\",\"input\"],\"old_classname\":\"\",\"wrap_template\":\"wrap\"},{\"objectType\":\"Field\",\"objectDomain\":\"fields\",\"editActive\":false,\"order\":3,\"idAttribute\":\"id\",\"label\":\"+1 b\\u00f3nusz k\\u00e9rd\\u00e9s v\\u00e1lasza\",\"type\":\"textarea\",\"key\":\"1_bonusz_kerdes_valasza_1720093563530\",\"label_pos\":\"above\",\"required\":1,\"default\":\"\",\"placeholder\":\"\",\"container_class\":\"\",\"element_class\":\"\",\"input_limit\":\"\",\"input_limit_type\":\"characters\",\"input_limit_msg\":\"Character(s) left\",\"manual_key\":\"\",\"admin_label\":\"\",\"help_text\":\"\",\"textarea_rte\":\"\",\"disable_rte_mobile\":\"\",\"textarea_media\":\"\",\"value\":\"\",\"drawerDisabled\":false,\"field_label\":\"K\\u00f6sz\\u00f6nt\\u0151 Bodrinak\",\"field_key\":\"koszonto_bodrinak_1717490148741\",\"id\":54,\"beforeField\":\"\",\"afterField\":\"\",\"parentType\":\"textarea\",\"element_templates\":[\"textarea\",\"input\"],\"old_classname\":\"\",\"wrap_template\":\"wrap\"},{\"objectType\":\"Field\",\"objectDomain\":\"fields\",\"editActive\":false,\"order\":9999,\"idAttribute\":\"id\",\"type\":\"submit\",\"label\":\"K\\u00fcld\\u00e9s\",\"processing_label\":\"Feldolgoz\\u00e1s alatt..\",\"container_class\":\"\",\"element_class\":\"\",\"key\":\"kuldes_1717490328550\",\"field_label\":\"K\\u00fcld\\u00e9s\",\"field_key\":\"kuldes_1717490328550\",\"id\":55,\"beforeField\":\"\",\"afterField\":\"\",\"value\":\"\",\"label_pos\":\"above\",\"parentType\":\"textbox\",\"element_templates\":[\"submit\",\"button\",\"input\"],\"old_classname\":\"\",\"wrap_template\":\"wrap-no-label\"}];nfForms.push(form);<\/script>\n        ","protected":false},"excerpt":{"rendered":"<p>A feladat Az el\u0151z\u0151 fordul\u00f3khoz hasonl\u00f3an, k\u00e9rj\u00fck az al\u00e1bbi vers el\u0151ad\u00e1s\u00e1t, elmond\u00e1s\u00e1t, esetleg felolvas\u00e1s\u00e1t, melyet vide\u00f3 form\u00e1tumban k\u00fcldjetek el hozz\u00e1nk! A &#8211; P\u00f3sa Lajos: A kerek sajt (A k\u00fcl\u00f6nb\u00f6z\u0151 fordul\u00f3k vide\u00f3i egyszerre \u00e9s k\u00fcl\u00f6n-k\u00fcl\u00f6n is felt\u00f6lthet\u0151ek.) B feladat B\/1 &#8211; Mit nevez\u00fcnk igazs\u00e1gos eloszt\u00e1snak? Legyen sz\u00f3 tort\u00e1r\u00f3l, sajtr\u00f3l vagy ak\u00e1r a h\u00e1z k\u00f6r\u00fcli teend\u0151kr\u0151l? \u00cdrjatok [&hellip;]<\/p>\n","protected":false},"author":1,"featured_media":0,"parent":0,"menu_order":0,"comment_status":"closed","ping_status":"closed","template":"","meta":[],"_links":{"self":[{"href":"https:\/\/digitaliskonyvtar.bbmk.hu\/kszrjatek\/index.php\/wp-json\/wp\/v2\/pages\/1357"}],"collection":[{"href":"https:\/\/digitaliskonyvtar.bbmk.hu\/kszrjatek\/index.php\/wp-json\/wp\/v2\/pages"}],"about":[{"href":"https:\/\/digitaliskonyvtar.bbmk.hu\/kszrjatek\/index.php\/wp-json\/wp\/v2\/types\/page"}],"author":[{"embeddable":true,"href":"https:\/\/digitaliskonyvtar.bbmk.hu\/kszrjatek\/index.php\/wp-json\/wp\/v2\/users\/1"}],"replies":[{"embeddable":true,"href":"https:\/\/digitaliskonyvtar.bbmk.hu\/kszrjatek\/index.php\/wp-json\/wp\/v2\/comments?post=1357"}],"version-history":[{"count":5,"href":"https:\/\/digitaliskonyvtar.bbmk.hu\/kszrjatek\/index.php\/wp-json\/wp\/v2\/pages\/1357\/revisions"}],"predecessor-version":[{"id":1383,"href":"https:\/\/digitaliskonyvtar.bbmk.hu\/kszrjatek\/index.php\/wp-json\/wp\/v2\/pages\/1357\/revisions\/1383"}],"wp:attachment":[{"href":"https:\/\/digitaliskonyvtar.bbmk.hu\/kszrjatek\/index.php\/wp-json\/wp\/v2\/media?parent=1357"}],"curies":[{"name":"wp","href":"https:\/\/api.w.org\/{rel}","templated":true}]}}