{"id":1337,"date":"2024-06-04T08:05:07","date_gmt":"2024-06-04T08:05:07","guid":{"rendered":"https:\/\/digitaliskonyvtar.bbmk.hu\/kszrjatek\/?page_id=1337"},"modified":"2024-07-18T09:58:08","modified_gmt":"2024-07-18T09:58:08","slug":"vagany-varmegyei-verselo-3-fordulo","status":"publish","type":"page","link":"https:\/\/digitaliskonyvtar.bbmk.hu\/kszrjatek\/index.php\/vagany-varmegyei-verselo-3-fordulo\/","title":{"rendered":"Vag\u00e1ny V\u00e1rmegyei Versel\u0151 &#8211; 3. fordul\u00f3"},"content":{"rendered":"\n<p class=\"has-background-color has-primary-background-color has-text-color has-background has-large-font-size\"><strong>A<\/strong> feladat<\/p>\n\n\n\n<p>Az el\u0151z\u0151 fordul\u00f3khoz hasonl\u00f3an, k\u00e9rj\u00fck az al\u00e1bbi vers el\u0151ad\u00e1s\u00e1t, elmond\u00e1s\u00e1t, esetleg felolvas\u00e1s\u00e1t, melyet vide\u00f3 form\u00e1tumban k\u00fcldjetek el hozz\u00e1nk!<\/p>\n\n\n\n<p class=\"has-large-font-size\"><strong>A<\/strong> &#8211; P\u00f3sa Lajos: Bodri neve napja <\/p>\n\n\n\n<div class=\"wp-container-2 wp-block-group alignwide\">\n<figure class=\"wp-block-image size-full is-resized\"><img loading=\"lazy\" src=\"https:\/\/digitaliskonyvtar.bbmk.hu\/kszrjatek\/wp-content\/uploads\/2024\/06\/Vagany_Varmegyei_Verselo_-_3.fordulo-bodri-removebg-preview.png\" alt=\"\" class=\"wp-image-1338\" width=\"102\" height=\"153\" srcset=\"https:\/\/digitaliskonyvtar.bbmk.hu\/kszrjatek\/wp-content\/uploads\/2024\/06\/Vagany_Varmegyei_Verselo_-_3.fordulo-bodri-removebg-preview.png 408w, https:\/\/digitaliskonyvtar.bbmk.hu\/kszrjatek\/wp-content\/uploads\/2024\/06\/Vagany_Varmegyei_Verselo_-_3.fordulo-bodri-removebg-preview-200x300.png 200w\" sizes=\"(max-width: 102px) 100vw, 102px\" \/><\/figure>\n\n\n\n<div class=\"wp-container-1 wp-block-buttons\">\n<div class=\"wp-block-button\"><a class=\"wp-block-button__link has-background\" href=\"https:\/\/digitaliskonyvtar.bbmk.hu\/kszrjatek\/index.php\/posa-lajos-bodri-neve-napja\/\" style=\"background:linear-gradient(8deg,rgb(2,3,129) 0%,rgb(40,116,252) 100%)\">Vers megtekint\u00e9se<\/a><\/div>\n<\/div>\n\n\n\n<div class=\"wp-block-file\"><a id=\"wp-block-file--media-55fd90c2-dda8-488d-a38b-557e3a804cdc\" href=\"https:\/\/digitaliskonyvtar.bbmk.hu\/kszrjatek\/wp-content\/uploads\/2024\/05\/Posa-Lajos-Bodri-neve-napja.docx\"><em>Let\u00f6lt\u00e9s: P\u00f3sa Lajos &#8211; Bodri neve napja<\/em><\/a><\/div>\n<\/div>\n\n\n\n<p><em>(A k\u00fcl\u00f6nb\u00f6z\u0151 fordul\u00f3k vide\u00f3i egyszerre \u00e9s k\u00fcl\u00f6n-k\u00fcl\u00f6n is felt\u00f6lthet\u0151ek.)<\/em><\/p>\n\n\n\n<p><iframe loading=\"lazy\" src=\"https:\/\/dkvt.bbmk.hu\/ftolt\/\" allowfullscreen=\"allowfullscreen\" width=\"100%\" height=\"550px\" frameborder=\"0\"><\/iframe><\/p>\n\n\n\n<p class=\"has-background-color has-primary-background-color has-text-color has-background has-large-font-size\"><strong>B<\/strong> feladat<\/p>\n\n\n\n<p class=\"has-large-font-size\"><strong>B\/1<\/strong> &#8211; \u00cdrj egy n\u00e9vnapi k\u00f6sz\u00f6nt\u0151t Bodri sz\u00e1m\u00e1ra!<\/p>\n\n\n\n<p>(<em>A sz\u00f6veget k\u00fcldd be az al\u00e1bbi \u0171rlapon, vagy csatold k\u00fcl\u00f6n f\u00e1jlk\u00e9nt a B\/2 feladatn\u00e1l.<\/em>)<\/p>\n\n\n<noscript class=\"ninja-forms-noscript-message\">\n\tNotice: JavaScript is required for this content.<\/noscript>\n<div id=\"nf-form-9-cont\" class=\"nf-form-cont\" aria-live=\"polite\" aria-labelledby=\"nf-form-title-9\" aria-describedby=\"nf-form-errors-9\" role=\"form\">\n\n    <div class=\"nf-loading-spinner\"><\/div>\n\n<\/div>\n        <!-- TODO: Move to Template File. -->\n        <script>var formDisplay=1;var nfForms=nfForms||[];var form=[];form.id='9';form.settings={\"objectType\":\"Form Setting\",\"editActive\":true,\"title\":\"Vag\\u00e1ny V\\u00e1rmegyei Versel\\u0151 - 3. fordul\\u00f3 - B1\",\"show_title\":0,\"allow_public_link\":0,\"embed_form\":\"\",\"clear_complete\":1,\"hide_complete\":1,\"default_label_pos\":\"above\",\"wrapper_class\":\"\",\"element_class\":\"\",\"form_title_heading_level\":\"3\",\"key\":\"\",\"add_submit\":1,\"changeEmailErrorMsg\":\"Please enter a valid email address!\",\"changeDateErrorMsg\":\"Please enter a valid date!\",\"confirmFieldErrorMsg\":\"These fields must match!\",\"fieldNumberNumMinError\":\"Number Min Error\",\"fieldNumberNumMaxError\":\"Number Max Error\",\"fieldNumberIncrementBy\":\"Please increment by \",\"formErrorsCorrectErrors\":\"Please correct errors before submitting this form.\",\"validateRequiredField\":\"This is a required field.\",\"honeypotHoneypotError\":\"Honeypot Error\",\"fieldsMarkedRequired\":\" \",\"currency\":\"\",\"unique_field_error\":\"A form with this value has already been submitted.\",\"logged_in\":false,\"not_logged_in_msg\":\"\",\"sub_limit_msg\":\"The form has reached its submission limit.\",\"calculations\":[],\"formContentData\":[\"jatekos_csapat_neve_1717488679819\",\"e-mail_cime_1717488707045\",\"koszonto_bodrinak_1717490148741\",\"kuldes_1717490328550\"],\"drawerDisabled\":false,\"ninjaForms\":\"Ninja Forms\",\"fieldTextareaRTEInsertLink\":\"Insert Link\",\"fieldTextareaRTEInsertMedia\":\"Insert Media\",\"fieldTextareaRTESelectAFile\":\"Select a file\",\"formHoneypot\":\"If you are a human seeing this field, please leave it empty.\",\"fileUploadOldCodeFileUploadInProgress\":\"File Upload in Progress.\",\"fileUploadOldCodeFileUpload\":\"FILE UPLOAD\",\"currencySymbol\":false,\"thousands_sep\":\"&nbsp;\",\"decimal_point\":\",\",\"siteLocale\":\"hu_HU\",\"dateFormat\":\"m\\\/d\\\/Y\",\"startOfWeek\":\"1\",\"of\":\"of\",\"previousMonth\":\"Previous Month\",\"nextMonth\":\"Next Month\",\"months\":[\"January\",\"February\",\"March\",\"April\",\"May\",\"June\",\"July\",\"August\",\"September\",\"October\",\"November\",\"December\"],\"monthsShort\":[\"Jan\",\"Feb\",\"Mar\",\"Apr\",\"May\",\"Jun\",\"Jul\",\"Aug\",\"Sep\",\"Oct\",\"Nov\",\"Dec\"],\"weekdays\":[\"Sunday\",\"Monday\",\"Tuesday\",\"Wednesday\",\"Thursday\",\"Friday\",\"Saturday\"],\"weekdaysShort\":[\"Sun\",\"Mon\",\"Tue\",\"Wed\",\"Thu\",\"Fri\",\"Sat\"],\"weekdaysMin\":[\"Su\",\"Mo\",\"Tu\",\"We\",\"Th\",\"Fr\",\"Sa\"],\"recaptchaConsentMissing\":\"reCapctha validation couldn&#039;t load.\",\"recaptchaMissingCookie\":\"reCaptcha v3 validation couldn&#039;t load the cookie needed to submit the form.\",\"recaptchaConsentEvent\":\"Accept reCaptcha cookies before sending the form.\",\"currency_symbol\":\"\",\"beforeForm\":\"\",\"beforeFields\":\"\",\"afterFields\":\"\",\"afterForm\":\"\"};form.fields=[{\"objectType\":\"Field\",\"objectDomain\":\"fields\",\"editActive\":false,\"order\":1,\"idAttribute\":\"id\",\"type\":\"firstname\",\"label\":\"J\\u00e1t\\u00e9kos\\\/csapat neve\",\"key\":\"jatekos_csapat_neve_1717488679819\",\"label_pos\":\"above\",\"required\":1,\"default\":\"\",\"placeholder\":\"\",\"container_class\":\"\",\"element_class\":\"\",\"admin_label\":\"\",\"help_text\":\"\",\"custom_name_attribute\":\"fname\",\"personally_identifiable\":1,\"value\":\"\",\"id\":47,\"beforeField\":\"\",\"afterField\":\"\",\"parentType\":\"firstname\",\"element_templates\":[\"firstname\",\"input\"],\"old_classname\":\"\",\"wrap_template\":\"wrap\"},{\"objectType\":\"Field\",\"objectDomain\":\"fields\",\"editActive\":false,\"order\":2,\"idAttribute\":\"id\",\"type\":\"email\",\"label\":\"E-mail c\\u00edme\",\"key\":\"e-mail_cime_1717488707045\",\"label_pos\":\"above\",\"required\":1,\"default\":\"\",\"placeholder\":\"\",\"container_class\":\"\",\"element_class\":\"\",\"admin_label\":\"\",\"help_text\":\"\",\"custom_name_attribute\":\"email\",\"personally_identifiable\":1,\"value\":\"\",\"drawerDisabled\":false,\"id\":48,\"beforeField\":\"\",\"afterField\":\"\",\"parentType\":\"email\",\"element_templates\":[\"email\",\"input\"],\"old_classname\":\"\",\"wrap_template\":\"wrap\"},{\"objectType\":\"Field\",\"objectDomain\":\"fields\",\"editActive\":false,\"order\":3,\"idAttribute\":\"id\",\"label\":\"K\\u00f6sz\\u00f6nt\\u0151 Bodrinak\",\"type\":\"textarea\",\"key\":\"koszonto_bodrinak_1717490148741\",\"label_pos\":\"above\",\"required\":1,\"default\":\"\",\"placeholder\":\"\",\"container_class\":\"\",\"element_class\":\"\",\"input_limit\":\"\",\"input_limit_type\":\"characters\",\"input_limit_msg\":\"Character(s) left\",\"manual_key\":false,\"admin_label\":\"\",\"help_text\":\"\",\"textarea_rte\":\"\",\"disable_rte_mobile\":\"\",\"textarea_media\":\"\",\"value\":\"\",\"drawerDisabled\":false,\"id\":49,\"beforeField\":\"\",\"afterField\":\"\",\"parentType\":\"textarea\",\"element_templates\":[\"textarea\",\"input\"],\"old_classname\":\"\",\"wrap_template\":\"wrap\"},{\"objectType\":\"Field\",\"objectDomain\":\"fields\",\"editActive\":false,\"order\":9999,\"idAttribute\":\"id\",\"type\":\"submit\",\"label\":\"K\\u00fcld\\u00e9s\",\"processing_label\":\"Feldolgoz\\u00e1s alatt..\",\"container_class\":\"\",\"element_class\":\"\",\"key\":\"kuldes_1717490328550\",\"id\":50,\"beforeField\":\"\",\"afterField\":\"\",\"value\":\"\",\"label_pos\":\"above\",\"parentType\":\"textbox\",\"element_templates\":[\"submit\",\"button\",\"input\"],\"old_classname\":\"\",\"wrap_template\":\"wrap-no-label\"}];nfForms.push(form);<\/script>\n        \n\n\n<p class=\"has-large-font-size\"><strong>B\/2<\/strong> &#8211; Kedvenc \u00fcnnepi \u00e9telem <\/p>\n\n\n\n<p>K\u00e9sz\u00edtsd el \u00e9s k\u00fcldd el vide\u00f3 vagy fot\u00f3dokument\u00e1ci\u00f3 form\u00e1j\u00e1ban!<\/p>\n\n\n\n<p><iframe loading=\"lazy\" src=\"https:\/\/dkvt.bbmk.hu\/ftolt\/\" allowfullscreen=\"allowfullscreen\" width=\"100%\" height=\"550px\" frameborder=\"0\"><\/iframe><\/p>\n","protected":false},"excerpt":{"rendered":"<p>A feladat Az el\u0151z\u0151 fordul\u00f3khoz hasonl\u00f3an, k\u00e9rj\u00fck az al\u00e1bbi vers el\u0151ad\u00e1s\u00e1t, elmond\u00e1s\u00e1t, esetleg felolvas\u00e1s\u00e1t, melyet vide\u00f3 form\u00e1tumban k\u00fcldjetek el hozz\u00e1nk! A &#8211; P\u00f3sa Lajos: Bodri neve napja (A k\u00fcl\u00f6nb\u00f6z\u0151 fordul\u00f3k vide\u00f3i egyszerre \u00e9s k\u00fcl\u00f6n-k\u00fcl\u00f6n is felt\u00f6lthet\u0151ek.) B feladat B\/1 &#8211; \u00cdrj egy n\u00e9vnapi k\u00f6sz\u00f6nt\u0151t Bodri sz\u00e1m\u00e1ra! (A sz\u00f6veget k\u00fcldd be az al\u00e1bbi \u0171rlapon, vagy csatold [&hellip;]<\/p>\n","protected":false},"author":1,"featured_media":0,"parent":0,"menu_order":0,"comment_status":"closed","ping_status":"closed","template":"","meta":[],"_links":{"self":[{"href":"https:\/\/digitaliskonyvtar.bbmk.hu\/kszrjatek\/index.php\/wp-json\/wp\/v2\/pages\/1337"}],"collection":[{"href":"https:\/\/digitaliskonyvtar.bbmk.hu\/kszrjatek\/index.php\/wp-json\/wp\/v2\/pages"}],"about":[{"href":"https:\/\/digitaliskonyvtar.bbmk.hu\/kszrjatek\/index.php\/wp-json\/wp\/v2\/types\/page"}],"author":[{"embeddable":true,"href":"https:\/\/digitaliskonyvtar.bbmk.hu\/kszrjatek\/index.php\/wp-json\/wp\/v2\/users\/1"}],"replies":[{"embeddable":true,"href":"https:\/\/digitaliskonyvtar.bbmk.hu\/kszrjatek\/index.php\/wp-json\/wp\/v2\/comments?post=1337"}],"version-history":[{"count":7,"href":"https:\/\/digitaliskonyvtar.bbmk.hu\/kszrjatek\/index.php\/wp-json\/wp\/v2\/pages\/1337\/revisions"}],"predecessor-version":[{"id":1386,"href":"https:\/\/digitaliskonyvtar.bbmk.hu\/kszrjatek\/index.php\/wp-json\/wp\/v2\/pages\/1337\/revisions\/1386"}],"wp:attachment":[{"href":"https:\/\/digitaliskonyvtar.bbmk.hu\/kszrjatek\/index.php\/wp-json\/wp\/v2\/media?parent=1337"}],"curies":[{"name":"wp","href":"https:\/\/api.w.org\/{rel}","templated":true}]}}