{"id":1333,"date":"2024-05-22T07:26:30","date_gmt":"2024-05-22T07:26:30","guid":{"rendered":"https:\/\/digitaliskonyvtar.bbmk.hu\/kszrjatek\/?page_id=1333"},"modified":"2024-06-04T10:12:29","modified_gmt":"2024-06-04T10:12:29","slug":"posa-lajos-bodri-neve-napja","status":"publish","type":"page","link":"https:\/\/digitaliskonyvtar.bbmk.hu\/kszrjatek\/index.php\/posa-lajos-bodri-neve-napja\/","title":{"rendered":"P\u00f3sa Lajos: Bodri neve napja"},"content":{"rendered":"\n<p>Kiskereki Nagykereken<br>\u00c1ll a Bodri h\u00e1za,<br>K\u00f6r\u0171l\u00e1llj\u00e1k a k\u00f6sz\u00f6nt\u0151k<br>A neve napj\u00e1ra.<\/p>\n\n\n\n<p>&#8211; Kukur\u00edk\u00fa, &#8211; sz\u00f3l a kakas, &#8211;<br>Hallgasd csak a n\u00f3t\u00e1t!<br>Szem\u00e9tdombon kapirg\u00e1ltam<br>Hozz\u00e1ja a k\u00f3t\u00e1t.<\/p>\n\n\n\n<p>Kapirg\u00e1ltam egyebet is:<br>Pitykegombot, h\u00e1rmat,<br>Varrd ki v\u00e9le, Bodri koma,<br>A t\u00e9li bund\u00e1dat.<\/p>\n\n\n\n<p>&#8211; Megk\u00f6sz\u00f6n\u00f6m, kakas koma,<br>Azt a h\u00e1rom pityk\u00e9t\u2026<br>Ugyan m\u00e9rt nem hozt\u00e1l ink\u00e1bb<br>S\u00fclve h\u00e1rom csirk\u00e9t?<\/p>\n\n\n\n<p>Majd egy sereg liba toppan<br>Bodri \u00far el\u00e9be,<br>Nagy begyesen, piros orral,<br>Talpig h\u00f3feh\u00e9rbe:<\/p>\n\n\n\n<p>&#8211; Tess\u00e9k, tess\u00e9k, &#8211; sz\u00f3l a gun\u00e1r, &#8211;<br>Egy kis z\u00f6ld sal\u00e1ta!<br>J\u00f3 lesz majd a pecseny\u00e9hez,<br>Katicza kap\u00e1lta.<\/p>\n\n\n\n<p>&#8211; Megk\u00f6sz\u00f6n\u00f6m, gun\u00e1r koma,<br>Eszem a z\u00faz\u00e1j\u00e1t!<br>Ugyan m\u00e9rt nem hozott ink\u00e1bb<br>Egy kis libam\u00e1j\u00e1t?<\/p>\n\n\n\n<p>Majd ut\u00e1na tipeg-topog<br>Egy nagy sereg r\u00e9cze\u2026<br>F\u00fclel is a Bodri koma,<br>Hogy sz\u00f3l az ab\u00e9cze.<\/p>\n\n\n\n<p>&#8211; Adjon Isten &#8211; sz\u00f3l a g\u00e1cs\u00e9r, &#8211;<br>Giliszt\u00e1t meg b\u00e9k\u00e1t!<br>Mindennap egy szakajt\u00f3val,<br>Ma hoztunk egy v\u00e9k\u00e1t!<\/p>\n\n\n\n<p>&#8211; Megk\u00f6sz\u00f6n\u00f6m, g\u00e1cs\u00e9r koma,<br>Uri bar\u00e1ts\u00e1g\u00e1t!<br>Jobb szerettem volna egy kis<br>Kacsa sz\u00e1rny\u00e1t, l\u00e1b\u00e1t!<\/p>\n\n\n\n<p>Majd egy czicza ugrik el\u0151<br>V\u00edgan muzsik\u00e1lva:<br>&#8211; \u00c9n is hoztam egy egeret<br>A neved napj\u00e1ra.<\/p>\n\n\n\n<p>&#8211; Edd meg magad, czicza koma,<br>Nem k\u00e9rek bel\u0151le!<br>M\u00e9g ut\u00f3bb a nevem napj\u00e1n<br>Cs\u00f6m\u00f6rt kapn\u00e9k t\u0151le.<\/p>\n\n\n\n<div class=\"wp-block-file\"><a id=\"wp-block-file--media-af7483e3-49fd-43e3-98df-a241b21ed93a\" href=\"https:\/\/digitaliskonyvtar.bbmk.hu\/kszrjatek\/wp-content\/uploads\/2024\/05\/Posa-Lajos-Bodri-neve-napja.docx\"><em>Let\u00f6lt\u00e9s: P\u00f3sa Lajos &#8211; Bodri neve napja<\/em><\/a><\/div>\n\n\n\n<div class=\"wp-container-1 wp-block-buttons\">\n<div class=\"wp-block-button\"><a class=\"wp-block-button__link has-background\" href=\"https:\/\/digitaliskonyvtar.bbmk.hu\/kszrjatek\/index.php\/vagany-varmegyei-verselo-3-fordulo\/\" style=\"background:linear-gradient(8deg,rgb(2,3,129) 0%,rgb(40,116,252) 100%)\">Vissza a feladathoz<\/a><\/div>\n<\/div>\n","protected":false},"excerpt":{"rendered":"<p>Kiskereki Nagykereken\u00c1ll a Bodri h\u00e1za,K\u00f6r\u0171l\u00e1llj\u00e1k a k\u00f6sz\u00f6nt\u0151kA neve napj\u00e1ra. &#8211; Kukur\u00edk\u00fa, &#8211; sz\u00f3l a kakas, &#8211;Hallgasd csak a n\u00f3t\u00e1t!Szem\u00e9tdombon kapirg\u00e1ltamHozz\u00e1ja a k\u00f3t\u00e1t. Kapirg\u00e1ltam egyebet is:Pitykegombot, h\u00e1rmat,Varrd ki v\u00e9le, Bodri koma,A t\u00e9li bund\u00e1dat. &#8211; Megk\u00f6sz\u00f6n\u00f6m, kakas koma,Azt a h\u00e1rom pityk\u00e9t\u2026Ugyan m\u00e9rt nem hozt\u00e1l ink\u00e1bbS\u00fclve h\u00e1rom csirk\u00e9t? Majd egy sereg liba toppanBodri \u00far el\u00e9be,Nagy begyesen, piros orral,Talpig [&hellip;]<\/p>\n","protected":false},"author":1,"featured_media":0,"parent":0,"menu_order":0,"comment_status":"closed","ping_status":"closed","template":"","meta":[],"_links":{"self":[{"href":"https:\/\/digitaliskonyvtar.bbmk.hu\/kszrjatek\/index.php\/wp-json\/wp\/v2\/pages\/1333"}],"collection":[{"href":"https:\/\/digitaliskonyvtar.bbmk.hu\/kszrjatek\/index.php\/wp-json\/wp\/v2\/pages"}],"about":[{"href":"https:\/\/digitaliskonyvtar.bbmk.hu\/kszrjatek\/index.php\/wp-json\/wp\/v2\/types\/page"}],"author":[{"embeddable":true,"href":"https:\/\/digitaliskonyvtar.bbmk.hu\/kszrjatek\/index.php\/wp-json\/wp\/v2\/users\/1"}],"replies":[{"embeddable":true,"href":"https:\/\/digitaliskonyvtar.bbmk.hu\/kszrjatek\/index.php\/wp-json\/wp\/v2\/comments?post=1333"}],"version-history":[{"count":2,"href":"https:\/\/digitaliskonyvtar.bbmk.hu\/kszrjatek\/index.php\/wp-json\/wp\/v2\/pages\/1333\/revisions"}],"predecessor-version":[{"id":1348,"href":"https:\/\/digitaliskonyvtar.bbmk.hu\/kszrjatek\/index.php\/wp-json\/wp\/v2\/pages\/1333\/revisions\/1348"}],"wp:attachment":[{"href":"https:\/\/digitaliskonyvtar.bbmk.hu\/kszrjatek\/index.php\/wp-json\/wp\/v2\/media?parent=1333"}],"curies":[{"name":"wp","href":"https:\/\/api.w.org\/{rel}","templated":true}]}}