{"id":1307,"date":"2024-05-06T06:02:13","date_gmt":"2024-05-06T06:02:13","guid":{"rendered":"https:\/\/digitaliskonyvtar.bbmk.hu\/kszrjatek\/?page_id=1307"},"modified":"2024-06-04T10:13:02","modified_gmt":"2024-06-04T10:13:02","slug":"posa-lajos-a-hajnalkelto-kakas","status":"publish","type":"page","link":"https:\/\/digitaliskonyvtar.bbmk.hu\/kszrjatek\/index.php\/posa-lajos-a-hajnalkelto-kakas\/","title":{"rendered":"P\u00f3sa Lajos: A hajnalkelt\u0151 kakas"},"content":{"rendered":"\n<p>Felsz\u00e1llott a ker\u00edt\u00e9sre<br>A tarajas nagy kakas,<br>Onnan l\u00e1tja igaz\u00e1ban,<br>Hogy a torony mily magas!<br>Kakast is l\u00e1t tetej\u00e9be,<br>R\u00e1 is ki\u00e1lt egy nagyot\u2026<br>\u00cdgy k\u00f6sz\u00f6nti r\u00e1 a reggelt<br>A ragyog\u00f3 sz\u00e9p napot.<\/p>\n\n\n\n<p>\u2013 Kukurik\u00fa! Ki vagy ott fenn<br>Toronytet\u0151 kakasa?<br>Itt \u00e9n vagyok a falunak<br>\u00c9bresztget\u0151 madara!<br>Kukur\u00edkol a t\u00f6bbi is:<br>Hasztalan a n\u00f3t\u00e1ja!<br>De amikor \u00e9n ki\u00e1ltok:<br>Nyit a hajnal r\u00f3zs\u00e1ja.<\/p>\n\n\n\n<p>S v\u00e1rja, v\u00e1rja, mit felel r\u00e1<br>Fenn a torony tetej\u00e9n.<br>\u2013 Ejnye, ejnye, meg sem mukkan,<br>T\u00e1n nagyot hall a szeg\u00e9ny?<br>Feljebb sz\u00e1llok\u2026 magasabbra\u2026<br>Ez a legjobb gondolat!<br>K\u00f6zelebbr\u0151l t\u00e1n meghallja<br>Sz\u00e9p trombitahangomat!<\/p>\n\n\n\n<p>Ker\u00edt\u00e9sr\u0151l f\u00e1ra rep\u00fcl,<br>Hirdeti is hangosan;<br>F\u00e1r\u00f3l meg a k\u00fat\u00e1gasra<br>S kukor\u00edkol rangosan.<br>De a torony kakas\u00e1nak<br>Most sincs semmi v\u00e1lasza\u2026<br>\u2013 Ez a kakas vagy siket lett,<br>Vagy el\u00e1llott a szava!<\/p>\n\n\n\n<p>Kapja mag\u00e1t: a templomon<br>Egy ki\u00e1ll\u00f3 gombra sz\u00e1ll\u2026<br>Toronytet\u0151 kakas\u00e1val<br>\u00c1tellenbe, szembe \u00e1ll\u2026<br>Olyan nagyot kukor\u00edkol,<br>A torka majd megszakad:<br>\u2013 Hallod-e m\u00e1r, vagy nem hallod<br>Sz\u00e9p trombitahangomat?<\/p>\n\n\n\n<p>H\u00e1t egyszerre fenn a kakas<br>Csikorog meg nyikorog\u2026<br>Amerre a sz\u00e9l forgatja,<br>Forog, forog, csak forog.<br>\u2013 \u00c1, tudom m\u00e1r ki vagy, mi vagy!<br>Sz\u00e9lkakas vagy j\u00f3 koma!<br>Te se leszel a falunak<br>Hajnalkelt\u0151 dalosa!<\/p>\n\n\n\n<div class=\"wp-block-file\"><a id=\"wp-block-file--media-0ab9531f-3794-4744-aef5-eefdbe3c5955\" href=\"https:\/\/digitaliskonyvtar.bbmk.hu\/kszrjatek\/wp-content\/uploads\/2024\/05\/Posa-Lajos-A-hajnalkelto-kakas.docx\"><em>Let\u00f6lt\u00e9s: P\u00f3sa Lajos &#8211; A hajnalkelt\u0151 kakas<\/em><\/a><\/div>\n\n\n\n<div class=\"wp-container-1 wp-block-buttons\">\n<div class=\"wp-block-button\"><a class=\"wp-block-button__link has-background\" href=\"https:\/\/digitaliskonyvtar.bbmk.hu\/kszrjatek\/index.php\/vagany-varmegyei-verselo-2-fordulo\/\" style=\"background:linear-gradient(8deg,rgb(2,3,129) 0%,rgb(40,116,252) 100%)\">Vissza a feladathoz<\/a><\/div>\n<\/div>\n","protected":false},"excerpt":{"rendered":"<p>Felsz\u00e1llott a ker\u00edt\u00e9sreA tarajas nagy kakas,Onnan l\u00e1tja igaz\u00e1ban,Hogy a torony mily magas!Kakast is l\u00e1t tetej\u00e9be,R\u00e1 is ki\u00e1lt egy nagyot\u2026\u00cdgy k\u00f6sz\u00f6nti r\u00e1 a reggeltA ragyog\u00f3 sz\u00e9p napot. \u2013 Kukurik\u00fa! Ki vagy ott fennToronytet\u0151 kakasa?Itt \u00e9n vagyok a falunak\u00c9bresztget\u0151 madara!Kukur\u00edkol a t\u00f6bbi is:Hasztalan a n\u00f3t\u00e1ja!De amikor \u00e9n ki\u00e1ltok:Nyit a hajnal r\u00f3zs\u00e1ja. S v\u00e1rja, v\u00e1rja, mit felel r\u00e1Fenn [&hellip;]<\/p>\n","protected":false},"author":1,"featured_media":0,"parent":0,"menu_order":0,"comment_status":"closed","ping_status":"closed","template":"","meta":[],"_links":{"self":[{"href":"https:\/\/digitaliskonyvtar.bbmk.hu\/kszrjatek\/index.php\/wp-json\/wp\/v2\/pages\/1307"}],"collection":[{"href":"https:\/\/digitaliskonyvtar.bbmk.hu\/kszrjatek\/index.php\/wp-json\/wp\/v2\/pages"}],"about":[{"href":"https:\/\/digitaliskonyvtar.bbmk.hu\/kszrjatek\/index.php\/wp-json\/wp\/v2\/types\/page"}],"author":[{"embeddable":true,"href":"https:\/\/digitaliskonyvtar.bbmk.hu\/kszrjatek\/index.php\/wp-json\/wp\/v2\/users\/1"}],"replies":[{"embeddable":true,"href":"https:\/\/digitaliskonyvtar.bbmk.hu\/kszrjatek\/index.php\/wp-json\/wp\/v2\/comments?post=1307"}],"version-history":[{"count":3,"href":"https:\/\/digitaliskonyvtar.bbmk.hu\/kszrjatek\/index.php\/wp-json\/wp\/v2\/pages\/1307\/revisions"}],"predecessor-version":[{"id":1349,"href":"https:\/\/digitaliskonyvtar.bbmk.hu\/kszrjatek\/index.php\/wp-json\/wp\/v2\/pages\/1307\/revisions\/1349"}],"wp:attachment":[{"href":"https:\/\/digitaliskonyvtar.bbmk.hu\/kszrjatek\/index.php\/wp-json\/wp\/v2\/media?parent=1307"}],"curies":[{"name":"wp","href":"https:\/\/api.w.org\/{rel}","templated":true}]}}