{"id":1305,"date":"2024-05-06T05:53:30","date_gmt":"2024-05-06T05:53:30","guid":{"rendered":"https:\/\/digitaliskonyvtar.bbmk.hu\/kszrjatek\/?page_id=1305"},"modified":"2024-07-18T09:57:45","modified_gmt":"2024-07-18T09:57:45","slug":"vagany-varmegyei-verselo-2-fordulo","status":"publish","type":"page","link":"https:\/\/digitaliskonyvtar.bbmk.hu\/kszrjatek\/index.php\/vagany-varmegyei-verselo-2-fordulo\/","title":{"rendered":"Vag\u00e1ny V\u00e1rmegyei Versel\u0151 &#8211; 2. fordul\u00f3"},"content":{"rendered":"\n<p class=\"has-background-color has-primary-background-color has-text-color has-background has-large-font-size\"><strong>A<\/strong> feladat<\/p>\n\n\n\n<p>Az el\u0151z\u0151 fordul\u00f3hoz hasonl\u00f3an, k\u00e9rj\u00fck az al\u00e1bbi vers el\u0151ad\u00e1s\u00e1t, elmond\u00e1s\u00e1t, esetleg felolvas\u00e1s\u00e1t, melyet vide\u00f3 form\u00e1tumban k\u00fcldjetek el hozz\u00e1nk!<\/p>\n\n\n\n<p class=\"has-large-font-size\"><strong>A<\/strong> &#8211; P\u00f3sa Lajos: A hajnalkelt\u0151 kakas <\/p>\n\n\n\n<div class=\"wp-container-2 wp-block-group alignwide\">\n<figure class=\"wp-block-image size-full is-resized\"><a href=\"https:\/\/digitaliskonyvtar.bbmk.hu\/kszrjatek\/index.php\/posa-lajos-a-hajnalkelto-kakas\/\"><img loading=\"lazy\" src=\"https:\/\/digitaliskonyvtar.bbmk.hu\/kszrjatek\/wp-content\/uploads\/2024\/05\/ezgif.com-animated-gif-maker.gif\" alt=\"\" class=\"wp-image-1318\" width=\"120\" height=\"120\"\/><\/a><\/figure>\n\n\n\n<div class=\"wp-container-1 wp-block-buttons\">\n<div class=\"wp-block-button\"><a class=\"wp-block-button__link has-background\" href=\"https:\/\/digitaliskonyvtar.bbmk.hu\/kszrjatek\/index.php\/posa-lajos-a-hajnalkelto-kakas\/\" style=\"background:linear-gradient(8deg,rgb(2,3,129) 0%,rgb(40,116,252) 100%)\">Vers megtekint\u00e9se<\/a><\/div>\n<\/div>\n\n\n\n<div class=\"wp-block-file\"><a id=\"wp-block-file--media-55fd90c2-dda8-488d-a38b-557e3a804cdc\" href=\"https:\/\/digitaliskonyvtar.bbmk.hu\/kszrjatek\/wp-content\/uploads\/2024\/05\/Posa-Lajos-A-hajnalkelto-kakas.docx\"><em>Let\u00f6lt\u00e9s: P\u00f3sa Lajos &#8211; A hajnalkelt\u0151 kakas<\/em><\/a><\/div>\n<\/div>\n\n\n\n<p><em>(A k\u00fcl\u00f6nb\u00f6z\u0151 fordul\u00f3k vide\u00f3i egyszerre \u00e9s k\u00fcl\u00f6n-k\u00fcl\u00f6n is felt\u00f6lthet\u0151ek.)<\/em><\/p>\n\n\n\n<p><iframe loading=\"lazy\" src=\"https:\/\/dkvt.bbmk.hu\/ftolt\/\" allowfullscreen=\"allowfullscreen\" width=\"100%\" height=\"550px\" frameborder=\"0\"><\/iframe><\/p>\n\n\n\n<p class=\"has-background-color has-primary-background-color has-text-color has-background has-large-font-size\"><strong>B<\/strong> feladat<\/p>\n\n\n\n<p class=\"has-large-font-size\">K\u00e9pzeld el! K\u00e9sz\u00edts rajzot vagy k\u00e9pmont\u00e1zst az &#8220;\u00c9n farmom&#8221; c\u00edmmel!<\/p>\n\n\n\n<p>(A technika szabadon v\u00e1laszthat\u00f3.)<\/p>\n\n\n\n<p><iframe loading=\"lazy\" src=\"https:\/\/dkvt.bbmk.hu\/ftolt\/\" allowfullscreen=\"allowfullscreen\" width=\"100%\" height=\"550px\" frameborder=\"0\"><\/iframe><\/p>\n","protected":false},"excerpt":{"rendered":"<p>A feladat Az el\u0151z\u0151 fordul\u00f3hoz hasonl\u00f3an, k\u00e9rj\u00fck az al\u00e1bbi vers el\u0151ad\u00e1s\u00e1t, elmond\u00e1s\u00e1t, esetleg felolvas\u00e1s\u00e1t, melyet vide\u00f3 form\u00e1tumban k\u00fcldjetek el hozz\u00e1nk! A &#8211; P\u00f3sa Lajos: A hajnalkelt\u0151 kakas (A k\u00fcl\u00f6nb\u00f6z\u0151 fordul\u00f3k vide\u00f3i egyszerre \u00e9s k\u00fcl\u00f6n-k\u00fcl\u00f6n is felt\u00f6lthet\u0151ek.) B feladat K\u00e9pzeld el! K\u00e9sz\u00edts rajzot vagy k\u00e9pmont\u00e1zst az &#8220;\u00c9n farmom&#8221; c\u00edmmel! (A technika szabadon v\u00e1laszthat\u00f3.)<\/p>\n","protected":false},"author":1,"featured_media":0,"parent":0,"menu_order":0,"comment_status":"closed","ping_status":"closed","template":"","meta":[],"_links":{"self":[{"href":"https:\/\/digitaliskonyvtar.bbmk.hu\/kszrjatek\/index.php\/wp-json\/wp\/v2\/pages\/1305"}],"collection":[{"href":"https:\/\/digitaliskonyvtar.bbmk.hu\/kszrjatek\/index.php\/wp-json\/wp\/v2\/pages"}],"about":[{"href":"https:\/\/digitaliskonyvtar.bbmk.hu\/kszrjatek\/index.php\/wp-json\/wp\/v2\/types\/page"}],"author":[{"embeddable":true,"href":"https:\/\/digitaliskonyvtar.bbmk.hu\/kszrjatek\/index.php\/wp-json\/wp\/v2\/users\/1"}],"replies":[{"embeddable":true,"href":"https:\/\/digitaliskonyvtar.bbmk.hu\/kszrjatek\/index.php\/wp-json\/wp\/v2\/comments?post=1305"}],"version-history":[{"count":7,"href":"https:\/\/digitaliskonyvtar.bbmk.hu\/kszrjatek\/index.php\/wp-json\/wp\/v2\/pages\/1305\/revisions"}],"predecessor-version":[{"id":1385,"href":"https:\/\/digitaliskonyvtar.bbmk.hu\/kszrjatek\/index.php\/wp-json\/wp\/v2\/pages\/1305\/revisions\/1385"}],"wp:attachment":[{"href":"https:\/\/digitaliskonyvtar.bbmk.hu\/kszrjatek\/index.php\/wp-json\/wp\/v2\/media?parent=1305"}],"curies":[{"name":"wp","href":"https:\/\/api.w.org\/{rel}","templated":true}]}}