{"id":1238,"date":"2024-04-16T10:24:35","date_gmt":"2024-04-16T10:24:35","guid":{"rendered":"https:\/\/digitaliskonyvtar.bbmk.hu\/kszrjatek\/?page_id=1238"},"modified":"2024-06-04T10:13:45","modified_gmt":"2024-06-04T10:13:45","slug":"posa-lajos-a-bogarak-piktora","status":"publish","type":"page","link":"https:\/\/digitaliskonyvtar.bbmk.hu\/kszrjatek\/index.php\/posa-lajos-a-bogarak-piktora\/","title":{"rendered":"P\u00f3sa Lajos: A bogarak piktora"},"content":{"rendered":"\n<div class=\"wp-container-4 wp-block-columns\">\n<div class=\"wp-container-3 wp-block-column\" style=\"flex-basis:100%\">\n<div class=\"wp-container-2 wp-block-group\">\n<p>Dalos mez\u0151n ping\u00e1lgat<br>a Bogarak piktora,<br>Meleg ellen egy nagy gomba:<br>Napfog\u00f3 s\u00e1tora.<\/p>\n\n\n\n<p>S\u00e1tor alatt j\u00f3kedv\u00e9ben<br>V\u00edgan dudor\u00e1szgat,<br>Festi, festi, festegeti<br>A tavaszi t\u00e1jat.<\/p>\n\n\n\n<p>V\u00e1ltogatja az ecsetj\u00e9t<br>Sorba, egyre-m\u00e1sra:<br>Vadr\u00f3zs\u00e1ba, kikiricsbe,<br>Nefelejcsbe m\u00e1rtja.<br>Hipp-hopp!<\/p>\n\n\n\n<p>Egyszercsak ott terem<br>A nagybajsz\u00fa cinc\u00e9r:<br>\u201ePiktor uram, engemet is<br>Ping\u00e1ljon le ingy\u00e9r&#8217;!<\/p>\n\n\n\n<p>Hanem azt\u00e1n a bajuszom<br>Hegyesre ping\u00e1lja,<br>Mert \u00e9n vagyok a bogarak<br>Vit\u00e9z kapit\u00e1nya!<\/p>\n\n\n\n<p>Azt is mondom: karcs\u00fa legyek,<br>Ak\u00e1rcsak a n\u00e1dsz\u00e1l,<br>M\u00e9g a sz\u00e9l is csod\u00e1ljon meg,<br>Hogyha erre \u00e1tsz\u00e1ll.&nbsp;<\/p>\n\n\n\n<p>Azt se mondom, hogy nem adok<br>Egy kis bajuszpedr\u0151t,<br>Kih\u00fazhatja v\u00e9le bajsz\u00e1t,<br>Ak\u00e1r mind a kett\u0151t.&#8221;<\/p>\n\n\n\n<p>\u201eHipp-hopp!&#8230; \u00c9n is itt vagyok \u00e1m,<br>Elhoztam a k\u00f3t\u00e1t!<br>Ping\u00e1ljon le! \u2013 sz\u00f3l a t\u00fccs\u00f6k \u2013<br>H\u00fazok majd egy n\u00f3t\u00e1t&#8221;<\/p>\n\n\n\n<p>\u201eEngemet is, k\u00e9rem &#8216;\u00e1ssan!<br>\u2013 Sz\u00f6cske kiab\u00e1lja. \u2013<br>M\u00edg muzsik\u00e1l, t\u00fccs\u00f6k koma,<br>T\u00e1ncolok majd r\u00e1ja.&#8221;<\/p>\n\n\n\n<p>\u201e\u00c9n meg! \u2013 sz\u00f3l a szitak\u00f6t\u0151<br>Piktor uras\u00e1gnak \u2013<br>Majd szit\u00e1lok egy kis lisztet<br>T\u00far\u00f3s halusk\u00e1nak!&#8221;<\/p>\n\n\n\n<p>\u201eJ\u00f3l van, j\u00f3l van! \u2013 sz\u00f3l a piktor \u2013<br>\u00c1lljatok h\u00e1t sorba!<br>Csak azt\u00e1n a sok \u00e1ll\u00e1sban<br>Ne bukjatok orra!&#8221;<\/p>\n\n\n\n<p>S el\u0151veszi az ecsetj\u00e9t,<br>Ping\u00e1l egyre-m\u00e1sra&#8230;<br>Vadr\u00f3zs\u00e1ba, kikiricsbe,<br>Nefelejcsbe m\u00e1rtja.<\/p>\n\n\n\n<div class=\"wp-block-file\"><a id=\"wp-block-file--media-0ab9531f-3794-4744-aef5-eefdbe3c5955\" href=\"https:\/\/digitaliskonyvtar.bbmk.hu\/kszrjatek\/wp-content\/uploads\/2024\/04\/Posa-Lajos-A-bogarak-piktora.docx\"><em>Let\u00f6lt\u00e9s: P\u00f3sa Lajos &#8211; A bogarak piktora<\/em><\/a><\/div>\n\n\n\n<div class=\"wp-container-1 wp-block-buttons\">\n<div class=\"wp-block-button\"><a class=\"wp-block-button__link has-background\" href=\"https:\/\/digitaliskonyvtar.bbmk.hu\/kszrjatek\/index.php\/vagany-varmegyei-verselo-1-fordulo\/\" style=\"background:linear-gradient(8deg,rgb(2,3,129) 0%,rgb(40,116,252) 100%)\">Vissza a feladathoz<\/a><\/div>\n<\/div>\n<\/div>\n<\/div>\n<\/div>\n","protected":false},"excerpt":{"rendered":"<p>Dalos mez\u0151n ping\u00e1lgata Bogarak piktora,Meleg ellen egy nagy gomba:Napfog\u00f3 s\u00e1tora. S\u00e1tor alatt j\u00f3kedv\u00e9benV\u00edgan dudor\u00e1szgat,Festi, festi, festegetiA tavaszi t\u00e1jat. V\u00e1ltogatja az ecsetj\u00e9tSorba, egyre-m\u00e1sra:Vadr\u00f3zs\u00e1ba, kikiricsbe,Nefelejcsbe m\u00e1rtja.Hipp-hopp! Egyszercsak ott teremA nagybajsz\u00fa cinc\u00e9r:\u201ePiktor uram, engemet isPing\u00e1ljon le ingy\u00e9r&#8217;! Hanem azt\u00e1n a bajuszomHegyesre ping\u00e1lja,Mert \u00e9n vagyok a bogarakVit\u00e9z kapit\u00e1nya! Azt is mondom: karcs\u00fa legyek,Ak\u00e1rcsak a n\u00e1dsz\u00e1l,M\u00e9g a sz\u00e9l is csod\u00e1ljon [&hellip;]<\/p>\n","protected":false},"author":1,"featured_media":0,"parent":0,"menu_order":0,"comment_status":"closed","ping_status":"closed","template":"","meta":[],"_links":{"self":[{"href":"https:\/\/digitaliskonyvtar.bbmk.hu\/kszrjatek\/index.php\/wp-json\/wp\/v2\/pages\/1238"}],"collection":[{"href":"https:\/\/digitaliskonyvtar.bbmk.hu\/kszrjatek\/index.php\/wp-json\/wp\/v2\/pages"}],"about":[{"href":"https:\/\/digitaliskonyvtar.bbmk.hu\/kszrjatek\/index.php\/wp-json\/wp\/v2\/types\/page"}],"author":[{"embeddable":true,"href":"https:\/\/digitaliskonyvtar.bbmk.hu\/kszrjatek\/index.php\/wp-json\/wp\/v2\/users\/1"}],"replies":[{"embeddable":true,"href":"https:\/\/digitaliskonyvtar.bbmk.hu\/kszrjatek\/index.php\/wp-json\/wp\/v2\/comments?post=1238"}],"version-history":[{"count":3,"href":"https:\/\/digitaliskonyvtar.bbmk.hu\/kszrjatek\/index.php\/wp-json\/wp\/v2\/pages\/1238\/revisions"}],"predecessor-version":[{"id":1362,"href":"https:\/\/digitaliskonyvtar.bbmk.hu\/kszrjatek\/index.php\/wp-json\/wp\/v2\/pages\/1238\/revisions\/1362"}],"wp:attachment":[{"href":"https:\/\/digitaliskonyvtar.bbmk.hu\/kszrjatek\/index.php\/wp-json\/wp\/v2\/media?parent=1238"}],"curies":[{"name":"wp","href":"https:\/\/api.w.org\/{rel}","templated":true}]}}