{"id":1233,"date":"2024-04-16T07:32:41","date_gmt":"2024-04-16T07:32:41","guid":{"rendered":"https:\/\/digitaliskonyvtar.bbmk.hu\/kszrjatek\/?page_id=1233"},"modified":"2024-07-18T09:57:25","modified_gmt":"2024-07-18T09:57:25","slug":"vagany-varmegyei-verselo-1-fordulo","status":"publish","type":"page","link":"https:\/\/digitaliskonyvtar.bbmk.hu\/kszrjatek\/index.php\/vagany-varmegyei-verselo-1-fordulo\/","title":{"rendered":"Vag\u00e1ny V\u00e1rmegyei Versel\u0151 &#8211; 1. fordul\u00f3"},"content":{"rendered":"\n<p class=\"has-background-color has-primary-background-color has-text-color has-background has-large-font-size\"><strong>A<\/strong> feladat<\/p>\n\n\n\n<p>K\u00e9rj\u00fck az al\u00e1bbi vers el\u0151ad\u00e1s\u00e1t, elmond\u00e1s\u00e1t, esetleg felolvas\u00e1s\u00e1t, melyet vide\u00f3 form\u00e1tumban k\u00fcldjetek el hozz\u00e1nk!<\/p>\n\n\n\n<p class=\"has-large-font-size\"><strong>A<\/strong> &#8211; P\u00f3sa Lajos: A bogarak piktora<\/p>\n\n\n\n<div class=\"wp-container-2 wp-block-group alignwide\">\n<figure class=\"wp-block-image size-full is-resized\"><a href=\"https:\/\/digitaliskonyvtar.bbmk.hu\/kszrjatek\/index.php\/posa-lajos-a-bogarak-piktora\/\"><img loading=\"lazy\" src=\"https:\/\/digitaliskonyvtar.bbmk.hu\/kszrjatek\/wp-content\/uploads\/2024\/05\/34cb732671e8937850c5c94f7a8cf3dd892a32bf31e96e4fc7e3cf1279541753.gif\" alt=\"\" class=\"wp-image-1322\" width=\"120\" height=\"120\"\/><\/a><\/figure>\n\n\n\n<div class=\"wp-container-1 wp-block-buttons\">\n<div class=\"wp-block-button\"><a class=\"wp-block-button__link has-background\" href=\"https:\/\/digitaliskonyvtar.bbmk.hu\/kszrjatek\/index.php\/posa-lajos-a-bogarak-piktora\/\" style=\"background:linear-gradient(8deg,rgb(2,3,129) 0%,rgb(40,116,252) 100%)\">Vers megtekint\u00e9se<\/a><\/div>\n<\/div>\n\n\n\n<div class=\"wp-block-file\"><a id=\"wp-block-file--media-55fd90c2-dda8-488d-a38b-557e3a804cdc\" href=\"https:\/\/digitaliskonyvtar.bbmk.hu\/kszrjatek\/wp-content\/uploads\/2024\/04\/Posa-Lajos-A-bogarak-piktora.docx\"><em>Let\u00f6lt\u00e9s: P\u00f3sa Lajos &#8211; A bogarak piktora<\/em><\/a><\/div>\n<\/div>\n\n\n\n<p><em>(A  k\u00fcl\u00f6nb\u00f6z\u0151 fordul\u00f3k vide\u00f3i egyszerre \u00e9s k\u00fcl\u00f6n-k\u00fcl\u00f6n is felt\u00f6lthet\u0151ek.)<\/em><\/p>\n\n\n\n<p><iframe loading=\"lazy\" src=\"https:\/\/dkvt.bbmk.hu\/ftolt\/\" allowfullscreen=\"allowfullscreen\" width=\"100%\" height=\"550px\" frameborder=\"0\"><\/iframe><\/p>\n\n\n\n<p class=\"has-background-color has-primary-background-color has-text-color has-background has-large-font-size\"><strong>B<\/strong> feladat<\/p>\n\n\n\n<p class=\"has-large-font-size\">Tervezz plak\u00e1tot, amely a bogarak piktor\u00e1t hirdeti!<\/p>\n\n\n\n<p>(A technika szabadon v\u00e1laszthat\u00f3.)<\/p>\n\n\n\n<p><iframe loading=\"lazy\" src=\"https:\/\/dkvt.bbmk.hu\/ftolt\/\" allowfullscreen=\"allowfullscreen\" width=\"100%\" height=\"550px\" frameborder=\"0\"><\/iframe><\/p>\n","protected":false},"excerpt":{"rendered":"<p>A feladat K\u00e9rj\u00fck az al\u00e1bbi vers el\u0151ad\u00e1s\u00e1t, elmond\u00e1s\u00e1t, esetleg felolvas\u00e1s\u00e1t, melyet vide\u00f3 form\u00e1tumban k\u00fcldjetek el hozz\u00e1nk! A &#8211; P\u00f3sa Lajos: A bogarak piktora (A k\u00fcl\u00f6nb\u00f6z\u0151 fordul\u00f3k vide\u00f3i egyszerre \u00e9s k\u00fcl\u00f6n-k\u00fcl\u00f6n is felt\u00f6lthet\u0151ek.) B feladat Tervezz plak\u00e1tot, amely a bogarak piktor\u00e1t hirdeti! (A technika szabadon v\u00e1laszthat\u00f3.)<\/p>\n","protected":false},"author":1,"featured_media":0,"parent":0,"menu_order":0,"comment_status":"closed","ping_status":"closed","template":"","meta":[],"_links":{"self":[{"href":"https:\/\/digitaliskonyvtar.bbmk.hu\/kszrjatek\/index.php\/wp-json\/wp\/v2\/pages\/1233"}],"collection":[{"href":"https:\/\/digitaliskonyvtar.bbmk.hu\/kszrjatek\/index.php\/wp-json\/wp\/v2\/pages"}],"about":[{"href":"https:\/\/digitaliskonyvtar.bbmk.hu\/kszrjatek\/index.php\/wp-json\/wp\/v2\/types\/page"}],"author":[{"embeddable":true,"href":"https:\/\/digitaliskonyvtar.bbmk.hu\/kszrjatek\/index.php\/wp-json\/wp\/v2\/users\/1"}],"replies":[{"embeddable":true,"href":"https:\/\/digitaliskonyvtar.bbmk.hu\/kszrjatek\/index.php\/wp-json\/wp\/v2\/comments?post=1233"}],"version-history":[{"count":11,"href":"https:\/\/digitaliskonyvtar.bbmk.hu\/kszrjatek\/index.php\/wp-json\/wp\/v2\/pages\/1233\/revisions"}],"predecessor-version":[{"id":1384,"href":"https:\/\/digitaliskonyvtar.bbmk.hu\/kszrjatek\/index.php\/wp-json\/wp\/v2\/pages\/1233\/revisions\/1384"}],"wp:attachment":[{"href":"https:\/\/digitaliskonyvtar.bbmk.hu\/kszrjatek\/index.php\/wp-json\/wp\/v2\/media?parent=1233"}],"curies":[{"name":"wp","href":"https:\/\/api.w.org\/{rel}","templated":true}]}}