{"id":1218,"date":"2024-04-15T06:56:55","date_gmt":"2024-04-15T06:56:55","guid":{"rendered":"https:\/\/digitaliskonyvtar.bbmk.hu\/kszrjatek\/?page_id=1218"},"modified":"2024-08-06T08:27:54","modified_gmt":"2024-08-06T08:27:54","slug":"jatekfelhivas-vagany-varmegyei-verselo","status":"publish","type":"page","link":"https:\/\/digitaliskonyvtar.bbmk.hu\/kszrjatek\/index.php\/jatekfelhivas-vagany-varmegyei-verselo\/","title":{"rendered":"J\u00e1t\u00e9kfelh\u00edv\u00e1s &#8211; Vag\u00e1ny V\u00e1rmegyei Versel\u0151"},"content":{"rendered":"\n<figure class=\"wp-block-video alignwide\"><video autoplay controls loop poster=\"https:\/\/digitaliskonyvtar.bbmk.hu\/kszrjatek\/wp-content\/uploads\/2024\/04\/Vagany-Varmegyei-Verselo-felhivas-2.png\" src=\"https:\/\/digitaliskonyvtar.bbmk.hu\/kszrjatek\/wp-content\/uploads\/2024\/04\/Vagany-Varmegyei-Verselo-felhivas-2.mp4\"><\/video><\/figure>\n\n\n\n<p><\/p>\n\n\n\n<p>2024-ben<strong> K\u00f6nyvbar\u00e1t K\u00f6z\u00f6ss\u00e9gek, K\u00f6nyvbar\u00e1t Olvas\u00f3k <\/strong>kerestetnek!<\/p>\n\n\n\n<p>A Balassi B\u00e1lint K\u00f6nyvt\u00e1r \u00e1ltal ell\u00e1tott kistelep\u00fcl\u00e9sek olvas\u00f3i <a>sz\u00e1m\u00e1ra meghirdetj\u00fck a <strong><em>Vag\u00e1ny V\u00e1rmegyei Versel\u0151 <\/em><\/strong><\/a><em>versenyt!<\/em><\/p>\n\n\n\n<p>J\u00e1t\u00e9kunkban <strong>P\u00f3sa Lajos<\/strong> k\u00f6lt\u0151, mese\u00edr\u00f3, a magyar gyermekirodalom klasszikusa tisztelet\u00e9re havonta jelenik meg egy k\u00f6ltem\u00e9nye, melynek k\u00f6z\u00e9ppontj\u00e1ban az \u00e1llatok \u00e1llnak.<\/p>\n\n\n\n<p>A feladatok <strong>A<\/strong> r\u00e9sz\u00e9ben k\u00e9rj\u00fck a vers el\u0151ad\u00e1s\u00e1t, elmond\u00e1s\u00e1t, esetleg felolvas\u00e1s\u00e1t, melyet vide\u00f3 form\u00e1tumban k\u00fcldjetek el hozz\u00e1nk!<\/p>\n\n\n\n<p>A feladatok <strong>B<\/strong> r\u00e9sz\u00e9ben a P\u00f3sa Lajos alkot\u00e1s\u00e1hoz kapcsol\u00f3d\u00f3 kreat\u00edv munka teljes\u00edt\u00e9s\u00e9t v\u00e1rjuk!<\/p>\n\n\n\n<p>Tov\u00e1bbi teend\u0151 egy <strong>szabadon v\u00e1lasztott \u00e1llatos vers vagy t\u00f6rt\u00e9net<\/strong> elmond\u00e1sa, mely lehet m\u00e1s alkot\u00f3 m\u0171veib\u0151l is!<\/p>\n\n\n\n<p><strong><em>A r\u00e9szv\u00e9tel felt\u00e9telei:<\/em><\/strong><\/p>\n\n\n\n<p><em>Regisztr\u00e1ci\u00f3: <strong>2024. \u00e1prilis 16-t\u00f3l<\/strong><\/em><\/p>\n\n\n\n<p>Versel\u0151ink \u00e9letkora 5 \u00e9vt\u0151l 95 \u00e9vig terjedhet!<\/p>\n\n\n\n<p>Fontos az \u00e9rthet\u0151, hangs\u00falyos el\u0151ad\u00e1sm\u00f3d, valamint a tal\u00e1l\u00e9konys\u00e1g, kreativit\u00e1s!<\/p>\n\n\n\n<p><strong>Csapatok, csal\u00e1dok vagy egy\u00e9ni versenyz\u0151k<\/strong> jelentkezhetnek!<\/p>\n\n\n\n<p>A megold\u00e1sok visszamen\u0151leg is bek\u00fcldhet\u0151k.<\/p>\n\n\n\n<p><strong>A teljes\u00edt\u00e9s v\u00e9gs\u0151 hat\u00e1rideje: szeptember 15.<\/strong><\/p>\n\n\n\n<p>A legsikeresebbek elnyerhetik a <em><strong>\u201eK\u00f6nyvbar\u00e1t k\u00f6z\u00f6ss\u00e9g 2024\u201d<\/strong><\/em>, illetve&nbsp;a <em><strong>\u201eK\u00f6nyvbar\u00e1t Olvas\u00f3 2024<em><strong>\u201d<\/strong><\/em><\/strong><\/em> c\u00edmet, valamint a jutalmak egyik\u00e9t.<\/p>\n\n\n\n<p>Kor\u00e1bbi j\u00e1t\u00e9kainkr\u00f3l, d\u00edjkioszt\u00f3inkr\u00f3l itt, az oldalon t\u00e1j\u00e9koz\u00f3dhattok.<\/p>\n\n\n\n<p>A tov\u00e1bbi inform\u00e1ci\u00f3k a KSZR BBMK honlapon \u00e9s K\u00f6nyvt\u00e1rell\u00e1t\u00e1s &#8211; N\u00f3gr\u00e1d facebook oldalon jelennek meg.<\/p>\n\n\n\n<p>Verseljetek vel\u00fcnk!<\/p>\n\n\n\n<p>&nbsp;&nbsp;&nbsp;&nbsp;&nbsp;&nbsp;&nbsp;&nbsp;&nbsp;&nbsp;&nbsp;&nbsp;&nbsp;&nbsp;&nbsp;&nbsp;&nbsp;&nbsp;&nbsp;&nbsp;&nbsp;&nbsp;&nbsp;&nbsp;&nbsp;&nbsp;&nbsp;&nbsp;&nbsp;&nbsp;&nbsp;&nbsp;&nbsp;&nbsp;&nbsp;&nbsp;&nbsp;&nbsp;&nbsp;&nbsp;&nbsp;&nbsp;&nbsp;&nbsp;&nbsp;&nbsp;&nbsp;&nbsp;&nbsp;&nbsp;&nbsp;&nbsp;&nbsp;&nbsp;&nbsp;&nbsp;&nbsp;&nbsp;&nbsp;&nbsp;&nbsp;&nbsp;&nbsp;&nbsp;&nbsp; \u00dcdv\u00f6zlettel:<br>&nbsp;&nbsp;&nbsp;&nbsp;&nbsp;&nbsp;&nbsp;&nbsp;&nbsp;&nbsp;&nbsp;&nbsp;&nbsp;&nbsp;&nbsp;&nbsp;&nbsp;&nbsp; &nbsp;&nbsp;&nbsp;&nbsp;&nbsp;&nbsp;&nbsp;&nbsp;&nbsp;&nbsp;&nbsp;&nbsp;&nbsp;&nbsp;&nbsp;&nbsp;&nbsp;&nbsp;&nbsp;&nbsp;&nbsp;&nbsp;&nbsp;&nbsp;&nbsp;&nbsp;&nbsp;&nbsp;&nbsp;&nbsp;&nbsp;&nbsp;&nbsp;&nbsp;&nbsp;&nbsp;&nbsp;&nbsp;&nbsp;&nbsp;&nbsp;&nbsp;&nbsp;&nbsp;&nbsp;&nbsp;&nbsp;&nbsp;&nbsp;&nbsp;&nbsp;&nbsp;&nbsp;&nbsp;&nbsp;&nbsp;&nbsp;&nbsp;&nbsp;&nbsp;&nbsp;&nbsp;&nbsp;&nbsp;&nbsp;&nbsp;&nbsp;BBK KSZR csapata<\/p>\n\n\n\n<div class=\"wp-container-1 wp-block-buttons\">\n<div class=\"wp-block-button\"><a class=\"wp-block-button__link has-background\" href=\"https:\/\/digitaliskonyvtar.bbmk.hu\/kszrjatek\/index.php\/regisztracio\/\" style=\"background:linear-gradient(8deg,rgb(2,3,129) 0%,rgb(40,116,252) 100%)\">Tov\u00e1bb a Regisztr\u00e1ci\u00f3hoz<\/a><\/div>\n<\/div>\n\n\n\n<p><\/p>\n","protected":false},"excerpt":{"rendered":"<p>2024-ben K\u00f6nyvbar\u00e1t K\u00f6z\u00f6ss\u00e9gek, K\u00f6nyvbar\u00e1t Olvas\u00f3k kerestetnek! A Balassi B\u00e1lint K\u00f6nyvt\u00e1r \u00e1ltal ell\u00e1tott kistelep\u00fcl\u00e9sek olvas\u00f3i sz\u00e1m\u00e1ra meghirdetj\u00fck a Vag\u00e1ny V\u00e1rmegyei Versel\u0151 versenyt! J\u00e1t\u00e9kunkban P\u00f3sa Lajos k\u00f6lt\u0151, mese\u00edr\u00f3, a magyar gyermekirodalom klasszikusa tisztelet\u00e9re havonta jelenik meg egy k\u00f6ltem\u00e9nye, melynek k\u00f6z\u00e9ppontj\u00e1ban az \u00e1llatok \u00e1llnak. A feladatok A r\u00e9sz\u00e9ben k\u00e9rj\u00fck a vers el\u0151ad\u00e1s\u00e1t, elmond\u00e1s\u00e1t, esetleg felolvas\u00e1s\u00e1t, melyet vide\u00f3 form\u00e1tumban [&hellip;]<\/p>\n","protected":false},"author":1,"featured_media":0,"parent":0,"menu_order":0,"comment_status":"closed","ping_status":"closed","template":"","meta":[],"_links":{"self":[{"href":"https:\/\/digitaliskonyvtar.bbmk.hu\/kszrjatek\/index.php\/wp-json\/wp\/v2\/pages\/1218"}],"collection":[{"href":"https:\/\/digitaliskonyvtar.bbmk.hu\/kszrjatek\/index.php\/wp-json\/wp\/v2\/pages"}],"about":[{"href":"https:\/\/digitaliskonyvtar.bbmk.hu\/kszrjatek\/index.php\/wp-json\/wp\/v2\/types\/page"}],"author":[{"embeddable":true,"href":"https:\/\/digitaliskonyvtar.bbmk.hu\/kszrjatek\/index.php\/wp-json\/wp\/v2\/users\/1"}],"replies":[{"embeddable":true,"href":"https:\/\/digitaliskonyvtar.bbmk.hu\/kszrjatek\/index.php\/wp-json\/wp\/v2\/comments?post=1218"}],"version-history":[{"count":16,"href":"https:\/\/digitaliskonyvtar.bbmk.hu\/kszrjatek\/index.php\/wp-json\/wp\/v2\/pages\/1218\/revisions"}],"predecessor-version":[{"id":1394,"href":"https:\/\/digitaliskonyvtar.bbmk.hu\/kszrjatek\/index.php\/wp-json\/wp\/v2\/pages\/1218\/revisions\/1394"}],"wp:attachment":[{"href":"https:\/\/digitaliskonyvtar.bbmk.hu\/kszrjatek\/index.php\/wp-json\/wp\/v2\/media?parent=1218"}],"curies":[{"name":"wp","href":"https:\/\/api.w.org\/{rel}","templated":true}]}}