{"id":1133,"date":"2023-11-17T12:02:14","date_gmt":"2023-11-17T12:02:14","guid":{"rendered":"https:\/\/digitaliskonyvtar.bbmk.hu\/kszrjatek\/?page_id=1133"},"modified":"2023-11-17T12:24:00","modified_gmt":"2023-11-17T12:24:00","slug":"vidra-es-kankalin-dijkioszto-unnepseg","status":"publish","type":"page","link":"https:\/\/digitaliskonyvtar.bbmk.hu\/kszrjatek\/index.php\/vidra-es-kankalin-dijkioszto-unnepseg\/","title":{"rendered":"Vidra \u00e9s Kankalin d\u00edjkioszt\u00f3 \u00fcnneps\u00e9g"},"content":{"rendered":"\n<p>Vidra \u00e9s Kankalin c\u00edm\u0171 j\u00e1t\u00e9kunk d\u00edjkioszt\u00f3 \u00fcnneps\u00e9g\u00e9n a nyertes csapatok bemutatkoz\u00e1sa \u00e9s a d\u00edjak \u00e1tad\u00e1sa ut\u00e1n egy Harris Hawk bemutat\u00f3t n\u00e9zhettek meg vend\u00e9geink a B\u00fckki Nemzeti Park Igazgat\u00f3s\u00e1g j\u00f3volt\u00e1b\u00f3l. Ez\u00faton is gratul\u00e1lunk a d\u00edjazottaknak, \u00f6r\u00fcl\u00fcnk, hogy vel\u00fcnk j\u00e1tszottak!<\/p>\n\n\n\n<figure class=\"wp-container-2 wp-block-gallery-1 wp-block-gallery has-nested-images columns-default is-cropped\">\n<figure class=\"wp-block-image size-large\"><img loading=\"lazy\" width=\"1024\" height=\"724\" data-id=\"1156\"  src=\"https:\/\/digitaliskonyvtar.bbmk.hu\/kszrjatek\/wp-content\/uploads\/2023\/11\/386362537_637256718606032_8203934655638947564_n-1024x724.jpg\" alt=\"\" class=\"wp-image-1156\" srcset=\"https:\/\/digitaliskonyvtar.bbmk.hu\/kszrjatek\/wp-content\/uploads\/2023\/11\/386362537_637256718606032_8203934655638947564_n-1024x724.jpg 1024w, https:\/\/digitaliskonyvtar.bbmk.hu\/kszrjatek\/wp-content\/uploads\/2023\/11\/386362537_637256718606032_8203934655638947564_n-300x212.jpg 300w, https:\/\/digitaliskonyvtar.bbmk.hu\/kszrjatek\/wp-content\/uploads\/2023\/11\/386362537_637256718606032_8203934655638947564_n-768x543.jpg 768w, https:\/\/digitaliskonyvtar.bbmk.hu\/kszrjatek\/wp-content\/uploads\/2023\/11\/386362537_637256718606032_8203934655638947564_n-1536x1086.jpg 1536w, https:\/\/digitaliskonyvtar.bbmk.hu\/kszrjatek\/wp-content\/uploads\/2023\/11\/386362537_637256718606032_8203934655638947564_n.jpg 2048w\" sizes=\"(max-width: 1024px) 100vw, 1024px\" \/><\/figure>\n\n\n\n<figure class=\"wp-block-image size-large\"><img loading=\"lazy\" width=\"1024\" height=\"768\" data-id=\"1155\"  src=\"https:\/\/digitaliskonyvtar.bbmk.hu\/kszrjatek\/wp-content\/uploads\/2023\/11\/369063522_637253868606317_5198730749020417530_n-1024x768.jpg\" alt=\"\" class=\"wp-image-1155\" srcset=\"https:\/\/digitaliskonyvtar.bbmk.hu\/kszrjatek\/wp-content\/uploads\/2023\/11\/369063522_637253868606317_5198730749020417530_n-1024x768.jpg 1024w, https:\/\/digitaliskonyvtar.bbmk.hu\/kszrjatek\/wp-content\/uploads\/2023\/11\/369063522_637253868606317_5198730749020417530_n-300x225.jpg 300w, https:\/\/digitaliskonyvtar.bbmk.hu\/kszrjatek\/wp-content\/uploads\/2023\/11\/369063522_637253868606317_5198730749020417530_n-768x576.jpg 768w, https:\/\/digitaliskonyvtar.bbmk.hu\/kszrjatek\/wp-content\/uploads\/2023\/11\/369063522_637253868606317_5198730749020417530_n-1536x1152.jpg 1536w, https:\/\/digitaliskonyvtar.bbmk.hu\/kszrjatek\/wp-content\/uploads\/2023\/11\/369063522_637253868606317_5198730749020417530_n.jpg 2048w\" sizes=\"(max-width: 1024px) 100vw, 1024px\" \/><\/figure>\n\n\n\n<figure class=\"wp-block-image size-large\"><img loading=\"lazy\" width=\"1024\" height=\"768\" data-id=\"1140\"  src=\"https:\/\/digitaliskonyvtar.bbmk.hu\/kszrjatek\/wp-content\/uploads\/2023\/11\/386765793_637253368606367_2036205510044896686_n-1024x768.jpg\" alt=\"\" class=\"wp-image-1140\" srcset=\"https:\/\/digitaliskonyvtar.bbmk.hu\/kszrjatek\/wp-content\/uploads\/2023\/11\/386765793_637253368606367_2036205510044896686_n-1024x768.jpg 1024w, https:\/\/digitaliskonyvtar.bbmk.hu\/kszrjatek\/wp-content\/uploads\/2023\/11\/386765793_637253368606367_2036205510044896686_n-300x225.jpg 300w, https:\/\/digitaliskonyvtar.bbmk.hu\/kszrjatek\/wp-content\/uploads\/2023\/11\/386765793_637253368606367_2036205510044896686_n-768x576.jpg 768w, https:\/\/digitaliskonyvtar.bbmk.hu\/kszrjatek\/wp-content\/uploads\/2023\/11\/386765793_637253368606367_2036205510044896686_n-1536x1152.jpg 1536w, https:\/\/digitaliskonyvtar.bbmk.hu\/kszrjatek\/wp-content\/uploads\/2023\/11\/386765793_637253368606367_2036205510044896686_n.jpg 2048w\" sizes=\"(max-width: 1024px) 100vw, 1024px\" \/><\/figure>\n\n\n\n<figure class=\"wp-block-image size-large\"><img loading=\"lazy\" width=\"1024\" height=\"768\" data-id=\"1152\"  src=\"https:\/\/digitaliskonyvtar.bbmk.hu\/kszrjatek\/wp-content\/uploads\/2023\/11\/386086916_637253118606392_4412565406717530629_n-1024x768.jpg\" alt=\"\" class=\"wp-image-1152\" srcset=\"https:\/\/digitaliskonyvtar.bbmk.hu\/kszrjatek\/wp-content\/uploads\/2023\/11\/386086916_637253118606392_4412565406717530629_n-1024x768.jpg 1024w, https:\/\/digitaliskonyvtar.bbmk.hu\/kszrjatek\/wp-content\/uploads\/2023\/11\/386086916_637253118606392_4412565406717530629_n-300x225.jpg 300w, https:\/\/digitaliskonyvtar.bbmk.hu\/kszrjatek\/wp-content\/uploads\/2023\/11\/386086916_637253118606392_4412565406717530629_n-768x576.jpg 768w, https:\/\/digitaliskonyvtar.bbmk.hu\/kszrjatek\/wp-content\/uploads\/2023\/11\/386086916_637253118606392_4412565406717530629_n-1536x1152.jpg 1536w, https:\/\/digitaliskonyvtar.bbmk.hu\/kszrjatek\/wp-content\/uploads\/2023\/11\/386086916_637253118606392_4412565406717530629_n.jpg 2048w\" sizes=\"(max-width: 1024px) 100vw, 1024px\" \/><\/figure>\n\n\n\n<figure class=\"wp-block-image size-large\"><img loading=\"lazy\" width=\"1024\" height=\"768\" data-id=\"1154\"  src=\"https:\/\/digitaliskonyvtar.bbmk.hu\/kszrjatek\/wp-content\/uploads\/2023\/11\/386756126_637253305273040_5476584950479308105_n-1024x768.jpg\" alt=\"\" class=\"wp-image-1154\" srcset=\"https:\/\/digitaliskonyvtar.bbmk.hu\/kszrjatek\/wp-content\/uploads\/2023\/11\/386756126_637253305273040_5476584950479308105_n-1024x768.jpg 1024w, https:\/\/digitaliskonyvtar.bbmk.hu\/kszrjatek\/wp-content\/uploads\/2023\/11\/386756126_637253305273040_5476584950479308105_n-300x225.jpg 300w, https:\/\/digitaliskonyvtar.bbmk.hu\/kszrjatek\/wp-content\/uploads\/2023\/11\/386756126_637253305273040_5476584950479308105_n-768x576.jpg 768w, https:\/\/digitaliskonyvtar.bbmk.hu\/kszrjatek\/wp-content\/uploads\/2023\/11\/386756126_637253305273040_5476584950479308105_n-1536x1152.jpg 1536w, https:\/\/digitaliskonyvtar.bbmk.hu\/kszrjatek\/wp-content\/uploads\/2023\/11\/386756126_637253305273040_5476584950479308105_n.jpg 2048w\" sizes=\"(max-width: 1024px) 100vw, 1024px\" \/><\/figure>\n\n\n\n<figure class=\"wp-block-image size-large\"><img loading=\"lazy\" width=\"1024\" height=\"768\" data-id=\"1149\"  src=\"https:\/\/digitaliskonyvtar.bbmk.hu\/kszrjatek\/wp-content\/uploads\/2023\/11\/370051189_637253765272994_3629232549888584258_n-1024x768.jpg\" alt=\"\" class=\"wp-image-1149\" srcset=\"https:\/\/digitaliskonyvtar.bbmk.hu\/kszrjatek\/wp-content\/uploads\/2023\/11\/370051189_637253765272994_3629232549888584258_n-1024x768.jpg 1024w, https:\/\/digitaliskonyvtar.bbmk.hu\/kszrjatek\/wp-content\/uploads\/2023\/11\/370051189_637253765272994_3629232549888584258_n-300x225.jpg 300w, https:\/\/digitaliskonyvtar.bbmk.hu\/kszrjatek\/wp-content\/uploads\/2023\/11\/370051189_637253765272994_3629232549888584258_n-768x576.jpg 768w, https:\/\/digitaliskonyvtar.bbmk.hu\/kszrjatek\/wp-content\/uploads\/2023\/11\/370051189_637253765272994_3629232549888584258_n-1536x1152.jpg 1536w, https:\/\/digitaliskonyvtar.bbmk.hu\/kszrjatek\/wp-content\/uploads\/2023\/11\/370051189_637253765272994_3629232549888584258_n.jpg 2048w\" sizes=\"(max-width: 1024px) 100vw, 1024px\" \/><\/figure>\n\n\n\n<figure class=\"wp-block-image size-large\"><img loading=\"lazy\" width=\"1024\" height=\"768\" data-id=\"1142\"  src=\"https:\/\/digitaliskonyvtar.bbmk.hu\/kszrjatek\/wp-content\/uploads\/2023\/11\/386756229_637253401939697_7890208224429219368_n-1024x768.jpg\" alt=\"\" class=\"wp-image-1142\" srcset=\"https:\/\/digitaliskonyvtar.bbmk.hu\/kszrjatek\/wp-content\/uploads\/2023\/11\/386756229_637253401939697_7890208224429219368_n-1024x768.jpg 1024w, https:\/\/digitaliskonyvtar.bbmk.hu\/kszrjatek\/wp-content\/uploads\/2023\/11\/386756229_637253401939697_7890208224429219368_n-300x225.jpg 300w, https:\/\/digitaliskonyvtar.bbmk.hu\/kszrjatek\/wp-content\/uploads\/2023\/11\/386756229_637253401939697_7890208224429219368_n-768x576.jpg 768w, https:\/\/digitaliskonyvtar.bbmk.hu\/kszrjatek\/wp-content\/uploads\/2023\/11\/386756229_637253401939697_7890208224429219368_n-1536x1152.jpg 1536w, https:\/\/digitaliskonyvtar.bbmk.hu\/kszrjatek\/wp-content\/uploads\/2023\/11\/386756229_637253401939697_7890208224429219368_n.jpg 2048w\" sizes=\"(max-width: 1024px) 100vw, 1024px\" \/><\/figure>\n\n\n\n<figure class=\"wp-block-image size-large\"><img loading=\"lazy\" width=\"1024\" height=\"768\" data-id=\"1145\"  src=\"https:\/\/digitaliskonyvtar.bbmk.hu\/kszrjatek\/wp-content\/uploads\/2023\/11\/385788020_637253341939703_7197320827773959350_n-1024x768.jpg\" alt=\"\" class=\"wp-image-1145\" srcset=\"https:\/\/digitaliskonyvtar.bbmk.hu\/kszrjatek\/wp-content\/uploads\/2023\/11\/385788020_637253341939703_7197320827773959350_n-1024x768.jpg 1024w, https:\/\/digitaliskonyvtar.bbmk.hu\/kszrjatek\/wp-content\/uploads\/2023\/11\/385788020_637253341939703_7197320827773959350_n-300x225.jpg 300w, https:\/\/digitaliskonyvtar.bbmk.hu\/kszrjatek\/wp-content\/uploads\/2023\/11\/385788020_637253341939703_7197320827773959350_n-768x576.jpg 768w, https:\/\/digitaliskonyvtar.bbmk.hu\/kszrjatek\/wp-content\/uploads\/2023\/11\/385788020_637253341939703_7197320827773959350_n-1536x1152.jpg 1536w, https:\/\/digitaliskonyvtar.bbmk.hu\/kszrjatek\/wp-content\/uploads\/2023\/11\/385788020_637253341939703_7197320827773959350_n.jpg 2048w\" sizes=\"(max-width: 1024px) 100vw, 1024px\" \/><\/figure>\n\n\n\n<figure class=\"wp-block-image size-large\"><img loading=\"lazy\" width=\"1024\" height=\"768\" data-id=\"1144\"  src=\"https:\/\/digitaliskonyvtar.bbmk.hu\/kszrjatek\/wp-content\/uploads\/2023\/11\/370039299_637253695273001_7638985028852977499_n-1024x768.jpg\" alt=\"\" class=\"wp-image-1144\" srcset=\"https:\/\/digitaliskonyvtar.bbmk.hu\/kszrjatek\/wp-content\/uploads\/2023\/11\/370039299_637253695273001_7638985028852977499_n-1024x768.jpg 1024w, https:\/\/digitaliskonyvtar.bbmk.hu\/kszrjatek\/wp-content\/uploads\/2023\/11\/370039299_637253695273001_7638985028852977499_n-300x225.jpg 300w, https:\/\/digitaliskonyvtar.bbmk.hu\/kszrjatek\/wp-content\/uploads\/2023\/11\/370039299_637253695273001_7638985028852977499_n-768x576.jpg 768w, https:\/\/digitaliskonyvtar.bbmk.hu\/kszrjatek\/wp-content\/uploads\/2023\/11\/370039299_637253695273001_7638985028852977499_n-1536x1152.jpg 1536w, https:\/\/digitaliskonyvtar.bbmk.hu\/kszrjatek\/wp-content\/uploads\/2023\/11\/370039299_637253695273001_7638985028852977499_n.jpg 2048w\" sizes=\"(max-width: 1024px) 100vw, 1024px\" \/><\/figure>\n\n\n\n<figure class=\"wp-block-image size-large\"><img loading=\"lazy\" width=\"1024\" height=\"768\" data-id=\"1147\"  src=\"https:\/\/digitaliskonyvtar.bbmk.hu\/kszrjatek\/wp-content\/uploads\/2023\/11\/386343347_637253425273028_6909952243812481875_n-1024x768.jpg\" alt=\"\" class=\"wp-image-1147\" srcset=\"https:\/\/digitaliskonyvtar.bbmk.hu\/kszrjatek\/wp-content\/uploads\/2023\/11\/386343347_637253425273028_6909952243812481875_n-1024x768.jpg 1024w, https:\/\/digitaliskonyvtar.bbmk.hu\/kszrjatek\/wp-content\/uploads\/2023\/11\/386343347_637253425273028_6909952243812481875_n-300x225.jpg 300w, https:\/\/digitaliskonyvtar.bbmk.hu\/kszrjatek\/wp-content\/uploads\/2023\/11\/386343347_637253425273028_6909952243812481875_n-768x576.jpg 768w, https:\/\/digitaliskonyvtar.bbmk.hu\/kszrjatek\/wp-content\/uploads\/2023\/11\/386343347_637253425273028_6909952243812481875_n-1536x1152.jpg 1536w, https:\/\/digitaliskonyvtar.bbmk.hu\/kszrjatek\/wp-content\/uploads\/2023\/11\/386343347_637253425273028_6909952243812481875_n.jpg 2048w\" sizes=\"(max-width: 1024px) 100vw, 1024px\" \/><\/figure>\n\n\n\n<figure class=\"wp-block-image size-large\"><img loading=\"lazy\" width=\"1024\" height=\"768\" data-id=\"1150\"  src=\"https:\/\/digitaliskonyvtar.bbmk.hu\/kszrjatek\/wp-content\/uploads\/2023\/11\/370361792_637253458606358_2765652135035928224_n-1024x768.jpg\" alt=\"\" class=\"wp-image-1150\" srcset=\"https:\/\/digitaliskonyvtar.bbmk.hu\/kszrjatek\/wp-content\/uploads\/2023\/11\/370361792_637253458606358_2765652135035928224_n-1024x768.jpg 1024w, https:\/\/digitaliskonyvtar.bbmk.hu\/kszrjatek\/wp-content\/uploads\/2023\/11\/370361792_637253458606358_2765652135035928224_n-300x225.jpg 300w, https:\/\/digitaliskonyvtar.bbmk.hu\/kszrjatek\/wp-content\/uploads\/2023\/11\/370361792_637253458606358_2765652135035928224_n-768x576.jpg 768w, https:\/\/digitaliskonyvtar.bbmk.hu\/kszrjatek\/wp-content\/uploads\/2023\/11\/370361792_637253458606358_2765652135035928224_n-1536x1152.jpg 1536w, https:\/\/digitaliskonyvtar.bbmk.hu\/kszrjatek\/wp-content\/uploads\/2023\/11\/370361792_637253458606358_2765652135035928224_n.jpg 2048w\" sizes=\"(max-width: 1024px) 100vw, 1024px\" \/><\/figure>\n\n\n\n<figure class=\"wp-block-image size-large\"><img loading=\"lazy\" width=\"1024\" height=\"768\" data-id=\"1148\"  src=\"https:\/\/digitaliskonyvtar.bbmk.hu\/kszrjatek\/wp-content\/uploads\/2023\/11\/386256768_637253235273047_4245555850488103081_n-1024x768.jpg\" alt=\"\" class=\"wp-image-1148\" srcset=\"https:\/\/digitaliskonyvtar.bbmk.hu\/kszrjatek\/wp-content\/uploads\/2023\/11\/386256768_637253235273047_4245555850488103081_n-1024x768.jpg 1024w, https:\/\/digitaliskonyvtar.bbmk.hu\/kszrjatek\/wp-content\/uploads\/2023\/11\/386256768_637253235273047_4245555850488103081_n-300x225.jpg 300w, https:\/\/digitaliskonyvtar.bbmk.hu\/kszrjatek\/wp-content\/uploads\/2023\/11\/386256768_637253235273047_4245555850488103081_n-768x576.jpg 768w, https:\/\/digitaliskonyvtar.bbmk.hu\/kszrjatek\/wp-content\/uploads\/2023\/11\/386256768_637253235273047_4245555850488103081_n-1536x1152.jpg 1536w, https:\/\/digitaliskonyvtar.bbmk.hu\/kszrjatek\/wp-content\/uploads\/2023\/11\/386256768_637253235273047_4245555850488103081_n.jpg 2048w\" sizes=\"(max-width: 1024px) 100vw, 1024px\" \/><\/figure>\n\n\n\n<figure class=\"wp-block-image size-large\"><img loading=\"lazy\" width=\"1024\" height=\"768\" data-id=\"1146\"  src=\"https:\/\/digitaliskonyvtar.bbmk.hu\/kszrjatek\/wp-content\/uploads\/2023\/11\/386208136_637253521939685_1982727277697121736_n-1024x768.jpg\" alt=\"\" class=\"wp-image-1146\" srcset=\"https:\/\/digitaliskonyvtar.bbmk.hu\/kszrjatek\/wp-content\/uploads\/2023\/11\/386208136_637253521939685_1982727277697121736_n-1024x768.jpg 1024w, https:\/\/digitaliskonyvtar.bbmk.hu\/kszrjatek\/wp-content\/uploads\/2023\/11\/386208136_637253521939685_1982727277697121736_n-300x225.jpg 300w, https:\/\/digitaliskonyvtar.bbmk.hu\/kszrjatek\/wp-content\/uploads\/2023\/11\/386208136_637253521939685_1982727277697121736_n-768x576.jpg 768w, https:\/\/digitaliskonyvtar.bbmk.hu\/kszrjatek\/wp-content\/uploads\/2023\/11\/386208136_637253521939685_1982727277697121736_n-1536x1152.jpg 1536w, https:\/\/digitaliskonyvtar.bbmk.hu\/kszrjatek\/wp-content\/uploads\/2023\/11\/386208136_637253521939685_1982727277697121736_n.jpg 2048w\" sizes=\"(max-width: 1024px) 100vw, 1024px\" \/><\/figure>\n\n\n\n<figure class=\"wp-block-image size-large\"><img loading=\"lazy\" width=\"1024\" height=\"768\" data-id=\"1139\"  src=\"https:\/\/digitaliskonyvtar.bbmk.hu\/kszrjatek\/wp-content\/uploads\/2023\/11\/386757651_637253795272991_2965970867837315109_n-1024x768.jpg\" alt=\"\" class=\"wp-image-1139\" srcset=\"https:\/\/digitaliskonyvtar.bbmk.hu\/kszrjatek\/wp-content\/uploads\/2023\/11\/386757651_637253795272991_2965970867837315109_n-1024x768.jpg 1024w, https:\/\/digitaliskonyvtar.bbmk.hu\/kszrjatek\/wp-content\/uploads\/2023\/11\/386757651_637253795272991_2965970867837315109_n-300x225.jpg 300w, https:\/\/digitaliskonyvtar.bbmk.hu\/kszrjatek\/wp-content\/uploads\/2023\/11\/386757651_637253795272991_2965970867837315109_n-768x576.jpg 768w, https:\/\/digitaliskonyvtar.bbmk.hu\/kszrjatek\/wp-content\/uploads\/2023\/11\/386757651_637253795272991_2965970867837315109_n-1536x1152.jpg 1536w, https:\/\/digitaliskonyvtar.bbmk.hu\/kszrjatek\/wp-content\/uploads\/2023\/11\/386757651_637253795272991_2965970867837315109_n.jpg 2048w\" sizes=\"(max-width: 1024px) 100vw, 1024px\" \/><\/figure>\n\n\n\n<figure class=\"wp-block-image size-large\"><img loading=\"lazy\" width=\"1024\" height=\"768\" data-id=\"1141\"  src=\"https:\/\/digitaliskonyvtar.bbmk.hu\/kszrjatek\/wp-content\/uploads\/2023\/11\/385868653_637253918606312_224930835572204804_n-1024x768.jpg\" alt=\"\" class=\"wp-image-1141\" srcset=\"https:\/\/digitaliskonyvtar.bbmk.hu\/kszrjatek\/wp-content\/uploads\/2023\/11\/385868653_637253918606312_224930835572204804_n-1024x768.jpg 1024w, https:\/\/digitaliskonyvtar.bbmk.hu\/kszrjatek\/wp-content\/uploads\/2023\/11\/385868653_637253918606312_224930835572204804_n-300x225.jpg 300w, https:\/\/digitaliskonyvtar.bbmk.hu\/kszrjatek\/wp-content\/uploads\/2023\/11\/385868653_637253918606312_224930835572204804_n-768x576.jpg 768w, https:\/\/digitaliskonyvtar.bbmk.hu\/kszrjatek\/wp-content\/uploads\/2023\/11\/385868653_637253918606312_224930835572204804_n-1536x1152.jpg 1536w, https:\/\/digitaliskonyvtar.bbmk.hu\/kszrjatek\/wp-content\/uploads\/2023\/11\/385868653_637253918606312_224930835572204804_n.jpg 2048w\" sizes=\"(max-width: 1024px) 100vw, 1024px\" \/><\/figure>\n\n\n\n<figure class=\"wp-block-image size-large\"><img loading=\"lazy\" width=\"1024\" height=\"768\" data-id=\"1138\"  src=\"https:\/\/digitaliskonyvtar.bbmk.hu\/kszrjatek\/wp-content\/uploads\/2023\/11\/385850067_637253625273008_3090088882894994919_n-1024x768.jpg\" alt=\"\" class=\"wp-image-1138\" srcset=\"https:\/\/digitaliskonyvtar.bbmk.hu\/kszrjatek\/wp-content\/uploads\/2023\/11\/385850067_637253625273008_3090088882894994919_n-1024x768.jpg 1024w, https:\/\/digitaliskonyvtar.bbmk.hu\/kszrjatek\/wp-content\/uploads\/2023\/11\/385850067_637253625273008_3090088882894994919_n-300x225.jpg 300w, https:\/\/digitaliskonyvtar.bbmk.hu\/kszrjatek\/wp-content\/uploads\/2023\/11\/385850067_637253625273008_3090088882894994919_n-768x576.jpg 768w, https:\/\/digitaliskonyvtar.bbmk.hu\/kszrjatek\/wp-content\/uploads\/2023\/11\/385850067_637253625273008_3090088882894994919_n-1536x1152.jpg 1536w, https:\/\/digitaliskonyvtar.bbmk.hu\/kszrjatek\/wp-content\/uploads\/2023\/11\/385850067_637253625273008_3090088882894994919_n.jpg 2048w\" sizes=\"(max-width: 1024px) 100vw, 1024px\" \/><\/figure>\n\n\n\n<figure class=\"wp-block-image size-large\"><img loading=\"lazy\" width=\"1024\" height=\"768\" data-id=\"1143\"  src=\"https:\/\/digitaliskonyvtar.bbmk.hu\/kszrjatek\/wp-content\/uploads\/2023\/11\/370167379_637254005272970_6480032165323501232_n-1024x768.jpg\" alt=\"\" class=\"wp-image-1143\" srcset=\"https:\/\/digitaliskonyvtar.bbmk.hu\/kszrjatek\/wp-content\/uploads\/2023\/11\/370167379_637254005272970_6480032165323501232_n-1024x768.jpg 1024w, https:\/\/digitaliskonyvtar.bbmk.hu\/kszrjatek\/wp-content\/uploads\/2023\/11\/370167379_637254005272970_6480032165323501232_n-300x225.jpg 300w, https:\/\/digitaliskonyvtar.bbmk.hu\/kszrjatek\/wp-content\/uploads\/2023\/11\/370167379_637254005272970_6480032165323501232_n-768x576.jpg 768w, https:\/\/digitaliskonyvtar.bbmk.hu\/kszrjatek\/wp-content\/uploads\/2023\/11\/370167379_637254005272970_6480032165323501232_n-1536x1152.jpg 1536w, https:\/\/digitaliskonyvtar.bbmk.hu\/kszrjatek\/wp-content\/uploads\/2023\/11\/370167379_637254005272970_6480032165323501232_n.jpg 2048w\" sizes=\"(max-width: 1024px) 100vw, 1024px\" \/><\/figure>\n\n\n\n<figure class=\"wp-block-image size-large\"><img loading=\"lazy\" width=\"1024\" height=\"768\" data-id=\"1153\"  src=\"https:\/\/digitaliskonyvtar.bbmk.hu\/kszrjatek\/wp-content\/uploads\/2023\/11\/386093410_637253391939698_2140322446990263670_n-1024x768.jpg\" alt=\"\" class=\"wp-image-1153\" srcset=\"https:\/\/digitaliskonyvtar.bbmk.hu\/kszrjatek\/wp-content\/uploads\/2023\/11\/386093410_637253391939698_2140322446990263670_n-1024x768.jpg 1024w, https:\/\/digitaliskonyvtar.bbmk.hu\/kszrjatek\/wp-content\/uploads\/2023\/11\/386093410_637253391939698_2140322446990263670_n-300x225.jpg 300w, https:\/\/digitaliskonyvtar.bbmk.hu\/kszrjatek\/wp-content\/uploads\/2023\/11\/386093410_637253391939698_2140322446990263670_n-768x576.jpg 768w, https:\/\/digitaliskonyvtar.bbmk.hu\/kszrjatek\/wp-content\/uploads\/2023\/11\/386093410_637253391939698_2140322446990263670_n-1536x1152.jpg 1536w, https:\/\/digitaliskonyvtar.bbmk.hu\/kszrjatek\/wp-content\/uploads\/2023\/11\/386093410_637253391939698_2140322446990263670_n.jpg 2048w\" sizes=\"(max-width: 1024px) 100vw, 1024px\" \/><\/figure>\n<\/figure>\n\n\n\n<div class=\"wp-container-3 wp-block-buttons\">\n<div class=\"wp-block-button\"><a class=\"wp-block-button__link\" href=\"https:\/\/www.facebook.com\/KonyvtarellatasNograd\/posts\/637261608605543?ref=embed_post\" target=\"_blank\" rel=\"noreferrer noopener\">K\u00e9pek megtekint\u00e9se teljes m\u00e9retben<\/a><\/div>\n<\/div>\n","protected":false},"excerpt":{"rendered":"<p>Vidra \u00e9s Kankalin c\u00edm\u0171 j\u00e1t\u00e9kunk d\u00edjkioszt\u00f3 \u00fcnneps\u00e9g\u00e9n a nyertes csapatok bemutatkoz\u00e1sa \u00e9s a d\u00edjak \u00e1tad\u00e1sa ut\u00e1n egy Harris Hawk bemutat\u00f3t n\u00e9zhettek meg vend\u00e9geink a B\u00fckki Nemzeti Park Igazgat\u00f3s\u00e1g j\u00f3volt\u00e1b\u00f3l. Ez\u00faton is gratul\u00e1lunk a d\u00edjazottaknak, \u00f6r\u00fcl\u00fcnk, hogy vel\u00fcnk j\u00e1tszottak!<\/p>\n","protected":false},"author":1,"featured_media":0,"parent":0,"menu_order":0,"comment_status":"closed","ping_status":"closed","template":"","meta":[],"_links":{"self":[{"href":"https:\/\/digitaliskonyvtar.bbmk.hu\/kszrjatek\/index.php\/wp-json\/wp\/v2\/pages\/1133"}],"collection":[{"href":"https:\/\/digitaliskonyvtar.bbmk.hu\/kszrjatek\/index.php\/wp-json\/wp\/v2\/pages"}],"about":[{"href":"https:\/\/digitaliskonyvtar.bbmk.hu\/kszrjatek\/index.php\/wp-json\/wp\/v2\/types\/page"}],"author":[{"embeddable":true,"href":"https:\/\/digitaliskonyvtar.bbmk.hu\/kszrjatek\/index.php\/wp-json\/wp\/v2\/users\/1"}],"replies":[{"embeddable":true,"href":"https:\/\/digitaliskonyvtar.bbmk.hu\/kszrjatek\/index.php\/wp-json\/wp\/v2\/comments?post=1133"}],"version-history":[{"count":5,"href":"https:\/\/digitaliskonyvtar.bbmk.hu\/kszrjatek\/index.php\/wp-json\/wp\/v2\/pages\/1133\/revisions"}],"predecessor-version":[{"id":1161,"href":"https:\/\/digitaliskonyvtar.bbmk.hu\/kszrjatek\/index.php\/wp-json\/wp\/v2\/pages\/1133\/revisions\/1161"}],"wp:attachment":[{"href":"https:\/\/digitaliskonyvtar.bbmk.hu\/kszrjatek\/index.php\/wp-json\/wp\/v2\/media?parent=1133"}],"curies":[{"name":"wp","href":"https:\/\/api.w.org\/{rel}","templated":true}]}}