{"id":1114,"date":"2023-09-28T10:48:40","date_gmt":"2023-09-28T10:48:40","guid":{"rendered":"https:\/\/digitaliskonyvtar.bbmk.hu\/kszrjatek\/?page_id=1114"},"modified":"2023-09-28T10:51:56","modified_gmt":"2023-09-28T10:51:56","slug":"a-vidra-es-kankalin-tamogatoi","status":"publish","type":"page","link":"https:\/\/digitaliskonyvtar.bbmk.hu\/kszrjatek\/index.php\/a-vidra-es-kankalin-tamogatoi\/","title":{"rendered":"A &#8220;Vidra \u00e9s Kankalin&#8221; T\u00e1mogat\u00f3i"},"content":{"rendered":"\n<div class=\"wp-container-5 wp-block-columns alignwide are-vertically-aligned-center\">\n<div class=\"wp-container-1 wp-block-column is-vertically-aligned-center\">\n<figure class=\"wp-block-image aligncenter size-full\"><a href=\"https:\/\/www.bnpi.hu\/hu\" target=\"_blank\" rel=\"noreferrer noopener\"><img loading=\"lazy\" width=\"840\" height=\"838\" src=\"https:\/\/digitaliskonyvtar.bbmk.hu\/kszrjatek\/wp-content\/uploads\/2022\/10\/00bnp-1.png\" alt=\"\" class=\"wp-image-800\" srcset=\"https:\/\/digitaliskonyvtar.bbmk.hu\/kszrjatek\/wp-content\/uploads\/2022\/10\/00bnp-1.png 840w, https:\/\/digitaliskonyvtar.bbmk.hu\/kszrjatek\/wp-content\/uploads\/2022\/10\/00bnp-1-300x300.png 300w, https:\/\/digitaliskonyvtar.bbmk.hu\/kszrjatek\/wp-content\/uploads\/2022\/10\/00bnp-1-150x150.png 150w, https:\/\/digitaliskonyvtar.bbmk.hu\/kszrjatek\/wp-content\/uploads\/2022\/10\/00bnp-1-768x766.png 768w\" sizes=\"(max-width: 840px) 100vw, 840px\" \/><\/a><\/figure>\n<\/div>\n\n\n\n<div class=\"wp-container-2 wp-block-column is-vertically-aligned-center\">\n<figure class=\"wp-block-image aligncenter size-large\"><a href=\"https:\/\/palocring.hu\/\" target=\"_blank\" rel=\"noreferrer noopener\"><img loading=\"lazy\" width=\"1024\" height=\"708\" src=\"https:\/\/digitaliskonyvtar.bbmk.hu\/kszrjatek\/wp-content\/uploads\/2022\/10\/00pr-1024x708.png\" alt=\"\" class=\"wp-image-803\" srcset=\"https:\/\/digitaliskonyvtar.bbmk.hu\/kszrjatek\/wp-content\/uploads\/2022\/10\/00pr-1024x708.png 1024w, https:\/\/digitaliskonyvtar.bbmk.hu\/kszrjatek\/wp-content\/uploads\/2022\/10\/00pr-300x208.png 300w, https:\/\/digitaliskonyvtar.bbmk.hu\/kszrjatek\/wp-content\/uploads\/2022\/10\/00pr-768x531.png 768w, https:\/\/digitaliskonyvtar.bbmk.hu\/kszrjatek\/wp-content\/uploads\/2022\/10\/00pr.png 1226w\" sizes=\"(max-width: 1024px) 100vw, 1024px\" \/><\/a><\/figure>\n<\/div>\n\n\n\n<div class=\"wp-container-3 wp-block-column is-vertically-aligned-center\">\n<figure class=\"wp-block-image alignright size-full is-resized\"><a href=\"https:\/\/www.holloko.hu\/\" target=\"_blank\" rel=\"noreferrer noopener\"><img loading=\"lazy\" src=\"https:\/\/digitaliskonyvtar.bbmk.hu\/kszrjatek\/wp-content\/uploads\/2023\/09\/326561009_933034157704289_2196905115358528334_n.jpg\" alt=\"\" class=\"wp-image-1126\" width=\"225\" height=\"225\" srcset=\"https:\/\/digitaliskonyvtar.bbmk.hu\/kszrjatek\/wp-content\/uploads\/2023\/09\/326561009_933034157704289_2196905115358528334_n.jpg 900w, https:\/\/digitaliskonyvtar.bbmk.hu\/kszrjatek\/wp-content\/uploads\/2023\/09\/326561009_933034157704289_2196905115358528334_n-300x300.jpg 300w, https:\/\/digitaliskonyvtar.bbmk.hu\/kszrjatek\/wp-content\/uploads\/2023\/09\/326561009_933034157704289_2196905115358528334_n-150x150.jpg 150w, https:\/\/digitaliskonyvtar.bbmk.hu\/kszrjatek\/wp-content\/uploads\/2023\/09\/326561009_933034157704289_2196905115358528334_n-768x768.jpg 768w\" sizes=\"(max-width: 225px) 100vw, 225px\" \/><\/a><\/figure>\n<\/div>\n\n\n\n<div class=\"wp-container-4 wp-block-column is-vertically-aligned-center\">\n<figure class=\"wp-block-image aligncenter size-large\"><a href=\"https:\/\/salgoapollo.hu\/\" target=\"_blank\" rel=\"noreferrer noopener\"><img loading=\"lazy\" width=\"1024\" height=\"576\" src=\"https:\/\/digitaliskonyvtar.bbmk.hu\/kszrjatek\/wp-content\/uploads\/2023\/09\/mozi-2-1024x576.jpg\" alt=\"\" class=\"wp-image-1125\" srcset=\"https:\/\/digitaliskonyvtar.bbmk.hu\/kszrjatek\/wp-content\/uploads\/2023\/09\/mozi-2-1024x576.jpg 1024w, https:\/\/digitaliskonyvtar.bbmk.hu\/kszrjatek\/wp-content\/uploads\/2023\/09\/mozi-2-300x169.jpg 300w, https:\/\/digitaliskonyvtar.bbmk.hu\/kszrjatek\/wp-content\/uploads\/2023\/09\/mozi-2-768x432.jpg 768w, https:\/\/digitaliskonyvtar.bbmk.hu\/kszrjatek\/wp-content\/uploads\/2023\/09\/mozi-2-1536x864.jpg 1536w, https:\/\/digitaliskonyvtar.bbmk.hu\/kszrjatek\/wp-content\/uploads\/2023\/09\/mozi-2.jpg 1920w\" sizes=\"(max-width: 1024px) 100vw, 1024px\" \/><\/a><\/figure>\n<\/div>\n<\/div>\n\n\n\n<div class=\"wp-container-10 wp-block-columns alignwide are-vertically-aligned-center\">\n<div class=\"wp-container-6 wp-block-column is-vertically-aligned-center\">\n<figure class=\"wp-block-image aligncenter size-full\"><a href=\"https:\/\/www.csopa.hu\/\" target=\"_blank\" rel=\"noreferrer noopener\"><img loading=\"lazy\" width=\"354\" height=\"354\" src=\"https:\/\/digitaliskonyvtar.bbmk.hu\/kszrjatek\/wp-content\/uploads\/2023\/09\/310425081_477045721121985_5100212802405662732_n.jpg\" alt=\"\" class=\"wp-image-1123\" srcset=\"https:\/\/digitaliskonyvtar.bbmk.hu\/kszrjatek\/wp-content\/uploads\/2023\/09\/310425081_477045721121985_5100212802405662732_n.jpg 354w, https:\/\/digitaliskonyvtar.bbmk.hu\/kszrjatek\/wp-content\/uploads\/2023\/09\/310425081_477045721121985_5100212802405662732_n-300x300.jpg 300w, https:\/\/digitaliskonyvtar.bbmk.hu\/kszrjatek\/wp-content\/uploads\/2023\/09\/310425081_477045721121985_5100212802405662732_n-150x150.jpg 150w\" sizes=\"(max-width: 354px) 100vw, 354px\" \/><\/a><\/figure>\n<\/div>\n\n\n\n<div class=\"wp-container-7 wp-block-column is-vertically-aligned-center\">\n<figure class=\"wp-block-image aligncenter size-full\"><a href=\"https:\/\/jaszberenyzoo.hu\/\" target=\"_blank\" rel=\"noreferrer noopener\"><img loading=\"lazy\" width=\"500\" height=\"500\" src=\"https:\/\/digitaliskonyvtar.bbmk.hu\/kszrjatek\/wp-content\/uploads\/2023\/09\/Nevtelen-terv.jpg\" alt=\"\" class=\"wp-image-1124\" srcset=\"https:\/\/digitaliskonyvtar.bbmk.hu\/kszrjatek\/wp-content\/uploads\/2023\/09\/Nevtelen-terv.jpg 500w, https:\/\/digitaliskonyvtar.bbmk.hu\/kszrjatek\/wp-content\/uploads\/2023\/09\/Nevtelen-terv-300x300.jpg 300w, https:\/\/digitaliskonyvtar.bbmk.hu\/kszrjatek\/wp-content\/uploads\/2023\/09\/Nevtelen-terv-150x150.jpg 150w\" sizes=\"(max-width: 500px) 100vw, 500px\" \/><\/a><\/figure>\n<\/div>\n\n\n\n<div class=\"wp-container-8 wp-block-column is-vertically-aligned-center\">\n<figure class=\"wp-block-image aligncenter size-full\"><a href=\"http:\/\/www.nhmus.hu\/hu\" target=\"_blank\" rel=\"noreferrer noopener\"><img loading=\"lazy\" width=\"566\" height=\"428\" src=\"https:\/\/digitaliskonyvtar.bbmk.hu\/kszrjatek\/wp-content\/uploads\/2023\/09\/logo_kek_hatterrel_kicsi-1.jpg\" alt=\"\" class=\"wp-image-1119\" srcset=\"https:\/\/digitaliskonyvtar.bbmk.hu\/kszrjatek\/wp-content\/uploads\/2023\/09\/logo_kek_hatterrel_kicsi-1.jpg 566w, https:\/\/digitaliskonyvtar.bbmk.hu\/kszrjatek\/wp-content\/uploads\/2023\/09\/logo_kek_hatterrel_kicsi-1-300x227.jpg 300w\" sizes=\"(max-width: 566px) 100vw, 566px\" \/><\/a><\/figure>\n<\/div>\n\n\n\n<div class=\"wp-container-9 wp-block-column is-vertically-aligned-center\"><\/div>\n<\/div>\n","protected":false},"excerpt":{"rendered":"","protected":false},"author":1,"featured_media":0,"parent":0,"menu_order":0,"comment_status":"closed","ping_status":"closed","template":"","meta":[],"_links":{"self":[{"href":"https:\/\/digitaliskonyvtar.bbmk.hu\/kszrjatek\/index.php\/wp-json\/wp\/v2\/pages\/1114"}],"collection":[{"href":"https:\/\/digitaliskonyvtar.bbmk.hu\/kszrjatek\/index.php\/wp-json\/wp\/v2\/pages"}],"about":[{"href":"https:\/\/digitaliskonyvtar.bbmk.hu\/kszrjatek\/index.php\/wp-json\/wp\/v2\/types\/page"}],"author":[{"embeddable":true,"href":"https:\/\/digitaliskonyvtar.bbmk.hu\/kszrjatek\/index.php\/wp-json\/wp\/v2\/users\/1"}],"replies":[{"embeddable":true,"href":"https:\/\/digitaliskonyvtar.bbmk.hu\/kszrjatek\/index.php\/wp-json\/wp\/v2\/comments?post=1114"}],"version-history":[{"count":2,"href":"https:\/\/digitaliskonyvtar.bbmk.hu\/kszrjatek\/index.php\/wp-json\/wp\/v2\/pages\/1114\/revisions"}],"predecessor-version":[{"id":1129,"href":"https:\/\/digitaliskonyvtar.bbmk.hu\/kszrjatek\/index.php\/wp-json\/wp\/v2\/pages\/1114\/revisions\/1129"}],"wp:attachment":[{"href":"https:\/\/digitaliskonyvtar.bbmk.hu\/kszrjatek\/index.php\/wp-json\/wp\/v2\/media?parent=1114"}],"curies":[{"name":"wp","href":"https:\/\/api.w.org\/{rel}","templated":true}]}}