{"id":111,"date":"2019-05-23T13:17:38","date_gmt":"2019-05-23T13:17:38","guid":{"rendered":"https:\/\/digitaliskonyvtar.bbmk.hu\/kszrjatek\/?page_id=111"},"modified":"2019-08-26T06:28:14","modified_gmt":"2019-08-26T06:28:14","slug":"kihivasok","status":"publish","type":"page","link":"https:\/\/digitaliskonyvtar.bbmk.hu\/kszrjatek\/index.php\/kihivasok\/","title":{"rendered":"Kih\u00edv\u00e1sok"},"content":{"rendered":"\n<p style=\"background-color:#ffd45e\" class=\"has-text-color has-background has-very-dark-gray-color\"><strong><em>1. Fot\u00f3zz!<\/em><\/strong><br><strong>K\u00e9sz\u00edtsetek f\u00e9nyk\u00e9pet\/szelfit arr\u00f3l, hogy hol \u00e9s hogyan olvass\u00e1tok a csapat \u00e1ltal v\u00e1lasztott k\u00f6nyvet! <\/strong><br><br><a href=\"https:\/\/digitaliskonyvtar.bbmk.hu\/kszrjatek\/index.php\/kihivasok\/1-kihivas\/\">1. kih\u00edv\u00e1s felt\u00f6lt\u00e9se<\/a><\/p>\n\n\n\n<p style=\"background-color:#ffd45e\" class=\"has-text-color has-background has-very-dark-gray-color\"><strong><em>2. K\u00edn\u00e1lj!<\/em><br>\u00cdrjatok r\u00f6vid k\u00f6nyvaj\u00e1nl\u00f3t: mi\u00e9rt v\u00e1lasztott\u00e1tok ti \u00e9ppen ezt a telep\u00fcl\u00e9setek k\u00f6nyv\u00e9nek?<\/strong><br><em>A m\u0171faj szabadon v\u00e1lasztott: elf\u00e9rhet egy sms-ben, lehet vers, vagy legfeljebb f\u00e9l oldalas sz\u00f6veg.<\/em><br><br><a href=\"https:\/\/digitaliskonyvtar.bbmk.hu\/kszrjatek\/index.php\/kihivasok\/2-kihivas\/\">2. kih\u00edv\u00e1s felt\u00f6lt\u00e9se<\/a><\/p>\n\n\n\n<p style=\"background-color:#ffd45e\" class=\"has-text-color has-background has-very-dark-gray-color\"><strong><em>3. \u00d6lt\u00f6ztess!<\/em>  <br>K\u00e9sz\u00edtsetek \u00faj ruh\u00e1t a v\u00e1lasztott k\u00f6nyvnek!<\/strong><br><em>A technika szabadon v\u00e1lasztott, engedj\u00e9tek szabadj\u00e1ra a fant\u00e1zi\u00e1tokat. Lehet horgolni, k\u00f6tni, varrni, ragasztani, rajzolni, festeni\u2026 stb.<\/em><br><br><a href=\"https:\/\/digitaliskonyvtar.bbmk.hu\/kszrjatek\/index.php\/kihivasok\/3-kihivas\/\">3. kih\u00edv\u00e1s felt\u00f6lt\u00e9se<\/a><\/p>\n\n\n\n<p style=\"background-color:#ffd45e\" class=\"has-text-color has-background has-very-dark-gray-color\"><strong><em>4.  Mes\u00e9lj! <\/em> <br>Mutass\u00e1tok be, hogy mit jelentett sz\u00e1motokra ez a k\u00f6nyv!<\/strong><br><em>A megval\u00f3s\u00edt\u00e1s szabadon v\u00e1lasztott, lehet k\u00e9zm\u0171ves technika (rajz, festm\u00e9ny, koll\u00e1zs, mont\u00e1zs), vagy r\u00f6vid \u00edr\u00e1s (ak\u00e1r vers vagy riportszer\u0171 is), jelenet vagy fot\u00f3, video (max. 2 perc)&nbsp; k\u00e9pekb\u0151l \u00f6sszev\u00e1gott video narr\u00e1l\u00e1ssal vagy an\u00e9lk\u00fcl.<\/em> <br><br><a href=\"https:\/\/digitaliskonyvtar.bbmk.hu\/kszrjatek\/index.php\/kihivasok\/4-kihivas\/\">4. kih\u00edv\u00e1s felt\u00f6lt\u00e9se<\/a><\/p>\n\n\n\n<p style=\"background-color:#ffd45e\" class=\"has-text-color has-background has-very-dark-gray-color\"><strong><em>5. Csalogass! <\/em> <br>Mutass\u00e1tok be, hogy mi\u00e9rt szerettek\u00a0a k\u00f6nyvt\u00e1rba j\u00e1rni?<\/strong><br>Csin\u00e1ljatok kedvet m\u00e1soknak is hozz\u00e1, szervezzetek egy k\u00f6z\u00f6ss\u00e9gi programot a k\u00f6nyvt\u00e1rba a v\u00e1lasztott k\u00f6nyvh\u00f6z kapcsol\u00f3d\u00f3an! <br><em>T\u00f6ltsetek fel maximum 5 fot\u00f3t, vagy egy maximum 2 perces vide\u00f3t!<\/em><br> <br><a href=\"https:\/\/digitaliskonyvtar.bbmk.hu\/kszrjatek\/index.php\/kihivasok\/5-kihivas\/\">5. kih\u00edv\u00e1s felt\u00f6lt\u00e9se<\/a> <\/p>\n\n\n\n<p><br><\/p>\n","protected":false},"excerpt":{"rendered":"<p>1. Fot\u00f3zz!K\u00e9sz\u00edtsetek f\u00e9nyk\u00e9pet\/szelfit arr\u00f3l, hogy hol \u00e9s hogyan olvass\u00e1tok a csapat \u00e1ltal v\u00e1lasztott k\u00f6nyvet! 1. kih\u00edv\u00e1s felt\u00f6lt\u00e9se 2. K\u00edn\u00e1lj!\u00cdrjatok r\u00f6vid k\u00f6nyvaj\u00e1nl\u00f3t: mi\u00e9rt v\u00e1lasztott\u00e1tok ti \u00e9ppen ezt a telep\u00fcl\u00e9setek k\u00f6nyv\u00e9nek?A m\u0171faj szabadon v\u00e1lasztott: elf\u00e9rhet egy sms-ben, lehet vers, vagy legfeljebb f\u00e9l oldalas sz\u00f6veg. 2. kih\u00edv\u00e1s felt\u00f6lt\u00e9se 3. \u00d6lt\u00f6ztess! K\u00e9sz\u00edtsetek \u00faj ruh\u00e1t a v\u00e1lasztott k\u00f6nyvnek!A technika szabadon [&hellip;]<\/p>\n","protected":false},"author":1,"featured_media":0,"parent":0,"menu_order":0,"comment_status":"closed","ping_status":"closed","template":"","meta":[],"_links":{"self":[{"href":"https:\/\/digitaliskonyvtar.bbmk.hu\/kszrjatek\/index.php\/wp-json\/wp\/v2\/pages\/111"}],"collection":[{"href":"https:\/\/digitaliskonyvtar.bbmk.hu\/kszrjatek\/index.php\/wp-json\/wp\/v2\/pages"}],"about":[{"href":"https:\/\/digitaliskonyvtar.bbmk.hu\/kszrjatek\/index.php\/wp-json\/wp\/v2\/types\/page"}],"author":[{"embeddable":true,"href":"https:\/\/digitaliskonyvtar.bbmk.hu\/kszrjatek\/index.php\/wp-json\/wp\/v2\/users\/1"}],"replies":[{"embeddable":true,"href":"https:\/\/digitaliskonyvtar.bbmk.hu\/kszrjatek\/index.php\/wp-json\/wp\/v2\/comments?post=111"}],"version-history":[{"count":46,"href":"https:\/\/digitaliskonyvtar.bbmk.hu\/kszrjatek\/index.php\/wp-json\/wp\/v2\/pages\/111\/revisions"}],"predecessor-version":[{"id":333,"href":"https:\/\/digitaliskonyvtar.bbmk.hu\/kszrjatek\/index.php\/wp-json\/wp\/v2\/pages\/111\/revisions\/333"}],"wp:attachment":[{"href":"https:\/\/digitaliskonyvtar.bbmk.hu\/kszrjatek\/index.php\/wp-json\/wp\/v2\/media?parent=111"}],"curies":[{"name":"wp","href":"https:\/\/api.w.org\/{rel}","templated":true}]}}