{"id":1052,"date":"2023-07-06T10:23:38","date_gmt":"2023-07-06T10:23:38","guid":{"rendered":"https:\/\/digitaliskonyvtar.bbmk.hu\/kszrjatek\/?page_id=1052"},"modified":"2023-08-08T07:30:03","modified_gmt":"2023-08-08T07:30:03","slug":"vidra-es-kankalin-5-kaland","status":"publish","type":"page","link":"https:\/\/digitaliskonyvtar.bbmk.hu\/kszrjatek\/index.php\/vidra-es-kankalin-5-kaland\/","title":{"rendered":"Vidra \u00e9s Kankalin &#8211; 5. kaland"},"content":{"rendered":"\n<div class=\"wp-block-media-text alignwide is-stacked-on-mobile\" style=\"grid-template-columns:38% auto\"><figure class=\"wp-block-media-text__media\"><img loading=\"lazy\" width=\"1024\" height=\"724\" src=\"https:\/\/digitaliskonyvtar.bbmk.hu\/kszrjatek\/wp-content\/uploads\/2023\/04\/vidra-es-kankalin-1024x724.jpg\" alt=\"\" class=\"wp-image-953 size-full\" srcset=\"https:\/\/digitaliskonyvtar.bbmk.hu\/kszrjatek\/wp-content\/uploads\/2023\/04\/vidra-es-kankalin-1024x724.jpg 1024w, https:\/\/digitaliskonyvtar.bbmk.hu\/kszrjatek\/wp-content\/uploads\/2023\/04\/vidra-es-kankalin-300x212.jpg 300w, https:\/\/digitaliskonyvtar.bbmk.hu\/kszrjatek\/wp-content\/uploads\/2023\/04\/vidra-es-kankalin-768x543.jpg 768w, https:\/\/digitaliskonyvtar.bbmk.hu\/kszrjatek\/wp-content\/uploads\/2023\/04\/vidra-es-kankalin-1536x1086.jpg 1536w, https:\/\/digitaliskonyvtar.bbmk.hu\/kszrjatek\/wp-content\/uploads\/2023\/04\/vidra-es-kankalin.jpg 2000w\" sizes=\"(max-width: 1024px) 100vw, 1024px\" \/><\/figure><div class=\"wp-block-media-text__content\">\n<p class=\"has-text-align-right\"><em>\u201e Nincs m\u00e9g egy szeglete a vil\u00e1gnak, ahol annyira nyilv\u00e1nval\u00f3 lenne, mint itt, a hegyes-v\u00f6lgyes n\u00f3gr\u00e1di t\u00e1jon, hogy f\u00f6ld\u00fcnk\u00f6n sz\u00e9tv\u00e1laszthatatlanul egybe\u00e9p\u00fclt a term\u00e9szet, az emberi munka \u00e9s a t\u00f6rt\u00e9nelem\u201d<\/em><br>R. V\u00e1rkonyi \u00c1gnes<\/p>\n<\/div><\/div>\n\n\n\n<p class=\"has-large-font-size\"><strong>5.\/A feladat<\/strong><\/p>\n\n\n\n<p><em><strong>T\u00e1pl\u00e1l\u00e9kl\u00e1nc<\/strong><\/em><\/p>\n\n\n\n<p>Az \u00e9l\u0151l\u00e9nyek a t\u00e1pl\u00e1l\u00e9kl\u00e1ncban elfoglalt hely\u00fck szerint lehetnek lebont\u00f3k (bakt\u00e9riumok, gomb\u00e1k), termel\u0151k (n\u00f6v\u00e9nyek), els\u0151dleges fogyaszt\u00f3k (n\u00f6v\u00e9nyev\u0151k), m\u00e1sodlagos fogyaszt\u00f3k (ragadoz\u00f3k), s\u0151t ak\u00e1r harmadlagos fogyaszt\u00f3k is (ragadoz\u00f3k ragadoz\u00f3i).<\/p>\n\n\n\n<p><strong>Csoportos\u00edts\u00e1tok a felsorolt \u00e9l\u0151l\u00e9nyeket a t\u00e1pl\u00e1l\u00e9kl\u00e1ncban bet\u00f6lt\u00f6tt szerep\u00fck szerint!<\/strong><\/p>\n\n\n\n<p class=\"has-small-font-size\"><em>(a csapatn\u00e9v megad\u00e1sa ut\u00e1n indul a j\u00e1t\u00e9k)<\/em><\/p>\n\n\n<div style=\"width: 100%;\">\n<div style=\"position: relative; padding-bottom: 56.25%; padding-top: 0; height: 0;\"><iframe loading=\"lazy\" style=\"position: absolute; top: 0; left: 0; width: 100%; height: 100%;\" title=\"Vidra \u00e9s Kankalin - 5\/A\" src=\"https:\/\/wordwall.net\/play\/58329\/331\/806\" scrolling=\"yes\" allowfullscreen=\"allowfullscreen\" width=\"1200\" height=\"675\" frameborder=\"0\"><\/iframe><\/div>\n<p><\/p>\n<\/div>\n\n\n<div style=\"height:50px\" aria-hidden=\"true\" class=\"wp-block-spacer\"><\/div>\n\n\n\n<p class=\"has-large-font-size\"><strong>5.\/B feladat<\/strong><\/p>\n\n\n\n<p><em><strong>Nyomkeres\u00e9s<\/strong><\/em><\/p>\n\n\n\n<p>Vannak \u00e1llatok, melyekkel ritk\u00e1n tal\u00e1lkozunk az erd\u0151j\u00e1r\u00e1s alkalm\u00e1val, de \u0151k sem l\u00e1thatatlanok, j\u00f3l felismerhet\u0151 &#8220;nyomokat&#8221; hagynak maguk ut\u00e1n.<\/p>\n\n\n\n<p><strong>Keressetek ti is olyan jeleket (min. 5 db), amelyek egy adott \u00e9l\u0151l\u00e9ny jelenl\u00e9t\u00e9re utalnak. Melyik \u00e1llatt\u00f3l sz\u00e1rmazhatnak? Fot\u00f3zz\u00e1tok le, \u00edrjatok r\u00f3la ismertet\u0151t, majd k\u00fcldj\u00e9tek el nek\u00fcnk!<\/strong><\/p>\n\n\n<p><iframe loading=\"lazy\" src=\"https:\/\/dkvt.bbmk.hu\/ftolt\/\" allowfullscreen=\"allowfullscreen\" width=\"100%\" height=\"550px\" frameborder=\"0\"><\/iframe><\/p>\n\n\n<p><\/p>\n\n\n\n<p class=\"has-large-font-size\"><strong>5.\/C feladat<\/strong><\/p>\n\n\n\n<p><strong><em>\u00c1llat-\u00e9tterem!<\/em><\/strong><\/p>\n\n\n\n<div class=\"wp-block-media-text alignwide has-media-on-the-right is-stacked-on-mobile is-vertically-aligned-top\" style=\"grid-template-columns:auto 20%\"><figure class=\"wp-block-media-text__media\"><img loading=\"lazy\" width=\"768\" height=\"768\" src=\"https:\/\/digitaliskonyvtar.bbmk.hu\/kszrjatek\/wp-content\/uploads\/2023\/08\/getimg_ai_img-b4dUaj8T4FGLAv8a7RU2K.png\" alt=\"\" class=\"wp-image-1069 size-full\" srcset=\"https:\/\/digitaliskonyvtar.bbmk.hu\/kszrjatek\/wp-content\/uploads\/2023\/08\/getimg_ai_img-b4dUaj8T4FGLAv8a7RU2K.png 768w, https:\/\/digitaliskonyvtar.bbmk.hu\/kszrjatek\/wp-content\/uploads\/2023\/08\/getimg_ai_img-b4dUaj8T4FGLAv8a7RU2K-300x300.png 300w, https:\/\/digitaliskonyvtar.bbmk.hu\/kszrjatek\/wp-content\/uploads\/2023\/08\/getimg_ai_img-b4dUaj8T4FGLAv8a7RU2K-150x150.png 150w\" sizes=\"(max-width: 768px) 100vw, 768px\" \/><\/figure><div class=\"wp-block-media-text__content\">\n<p class=\"has-medium-font-size\"><strong>K\u00e9sz\u00edtsetek \u00e9tlapot egy erdei \u00e1llat-\u00e9tterem sz\u00e1m\u00e1ra!<\/strong><br>Az \u00e9tlap tartalmazzon minimum 20 t\u00e9telt, k\u00f6zt\u00fck el\u0151\u00e9teleket, leveseket, f\u0151\u00e9teleket, desszerteket \u00e9s italokat is!<\/p>\n\n\n\n<p><strong>V\u00e1lasszatok ki k\u00e9t erdei \u00e1llatot, \u00e9s k\u00e9sz\u00edtsetek sz\u00e1mukra 3 fog\u00e1sb\u00f3l \u00e1ll\u00f3 men\u00fct!<\/strong><\/p>\n<\/div><\/div>\n\n\n<p><iframe loading=\"lazy\" src=\"https:\/\/dkvt.bbmk.hu\/ftolt\/\" allowfullscreen=\"allowfullscreen\" width=\"100%\" height=\"550px\" frameborder=\"0\"><\/iframe><\/p>","protected":false},"excerpt":{"rendered":"<p>\u201e Nincs m\u00e9g egy szeglete a vil\u00e1gnak, ahol annyira nyilv\u00e1nval\u00f3 lenne, mint itt, a hegyes-v\u00f6lgyes n\u00f3gr\u00e1di t\u00e1jon, hogy f\u00f6ld\u00fcnk\u00f6n sz\u00e9tv\u00e1laszthatatlanul egybe\u00e9p\u00fclt a term\u00e9szet, az emberi munka \u00e9s a t\u00f6rt\u00e9nelem\u201dR. V\u00e1rkonyi \u00c1gnes 5.\/A feladat T\u00e1pl\u00e1l\u00e9kl\u00e1nc Az \u00e9l\u0151l\u00e9nyek a t\u00e1pl\u00e1l\u00e9kl\u00e1ncban elfoglalt hely\u00fck szerint lehetnek lebont\u00f3k (bakt\u00e9riumok, gomb\u00e1k), termel\u0151k (n\u00f6v\u00e9nyek), els\u0151dleges fogyaszt\u00f3k (n\u00f6v\u00e9nyev\u0151k), m\u00e1sodlagos fogyaszt\u00f3k (ragadoz\u00f3k), s\u0151t ak\u00e1r [&hellip;]<\/p>\n","protected":false},"author":1,"featured_media":0,"parent":0,"menu_order":0,"comment_status":"closed","ping_status":"closed","template":"","meta":[],"_links":{"self":[{"href":"https:\/\/digitaliskonyvtar.bbmk.hu\/kszrjatek\/index.php\/wp-json\/wp\/v2\/pages\/1052"}],"collection":[{"href":"https:\/\/digitaliskonyvtar.bbmk.hu\/kszrjatek\/index.php\/wp-json\/wp\/v2\/pages"}],"about":[{"href":"https:\/\/digitaliskonyvtar.bbmk.hu\/kszrjatek\/index.php\/wp-json\/wp\/v2\/types\/page"}],"author":[{"embeddable":true,"href":"https:\/\/digitaliskonyvtar.bbmk.hu\/kszrjatek\/index.php\/wp-json\/wp\/v2\/users\/1"}],"replies":[{"embeddable":true,"href":"https:\/\/digitaliskonyvtar.bbmk.hu\/kszrjatek\/index.php\/wp-json\/wp\/v2\/comments?post=1052"}],"version-history":[{"count":5,"href":"https:\/\/digitaliskonyvtar.bbmk.hu\/kszrjatek\/index.php\/wp-json\/wp\/v2\/pages\/1052\/revisions"}],"predecessor-version":[{"id":1077,"href":"https:\/\/digitaliskonyvtar.bbmk.hu\/kszrjatek\/index.php\/wp-json\/wp\/v2\/pages\/1052\/revisions\/1077"}],"wp:attachment":[{"href":"https:\/\/digitaliskonyvtar.bbmk.hu\/kszrjatek\/index.php\/wp-json\/wp\/v2\/media?parent=1052"}],"curies":[{"name":"wp","href":"https:\/\/api.w.org\/{rel}","templated":true}]}}