{"id":1036,"date":"2023-07-05T06:36:26","date_gmt":"2023-07-05T06:36:26","guid":{"rendered":"https:\/\/digitaliskonyvtar.bbmk.hu\/kszrjatek\/?page_id=1036"},"modified":"2023-07-05T06:48:43","modified_gmt":"2023-07-05T06:48:43","slug":"vidra-es-kankalin-4-kaland","status":"publish","type":"page","link":"https:\/\/digitaliskonyvtar.bbmk.hu\/kszrjatek\/index.php\/vidra-es-kankalin-4-kaland\/","title":{"rendered":"Vidra \u00e9s Kankalin &#8211; 4. kaland"},"content":{"rendered":"\n<div class=\"wp-block-media-text alignwide is-stacked-on-mobile\" style=\"grid-template-columns:38% auto\"><figure class=\"wp-block-media-text__media\"><img loading=\"lazy\" width=\"1024\" height=\"724\" src=\"https:\/\/digitaliskonyvtar.bbmk.hu\/kszrjatek\/wp-content\/uploads\/2023\/04\/vidra-es-kankalin-1024x724.jpg\" alt=\"\" class=\"wp-image-953 size-full\" srcset=\"https:\/\/digitaliskonyvtar.bbmk.hu\/kszrjatek\/wp-content\/uploads\/2023\/04\/vidra-es-kankalin-1024x724.jpg 1024w, https:\/\/digitaliskonyvtar.bbmk.hu\/kszrjatek\/wp-content\/uploads\/2023\/04\/vidra-es-kankalin-300x212.jpg 300w, https:\/\/digitaliskonyvtar.bbmk.hu\/kszrjatek\/wp-content\/uploads\/2023\/04\/vidra-es-kankalin-768x543.jpg 768w, https:\/\/digitaliskonyvtar.bbmk.hu\/kszrjatek\/wp-content\/uploads\/2023\/04\/vidra-es-kankalin-1536x1086.jpg 1536w, https:\/\/digitaliskonyvtar.bbmk.hu\/kszrjatek\/wp-content\/uploads\/2023\/04\/vidra-es-kankalin.jpg 2000w\" sizes=\"(max-width: 1024px) 100vw, 1024px\" \/><\/figure><div class=\"wp-block-media-text__content\">\n<p class=\"has-text-align-right\"><em>\u201e Nincs m\u00e9g egy szeglete a vil\u00e1gnak, ahol annyira nyilv\u00e1nval\u00f3 lenne, mint itt, a hegyes-v\u00f6lgyes n\u00f3gr\u00e1di t\u00e1jon, hogy f\u00f6ld\u00fcnk\u00f6n sz\u00e9tv\u00e1laszthatatlanul egybe\u00e9p\u00fclt a term\u00e9szet, az emberi munka \u00e9s a t\u00f6rt\u00e9nelem\u201d<\/em><br>R. V\u00e1rkonyi \u00c1gnes<\/p>\n<\/div><\/div>\n\n\n\n<p class=\"has-large-font-size\"><strong>4.\/A feladat<\/strong><\/p>\n\n\n\n<p><strong><em><strong>A vizek, v\u00edzpartok \u00e9letk\u00f6z\u00f6ss\u00e9ge<\/strong><\/em><\/strong><\/p>\n\n\n\n<p>H\u00fazz\u00e1tok az \u00e9l\u0151l\u00e9nyek nev\u00e9t a megfelel\u0151 helyre!<\/p>\n\n\n\n<p class=\"has-small-font-size\"><em>(a csapatn\u00e9v megad\u00e1sa ut\u00e1n indul a j\u00e1t\u00e9k)<\/em><\/p>\n\n\n<div style=\"width: 100%;\">\n<div style=\"position: relative; padding-bottom: 56.25%; padding-top: 0; height: 0;\"><iframe loading=\"lazy\" style=\"position: absolute; top: 0; left: 0; width: 100%; height: 100%;\" title=\"Vidra \u00e9s Kankalin - 4\/A\" src=\"https:\/\/wordwall.net\/play\/58095\/629\/681\" scrolling=\"yes\" allowfullscreen=\"allowfullscreen\" width=\"1200\" height=\"675\" frameborder=\"0\"><\/iframe><\/div>\n<p><\/p>\n<\/div>\n\n\n<div style=\"height:50px\" aria-hidden=\"true\" class=\"wp-block-spacer\"><\/div>\n\n\n\n<p class=\"has-large-font-size\"><strong>4.\/B feladat<\/strong><\/p>\n\n\n\n<p><strong><em>Balatoni Barangol\u00f3<\/em><\/strong><\/p>\n\n\n\n<p>V\u00e1laszolj\u00e1tok meg a k\u00e9rd\u00e9seket helyesen, hogy megkapj\u00e1tok a bek\u00fcldend\u0151 megfejt\u00e9st!<\/p>\n\n\n<p><\/p>\n<div style=\"width: 100%;\">\n<div style=\"position: relative; padding-bottom: 56.25%; padding-top: 0; height: 0;\"><iframe loading=\"lazy\" style=\"position: absolute; top: 0; left: 0; width: 100%; height: 100%;\" title=\"Balatoni Barangol\u00f3 - Vidra \u00e9s Kankalin 4\/B\" src=\"https:\/\/view.genial.ly\/649bcd2e3cc9940014bef8a6\" scrolling=\"yes\" allowfullscreen=\"allowfullscreen\" width=\"1200\" height=\"675\" frameborder=\"0\"><\/iframe><\/div>\n<p><\/p>\n<\/div>\n\n<noscript class=\"ninja-forms-noscript-message\">\n\tNotice: JavaScript is required for this content.<\/noscript>\n<div id=\"nf-form-7-cont\" class=\"nf-form-cont\" aria-live=\"polite\" aria-labelledby=\"nf-form-title-7\" aria-describedby=\"nf-form-errors-7\" role=\"form\">\n\n    <div class=\"nf-loading-spinner\"><\/div>\n\n<\/div>\n        <!-- TODO: Move to Template File. -->\n        <script>var formDisplay=1;var nfForms=nfForms||[];var form=[];form.id='7';form.settings={\"objectType\":\"Form Setting\",\"editActive\":true,\"title\":\"Balatoni Barangol\\u00f3 (Vidra \\u00e9s Kankalin - 4. B feladat)\",\"created_at\":\"2023-07-05 08:19:57\",\"default_label_pos\":\"above\",\"show_title\":0,\"clear_complete\":\"1\",\"hide_complete\":\"1\",\"logged_in\":\"\",\"wrapper_class\":\"\",\"element_class\":\"\",\"key\":\"\",\"add_submit\":\"0\",\"changeEmailErrorMsg\":\"Please enter a valid email address!\",\"changeDateErrorMsg\":\"Please enter a valid date!\",\"confirmFieldErrorMsg\":\"These fields must match!\",\"fieldNumberNumMinError\":\"Number Min Error\",\"fieldNumberNumMaxError\":\"Number Max Error\",\"fieldNumberIncrementBy\":\"Please increment by \",\"formErrorsCorrectErrors\":\"K\\u00e9rlek jav\\u00edtsd a hib\\u00e1kat az \\u0171rlap bek\\u00fcld\\u00e9se el\\u0151tt.\",\"validateRequiredField\":\"A mez\\u0151 kit\\u00f6lt\\u00e9se k\\u00f6telez\\u0151.\",\"honeypotHoneypotError\":\"Honeypot Error\",\"fieldsMarkedRequired\":\"A *-al jel\\u00f6lt mez\\u0151k kit\\u00f6lt\\u00e9se k\\u00f6telez\\u0151\",\"currency\":\"\",\"repeatable_fieldsets\":\"\",\"unique_field\":\"0\",\"unique_field_error\":\"\",\"not_logged_in_msg\":\"\",\"sub_limit_msg\":\"The form has reached its submission limit.\",\"calculations\":[],\"formContentData\":[\"csapatnev_1680070157459\",\"megoldas_1688538106847\",\"a_csapat_e-mail_cime_1688539746165\",\"bekuldes_1688538337629\"],\"drawerDisabled\":false,\"allow_public_link\":0,\"public_link\":\"https:\\\/\\\/digitaliskonyvtar.bbmk.hu\\\/kszrjatek\\\/ninja-forms\\\/7negj\",\"embed_form\":\"\",\"form_title_heading_level\":\"3\",\"public_link_key\":\"7negj\",\"ninjaForms\":\"Ninja Forms\",\"fieldTextareaRTEInsertLink\":\"Insert Link\",\"fieldTextareaRTEInsertMedia\":\"Insert Media\",\"fieldTextareaRTESelectAFile\":\"Select a file\",\"formHoneypot\":\"If you are a human seeing this field, please leave it empty.\",\"fileUploadOldCodeFileUploadInProgress\":\"File Upload in Progress.\",\"fileUploadOldCodeFileUpload\":\"FILE UPLOAD\",\"currencySymbol\":false,\"thousands_sep\":\"&nbsp;\",\"decimal_point\":\",\",\"siteLocale\":\"hu_HU\",\"dateFormat\":\"m\\\/d\\\/Y\",\"startOfWeek\":\"1\",\"of\":\"of\",\"previousMonth\":\"Previous Month\",\"nextMonth\":\"Next Month\",\"months\":[\"January\",\"February\",\"March\",\"April\",\"May\",\"June\",\"July\",\"August\",\"September\",\"October\",\"November\",\"December\"],\"monthsShort\":[\"Jan\",\"Feb\",\"Mar\",\"Apr\",\"May\",\"Jun\",\"Jul\",\"Aug\",\"Sep\",\"Oct\",\"Nov\",\"Dec\"],\"weekdays\":[\"Sunday\",\"Monday\",\"Tuesday\",\"Wednesday\",\"Thursday\",\"Friday\",\"Saturday\"],\"weekdaysShort\":[\"Sun\",\"Mon\",\"Tue\",\"Wed\",\"Thu\",\"Fri\",\"Sat\"],\"weekdaysMin\":[\"Su\",\"Mo\",\"Tu\",\"We\",\"Th\",\"Fr\",\"Sa\"],\"recaptchaConsentMissing\":\"reCapctha validation couldn&#039;t load.\",\"recaptchaMissingCookie\":\"reCaptcha v3 validation couldn&#039;t load the cookie needed to submit the form.\",\"recaptchaConsentEvent\":\"Accept reCaptcha cookies before sending the form.\",\"currency_symbol\":\"\",\"beforeForm\":\"\",\"beforeFields\":\"\",\"afterFields\":\"\",\"afterForm\":\"\"};form.fields=[{\"objectType\":\"Field\",\"objectDomain\":\"fields\",\"editActive\":false,\"order\":1,\"idAttribute\":\"id\",\"type\":\"textbox\",\"label\":\"Csapatn\\u00e9v\",\"key\":\"csapatnev_1680070157459\",\"label_pos\":\"above\",\"required\":1,\"default\":\"\",\"placeholder\":\"\",\"container_class\":\"\",\"element_class\":\"\",\"input_limit\":\"\",\"input_limit_type\":\"characters\",\"input_limit_msg\":\"Character(s) left\",\"manual_key\":\"\",\"admin_label\":\"\",\"help_text\":\"\",\"mask\":\"\",\"custom_mask\":\"\",\"custom_name_attribute\":\"\",\"personally_identifiable\":\"\",\"value\":\"\",\"drawerDisabled\":\"\",\"field_label\":\"Csapatn\\u00e9v\",\"field_key\":\"csapatnev_1680070157459\",\"id\":34,\"beforeField\":\"\",\"afterField\":\"\",\"parentType\":\"textbox\",\"element_templates\":[\"textbox\",\"input\"],\"old_classname\":\"\",\"wrap_template\":\"wrap\"},{\"objectType\":\"Field\",\"objectDomain\":\"fields\",\"editActive\":false,\"order\":2,\"idAttribute\":\"id\",\"type\":\"textbox\",\"label\":\"Megold\\u00e1s\",\"key\":\"megoldas_1688538106847\",\"label_pos\":\"above\",\"required\":1,\"default\":\"\",\"placeholder\":\"\",\"container_class\":\"\",\"element_class\":\"\",\"input_limit\":\"\",\"input_limit_type\":\"characters\",\"input_limit_msg\":\"Character(s) left\",\"manual_key\":\"\",\"admin_label\":\"\",\"help_text\":\"\",\"mask\":\"\",\"custom_mask\":\"\",\"custom_name_attribute\":\"\",\"personally_identifiable\":\"\",\"value\":\"\",\"drawerDisabled\":false,\"field_label\":\"Telep\\u00fcl\\u00e9s neve\",\"field_key\":\"telepules_neve_1680070195919\",\"id\":35,\"beforeField\":\"\",\"afterField\":\"\",\"parentType\":\"textbox\",\"element_templates\":[\"textbox\",\"input\"],\"old_classname\":\"\",\"wrap_template\":\"wrap\"},{\"objectType\":\"Field\",\"objectDomain\":\"fields\",\"editActive\":false,\"order\":3,\"idAttribute\":\"id\",\"type\":\"email\",\"label\":\"A csapat e-mail c\\u00edme\",\"key\":\"a_csapat_e-mail_cime_1688539746165\",\"label_pos\":\"above\",\"required\":1,\"default\":\"\",\"placeholder\":\"\",\"container_class\":\"\",\"element_class\":\"\",\"admin_label\":\"\",\"help_text\":\"\",\"custom_name_attribute\":\"email\",\"personally_identifiable\":1,\"value\":\"\",\"drawerDisabled\":false,\"id\":40,\"beforeField\":\"\",\"afterField\":\"\",\"parentType\":\"email\",\"element_templates\":[\"email\",\"input\"],\"old_classname\":\"\",\"wrap_template\":\"wrap\"},{\"objectType\":\"Field\",\"objectDomain\":\"fields\",\"editActive\":false,\"order\":4,\"idAttribute\":\"id\",\"type\":\"submit\",\"label\":\"Bek\\u00fcld\\u00e9s\",\"processing_label\":\"Feldolgoz\\u00e1s...\",\"container_class\":\"\",\"element_class\":\"\",\"key\":\"bekuldes_1688538337629\",\"drawerDisabled\":false,\"field_label\":\"Regisztr\\u00e1ci\\u00f3\",\"field_key\":\"regisztracio_1680070769951\",\"id\":39,\"beforeField\":\"\",\"afterField\":\"\",\"value\":\"\",\"label_pos\":\"above\",\"parentType\":\"textbox\",\"element_templates\":[\"submit\",\"button\",\"input\"],\"old_classname\":\"\",\"wrap_template\":\"wrap-no-label\"}];nfForms.push(form);<\/script>\n        \n\n\n<div style=\"height:50px\" aria-hidden=\"true\" class=\"wp-block-spacer\"><\/div>\n\n\n\n<p class=\"has-large-font-size\"><strong>4.\/C feladat<\/strong><\/p>\n\n\n\n<p><strong><em>V\u00edzparti piknik<\/em><\/strong><\/p>\n\n\n\n<p>K\u00e9sz\u00edtsetek csapatfot\u00f3t v\u00edzparton!<\/p>\n\n\n\n<p>(Ez lehet patak, t\u00f3, foly\u00f3 vagy b\u00e1rmi m\u00e1s, a kreativit\u00e1sotokra b\u00edzva.)<\/p>\n\n\n<p><iframe loading=\"lazy\" src=\"https:\/\/dkvt.bbmk.hu\/ftolt\/\" allowfullscreen=\"allowfullscreen\" width=\"100%\" height=\"550px\" frameborder=\"0\"><\/iframe><\/p>","protected":false},"excerpt":{"rendered":"<p>\u201e Nincs m\u00e9g egy szeglete a vil\u00e1gnak, ahol annyira nyilv\u00e1nval\u00f3 lenne, mint itt, a hegyes-v\u00f6lgyes n\u00f3gr\u00e1di t\u00e1jon, hogy f\u00f6ld\u00fcnk\u00f6n sz\u00e9tv\u00e1laszthatatlanul egybe\u00e9p\u00fclt a term\u00e9szet, az emberi munka \u00e9s a t\u00f6rt\u00e9nelem\u201dR. V\u00e1rkonyi \u00c1gnes 4.\/A feladat A vizek, v\u00edzpartok \u00e9letk\u00f6z\u00f6ss\u00e9ge H\u00fazz\u00e1tok az \u00e9l\u0151l\u00e9nyek nev\u00e9t a megfelel\u0151 helyre! (a csapatn\u00e9v megad\u00e1sa ut\u00e1n indul a j\u00e1t\u00e9k) 4.\/B feladat Balatoni Barangol\u00f3 [&hellip;]<\/p>\n","protected":false},"author":1,"featured_media":0,"parent":0,"menu_order":0,"comment_status":"closed","ping_status":"closed","template":"","meta":[],"_links":{"self":[{"href":"https:\/\/digitaliskonyvtar.bbmk.hu\/kszrjatek\/index.php\/wp-json\/wp\/v2\/pages\/1036"}],"collection":[{"href":"https:\/\/digitaliskonyvtar.bbmk.hu\/kszrjatek\/index.php\/wp-json\/wp\/v2\/pages"}],"about":[{"href":"https:\/\/digitaliskonyvtar.bbmk.hu\/kszrjatek\/index.php\/wp-json\/wp\/v2\/types\/page"}],"author":[{"embeddable":true,"href":"https:\/\/digitaliskonyvtar.bbmk.hu\/kszrjatek\/index.php\/wp-json\/wp\/v2\/users\/1"}],"replies":[{"embeddable":true,"href":"https:\/\/digitaliskonyvtar.bbmk.hu\/kszrjatek\/index.php\/wp-json\/wp\/v2\/comments?post=1036"}],"version-history":[{"count":4,"href":"https:\/\/digitaliskonyvtar.bbmk.hu\/kszrjatek\/index.php\/wp-json\/wp\/v2\/pages\/1036\/revisions"}],"predecessor-version":[{"id":1043,"href":"https:\/\/digitaliskonyvtar.bbmk.hu\/kszrjatek\/index.php\/wp-json\/wp\/v2\/pages\/1036\/revisions\/1043"}],"wp:attachment":[{"href":"https:\/\/digitaliskonyvtar.bbmk.hu\/kszrjatek\/index.php\/wp-json\/wp\/v2\/media?parent=1036"}],"curies":[{"name":"wp","href":"https:\/\/api.w.org\/{rel}","templated":true}]}}