{"id":1022,"date":"2023-06-14T07:50:12","date_gmt":"2023-06-14T07:50:12","guid":{"rendered":"https:\/\/digitaliskonyvtar.bbmk.hu\/kszrjatek\/?page_id=1022"},"modified":"2023-06-16T07:31:31","modified_gmt":"2023-06-16T07:31:31","slug":"vidra-es-kankalin-3-kaland","status":"publish","type":"page","link":"https:\/\/digitaliskonyvtar.bbmk.hu\/kszrjatek\/index.php\/vidra-es-kankalin-3-kaland\/","title":{"rendered":"Vidra \u00e9s Kankalin &#8211; 3. kaland"},"content":{"rendered":"\n<div class=\"wp-block-media-text alignwide is-stacked-on-mobile\" style=\"grid-template-columns:38% auto\"><figure class=\"wp-block-media-text__media\"><img loading=\"lazy\" width=\"1024\" height=\"724\" src=\"https:\/\/digitaliskonyvtar.bbmk.hu\/kszrjatek\/wp-content\/uploads\/2023\/04\/vidra-es-kankalin-1024x724.jpg\" alt=\"\" class=\"wp-image-953 size-full\" srcset=\"https:\/\/digitaliskonyvtar.bbmk.hu\/kszrjatek\/wp-content\/uploads\/2023\/04\/vidra-es-kankalin-1024x724.jpg 1024w, https:\/\/digitaliskonyvtar.bbmk.hu\/kszrjatek\/wp-content\/uploads\/2023\/04\/vidra-es-kankalin-300x212.jpg 300w, https:\/\/digitaliskonyvtar.bbmk.hu\/kszrjatek\/wp-content\/uploads\/2023\/04\/vidra-es-kankalin-768x543.jpg 768w, https:\/\/digitaliskonyvtar.bbmk.hu\/kszrjatek\/wp-content\/uploads\/2023\/04\/vidra-es-kankalin-1536x1086.jpg 1536w, https:\/\/digitaliskonyvtar.bbmk.hu\/kszrjatek\/wp-content\/uploads\/2023\/04\/vidra-es-kankalin.jpg 2000w\" sizes=\"(max-width: 1024px) 100vw, 1024px\" \/><\/figure><div class=\"wp-block-media-text__content\">\n<p class=\"has-text-align-right\"><em>\u201e Nincs m\u00e9g egy szeglete a vil\u00e1gnak, ahol annyira nyilv\u00e1nval\u00f3 lenne, mint itt, a hegyes-v\u00f6lgyes n\u00f3gr\u00e1di t\u00e1jon, hogy f\u00f6ld\u00fcnk\u00f6n sz\u00e9tv\u00e1laszthatatlanul egybe\u00e9p\u00fclt a term\u00e9szet, az emberi munka \u00e9s a t\u00f6rt\u00e9nelem\u201d<\/em><br>R. V\u00e1rkonyi \u00c1gnes<\/p>\n<\/div><\/div>\n\n\n\n<p class=\"has-large-font-size\"><strong>3.\/A feladat<\/strong><\/p>\n\n\n\n<p><em><strong>Vidra: a vizek \u0151re<\/strong><\/em><\/p>\n\n\n\n<p>J\u00e1t\u00e9kunk c\u00edm\u00e9ben is megtal\u00e1lhat\u00f3 az az eml\u0151s, amely a sz\u00e1razf\u00f6ld\u00f6n \u00e9s a v\u00edzben is egyar\u00e1nt j\u00f3l \u00e9rzi mag\u00e1t! Ismerj\u00fck meg!<\/p>\n\n\n\n<p class=\"has-small-font-size\"><em>(a csapatn\u00e9v megad\u00e1sa ut\u00e1n indul a j\u00e1t\u00e9k)<\/em><\/p>\n\n\n<div style=\"width: 100%;\">\n<div style=\"position: relative; padding-bottom: 56.25%; padding-top: 0; height: 0;\"><iframe loading=\"lazy\" style=\"position: absolute; top: 0; left: 0; width: 100%; height: 100%;\" title=\"Vidra \u00e9s Kankalin - 3\/A\" src=\"https:\/\/wordwall.net\/embed\/play\/57533\/019\/713\" scrolling=\"yes\" allowfullscreen=\"allowfullscreen\" width=\"1200\" height=\"675\" frameborder=\"0\"><\/iframe><\/div>\n<p><\/p>\n<\/div>\n\n\n<div style=\"height:50px\" aria-hidden=\"true\" class=\"wp-block-spacer\"><\/div>\n\n\n\n<p class=\"has-large-font-size\"><strong>3.\/B feladat<\/strong><\/p>\n\n\n\n<p><em><strong>Reg\u00e9nyes term\u00e9szetismeret<\/strong><\/em><\/p>\n\n\n\n<p>\u00cdrjatok r\u00f6vid (max. 15-20 mondatos), \u00e9rdekes t\u00f6rt\u00e9netet a term\u00e9szet lak\u00f3ir\u00f3l!<\/p>\n\n\n<p><iframe loading=\"lazy\" src=\"https:\/\/dkvt.bbmk.hu\/ftolt\/\" allowfullscreen=\"allowfullscreen\" width=\"100%\" height=\"550px\" frameborder=\"0\"><\/iframe><\/p>\n\n\n<p><\/p>\n\n\n\n<p class=\"has-large-font-size\"><strong>3.\/C feladat<\/strong><\/p>\n\n\n\n<p><strong><em>Term\u00e9szetlak\u00f3k&nbsp;k\u00e9pekben<\/em><\/strong><\/p>\n\n\n\n<p>Illusztr\u00e1lj\u00e1tok a meg\u00edrt t\u00f6rt\u00e9netet, alkossatok bel\u0151le k\u00e9preg\u00e9nyt!<br>(max. 10 k\u00e9pkocka)<\/p>\n\n\n<p><iframe loading=\"lazy\" src=\"https:\/\/dkvt.bbmk.hu\/ftolt\/\" allowfullscreen=\"allowfullscreen\" width=\"100%\" height=\"550px\" frameborder=\"0\"><\/iframe><\/p>","protected":false},"excerpt":{"rendered":"<p>\u201e Nincs m\u00e9g egy szeglete a vil\u00e1gnak, ahol annyira nyilv\u00e1nval\u00f3 lenne, mint itt, a hegyes-v\u00f6lgyes n\u00f3gr\u00e1di t\u00e1jon, hogy f\u00f6ld\u00fcnk\u00f6n sz\u00e9tv\u00e1laszthatatlanul egybe\u00e9p\u00fclt a term\u00e9szet, az emberi munka \u00e9s a t\u00f6rt\u00e9nelem\u201dR. V\u00e1rkonyi \u00c1gnes 3.\/A feladat Vidra: a vizek \u0151re J\u00e1t\u00e9kunk c\u00edm\u00e9ben is megtal\u00e1lhat\u00f3 az az eml\u0151s, amely a sz\u00e1razf\u00f6ld\u00f6n \u00e9s a v\u00edzben is egyar\u00e1nt j\u00f3l \u00e9rzi mag\u00e1t! [&hellip;]<\/p>\n","protected":false},"author":1,"featured_media":0,"parent":0,"menu_order":0,"comment_status":"closed","ping_status":"closed","template":"","meta":[],"_links":{"self":[{"href":"https:\/\/digitaliskonyvtar.bbmk.hu\/kszrjatek\/index.php\/wp-json\/wp\/v2\/pages\/1022"}],"collection":[{"href":"https:\/\/digitaliskonyvtar.bbmk.hu\/kszrjatek\/index.php\/wp-json\/wp\/v2\/pages"}],"about":[{"href":"https:\/\/digitaliskonyvtar.bbmk.hu\/kszrjatek\/index.php\/wp-json\/wp\/v2\/types\/page"}],"author":[{"embeddable":true,"href":"https:\/\/digitaliskonyvtar.bbmk.hu\/kszrjatek\/index.php\/wp-json\/wp\/v2\/users\/1"}],"replies":[{"embeddable":true,"href":"https:\/\/digitaliskonyvtar.bbmk.hu\/kszrjatek\/index.php\/wp-json\/wp\/v2\/comments?post=1022"}],"version-history":[{"count":3,"href":"https:\/\/digitaliskonyvtar.bbmk.hu\/kszrjatek\/index.php\/wp-json\/wp\/v2\/pages\/1022\/revisions"}],"predecessor-version":[{"id":1032,"href":"https:\/\/digitaliskonyvtar.bbmk.hu\/kszrjatek\/index.php\/wp-json\/wp\/v2\/pages\/1022\/revisions\/1032"}],"wp:attachment":[{"href":"https:\/\/digitaliskonyvtar.bbmk.hu\/kszrjatek\/index.php\/wp-json\/wp\/v2\/media?parent=1022"}],"curies":[{"name":"wp","href":"https:\/\/api.w.org\/{rel}","templated":true}]}}